{"id":2940,"date":"2016-10-28T11:13:41","date_gmt":"2016-10-28T09:13:41","guid":{"rendered":"http:\/\/wp4.kartes.lv\/lv\/product\/maza-igaunijas-autocelu-karte\/"},"modified":"2026-03-28T18:04:56","modified_gmt":"2026-03-28T16:04:56","slug":"maza-igaunijas-autocelu-karte","status":"publish","type":"product","link":"https:\/\/www.kartes.lv\/lv\/product\/maza-igaunijas-autocelu-karte\/","title":{"rendered":"Igaunija. Maz\u0101 autoce\u013cu karte"},"content":{"rendered":"<p>Igaunijas autoce\u013cu karte m\u0113rog\u0101 1:1 000 000 ar Tallinas (m\u0113rogs 1:100 000), Kohtla-Jerves, Kures\u0101res, Narvas, P\u0113rnavas, Rakveres, Tartu, Valgas un V\u012blandes (m\u0113rogs 1:50 000) pils\u0113tu pl\u0101niem.<\/p>\n<p>\u0160is izdevums paredz\u0113ts tiem, kam klasisk\u0101 Igaunijas autoce\u013cu karte ir vai nu p\u0101r\u0101k liela, vai p\u0101r\u0101k smalka. Kartes form\u0101ts atbilst kabatas izm\u0113ram! Ja j\u016bs v\u0113laties aizbraukt no Tallinas uz Narvu, tad ar mazo Igaunijas autoce\u013cu karti b\u016bs piln\u012bgi pietiekami.<\/p>\n<p>Neskatoties uz kartes izm\u0113riem, t\u0101s saturs ir visnota\u013c apjom\u012bgs: sam\u0113r\u0101 det\u0101ls autoce\u013cu t\u012bkls ar att\u0101luma nor\u0101d\u0113m starp noz\u012bm\u012bg\u0101kajiem ce\u013cu krustojumiem, dzelzce\u013ca un pr\u0101mju satiksmes l\u012bnijas, robe\u017eas p\u0101rejas punkti, nacion\u0101lie parki, k\u0101 ar\u012b r\u016bp\u012bgi klasific\u0113tas apdz\u012bvot\u0101s vietas.<\/p>","protected":false},"excerpt":{"rendered":"<p>2010. gada izdevums<br \/>\nM\u0113rogs 1:1 000 000<br \/>\nIzm\u0113rs 49 x 32 cm \/ 16 \u0445 18,2 cm loc\u012bta<\/p>\n<p>EAN: 9789984074375<\/p>\n","protected":false},"featured_media":5712,"comment_status":"closed","ping_status":"closed","template":"","meta":[],"product_brand":[],"product_cat":[7,11,132],"product_tag":[],"class_list":{"0":"post-2940","1":"product","2":"type-product","3":"status-publish","4":"has-post-thumbnail","6":"product_cat-kartes-atlanti-celvezi","7":"product_cat-baltijas-kartes","8":"product_cat-pedejie-eksemplari","10":"first","11":"instock","12":"taxable","13":"shipping-taxable","14":"purchasable","15":"product-type-simple"},"_links":{"self":[{"href":"https:\/\/www.kartes.lv\/lv\/wp-json\/wp\/v2\/product\/2940","targetHints":{"allow":["GET"]}}],"collection":[{"href":"https:\/\/www.kartes.lv\/lv\/wp-json\/wp\/v2\/product"}],"about":[{"href":"https:\/\/www.kartes.lv\/lv\/wp-json\/wp\/v2\/types\/product"}],"replies":[{"embeddable":true,"href":"https:\/\/www.kartes.lv\/lv\/wp-json\/wp\/v2\/comments?post=2940"}],"wp:featuredmedia":[{"embeddable":true,"href":"https:\/\/www.kartes.lv\/lv\/wp-json\/wp\/v2\/media\/5712"}],"wp:attachment":[{"href":"https:\/\/www.kartes.lv\/lv\/wp-json\/wp\/v2\/media?parent=2940"}],"wp:term":[{"taxonomy":"product_brand","embeddable":true,"href":"https:\/\/www.kartes.lv\/lv\/wp-json\/wp\/v2\/product_brand?post=2940"},{"taxonomy":"product_cat","embeddable":true,"href":"https:\/\/www.kartes.lv\/lv\/wp-json\/wp\/v2\/product_cat?post=2940"},{"taxonomy":"product_tag","embeddable":true,"href":"https:\/\/www.kartes.lv\/lv\/wp-json\/wp\/v2\/product_tag?post=2940"}],"curies":[{"name":"wp","href":"https:\/\/api.w.org\/{rel}","templated":true}]}}