{"id":2945,"date":"2016-10-28T11:13:42","date_gmt":"2016-10-28T09:13:42","guid":{"rendered":"http:\/\/wp4.kartes.lv\/lv\/product\/austrija\/"},"modified":"2025-08-01T09:43:55","modified_gmt":"2025-08-01T06:43:55","slug":"austrija","status":"publish","type":"product","link":"https:\/\/www.kartes.lv\/lv\/product\/austrija\/","title":{"rendered":"Austrija. Autoce\u013cu karte"},"content":{"rendered":"<p>Austrijas autoce\u013cu karte m\u0113rog\u0101 1:300 000. Karte izdota sadarb\u012bb\u0101 ar austrie\u0161u kartogr\u0101fiem.<\/p>","protected":false},"excerpt":{"rendered":"<p>2018. gada izdevums<br \/>\nM\u0113rogs 1:300 000<br \/>\nIzm\u0113rs 22,5 x 12,5 cm loc\u012bta<br \/>\nCietais v\u0101ci\u0146\u0161<\/p>\n<p>EAN: 9789984074856<\/p>\n","protected":false},"featured_media":5652,"comment_status":"closed","ping_status":"closed","template":"","meta":[],"product_brand":[],"product_cat":[7,9],"product_tag":[],"class_list":{"0":"post-2945","1":"product","2":"type-product","3":"status-publish","4":"has-post-thumbnail","6":"product_cat-kartes-atlanti-celvezi","7":"product_cat-eiropas-kartes","9":"first","10":"instock","11":"taxable","12":"shipping-taxable","13":"purchasable","14":"product-type-simple"},"_links":{"self":[{"href":"https:\/\/www.kartes.lv\/lv\/wp-json\/wp\/v2\/product\/2945","targetHints":{"allow":["GET"]}}],"collection":[{"href":"https:\/\/www.kartes.lv\/lv\/wp-json\/wp\/v2\/product"}],"about":[{"href":"https:\/\/www.kartes.lv\/lv\/wp-json\/wp\/v2\/types\/product"}],"replies":[{"embeddable":true,"href":"https:\/\/www.kartes.lv\/lv\/wp-json\/wp\/v2\/comments?post=2945"}],"wp:featuredmedia":[{"embeddable":true,"href":"https:\/\/www.kartes.lv\/lv\/wp-json\/wp\/v2\/media\/5652"}],"wp:attachment":[{"href":"https:\/\/www.kartes.lv\/lv\/wp-json\/wp\/v2\/media?parent=2945"}],"wp:term":[{"taxonomy":"product_brand","embeddable":true,"href":"https:\/\/www.kartes.lv\/lv\/wp-json\/wp\/v2\/product_brand?post=2945"},{"taxonomy":"product_cat","embeddable":true,"href":"https:\/\/www.kartes.lv\/lv\/wp-json\/wp\/v2\/product_cat?post=2945"},{"taxonomy":"product_tag","embeddable":true,"href":"https:\/\/www.kartes.lv\/lv\/wp-json\/wp\/v2\/product_tag?post=2945"}],"curies":[{"name":"wp","href":"https:\/\/api.w.org\/{rel}","templated":true}]}}