{"id":2976,"date":"2016-10-28T11:13:51","date_gmt":"2016-10-28T09:13:51","guid":{"rendered":"http:\/\/wp4.kartes.lv\/lv\/product\/latvijas-autocelu-sienas-karte\/"},"modified":"2025-08-04T12:24:55","modified_gmt":"2025-08-04T09:24:55","slug":"latvijas-autoceli-sienas-karte","status":"publish","type":"product","link":"https:\/\/www.kartes.lv\/lv\/product\/latvijas-autoceli-sienas-karte\/","title":{"rendered":"Latvijas autoce\u013cu sienas karte"},"content":{"rendered":"<p>Latvijas autoce\u013cu sienas karte ir liel\u0101k\u0101 un detaliz\u0113t\u0101k\u0101 karte par Latvijas teritoriju, k\u0101du ir iesp\u0113jams ieg\u0101d\u0101ties.<\/p>\n<p>Univers\u0101la sienas karte, kur\u0101 atrodama ikdienas darbam nepiecie\u0161am\u0101k\u0101 inform\u0101cija par Latvijas teritoriju: autoce\u013ci, apdz\u012bvot\u0101s vietas, administrat\u012bvais iedal\u012bjums, zemes lietojums. Kart\u0113 aptverta ar\u012b sam\u0113r\u0101 liela Latvijai piegulo\u0161\u0101 Lietuvas un Igaunijas teritorija.<\/p>\n<p>Karte veidota par pamatu \u0146emot popul\u0101r\u0101ko Latvijas autoce\u013cu karti m\u0113rog\u0101 1:500 000.<\/p>\n<p><!--StartFragment --><\/p>\n<p class=\"pf0\"><em><span class=\"cf0\">Ja v\u0113laties \u0161o karti cit\u0101 izm\u0113r\u0101 vai uz cita veida materi\u0101la (abpus\u0113ji lamin\u0113tu, uzdruk\u0101tu uz plastik\u0101ta, ier\u0101m\u0113tu), papildu inform\u0101cijai l\u016bdzam zvan\u012bt pa t\u0101lruni\u00a0<\/span><strong><span class=\"cf1\">67317540<\/span><\/strong><span class=\"cf0\"><strong>\u00a0<\/strong>vai rakst\u012bt uz e-pastu:\u00a0<\/span><strong><span class=\"cf1\">kartes@kartes.lv<\/span><\/strong><span class=\"cf0\">.<\/span><\/em><\/p>\n<p><!--EndFragment --><\/p>","protected":false},"excerpt":{"rendered":"<p>M\u0113rogs 1: 400 000<\/p>\n<p>Izdrukas izm\u0113rs 123,4 x 87,4 cm<\/p>\n<p>vai<\/p>\n<p>M\u0113rogs 1: 200 000<\/p>\n<p>Izdrukas izm\u0113rs 235 x 140 cm<\/p>\n<p><strong>Pieejama p\u0113c pas\u016bt\u012bjuma<\/strong>, izgatavojam 2-3 darba dienu laik\u0101.<\/p>\n","protected":false},"featured_media":5313,"comment_status":"closed","ping_status":"closed","template":"","meta":[],"product_brand":[],"product_cat":[13],"product_tag":[],"class_list":{"0":"post-2976","1":"product","2":"type-product","3":"status-publish","4":"has-post-thumbnail","6":"product_cat-sienas-kartes","7":"product_shipping_class-slug","9":"first","10":"instock","11":"taxable","12":"shipping-taxable","13":"purchasable","14":"product-type-variable"},"_links":{"self":[{"href":"https:\/\/www.kartes.lv\/lv\/wp-json\/wp\/v2\/product\/2976","targetHints":{"allow":["GET"]}}],"collection":[{"href":"https:\/\/www.kartes.lv\/lv\/wp-json\/wp\/v2\/product"}],"about":[{"href":"https:\/\/www.kartes.lv\/lv\/wp-json\/wp\/v2\/types\/product"}],"replies":[{"embeddable":true,"href":"https:\/\/www.kartes.lv\/lv\/wp-json\/wp\/v2\/comments?post=2976"}],"wp:featuredmedia":[{"embeddable":true,"href":"https:\/\/www.kartes.lv\/lv\/wp-json\/wp\/v2\/media\/5313"}],"wp:attachment":[{"href":"https:\/\/www.kartes.lv\/lv\/wp-json\/wp\/v2\/media?parent=2976"}],"wp:term":[{"taxonomy":"product_brand","embeddable":true,"href":"https:\/\/www.kartes.lv\/lv\/wp-json\/wp\/v2\/product_brand?post=2976"},{"taxonomy":"product_cat","embeddable":true,"href":"https:\/\/www.kartes.lv\/lv\/wp-json\/wp\/v2\/product_cat?post=2976"},{"taxonomy":"product_tag","embeddable":true,"href":"https:\/\/www.kartes.lv\/lv\/wp-json\/wp\/v2\/product_tag?post=2976"}],"curies":[{"name":"wp","href":"https:\/\/api.w.org\/{rel}","templated":true}]}}