{"id":2995,"date":"2016-10-28T11:13:58","date_gmt":"2016-10-28T09:13:58","guid":{"rendered":"http:\/\/wp4.kartes.lv\/lv\/product\/eiropa\/"},"modified":"2026-02-09T11:01:14","modified_gmt":"2026-02-09T09:01:14","slug":"eiropa-celu-karte-auto","status":"publish","type":"product","link":"https:\/\/www.kartes.lv\/lv\/product\/eiropa-celu-karte-auto\/","title":{"rendered":"Eiropa. Ce\u013cu karte"},"content":{"rendered":"<p>Piln\u012bb\u0101 atjaunota kartes pamatne &#8211; inform\u0101cija par Eiropas ce\u013cu t\u012bklu, Eiropas ce\u013cu numer\u0101cija un att\u0101lumi.<\/p>\n<p>Atjaunoti pr\u0101mju l\u012bniju mar\u0161ruti (it sevi\u0161\u0137i Baltijas un Melnaj\u0101 j\u016br\u0101).<\/p>\n<p>Karti papildina tabula par att\u0101lumu starp Eiropas liel\u0101kaj\u0101m pils\u0113t\u0101m.<\/p>\n<p>&nbsp;<\/p>\n<p>&nbsp;<\/p>","protected":false},"excerpt":{"rendered":"<p><strong>2026. gada izdevums<\/strong><\/p>\n<p>M\u0113rogs 1:5 000 000<\/p>\n<p>Izm\u0113rs 69 x 92 cm \/ loc\u012bts\u00a012,5 x 24 cm<\/p>\n<p>EAN: 9789984074016<\/p>\n","protected":false},"featured_media":30128,"comment_status":"closed","ping_status":"closed","template":"","meta":[],"product_brand":[],"product_cat":[7,9],"product_tag":[],"class_list":{"0":"post-2995","1":"product","2":"type-product","3":"status-publish","4":"has-post-thumbnail","6":"product_cat-kartes-atlanti-celvezi","7":"product_cat-eiropas-kartes","9":"first","10":"instock","11":"taxable","12":"shipping-taxable","13":"purchasable","14":"product-type-simple"},"_links":{"self":[{"href":"https:\/\/www.kartes.lv\/lv\/wp-json\/wp\/v2\/product\/2995","targetHints":{"allow":["GET"]}}],"collection":[{"href":"https:\/\/www.kartes.lv\/lv\/wp-json\/wp\/v2\/product"}],"about":[{"href":"https:\/\/www.kartes.lv\/lv\/wp-json\/wp\/v2\/types\/product"}],"replies":[{"embeddable":true,"href":"https:\/\/www.kartes.lv\/lv\/wp-json\/wp\/v2\/comments?post=2995"}],"wp:featuredmedia":[{"embeddable":true,"href":"https:\/\/www.kartes.lv\/lv\/wp-json\/wp\/v2\/media\/30128"}],"wp:attachment":[{"href":"https:\/\/www.kartes.lv\/lv\/wp-json\/wp\/v2\/media?parent=2995"}],"wp:term":[{"taxonomy":"product_brand","embeddable":true,"href":"https:\/\/www.kartes.lv\/lv\/wp-json\/wp\/v2\/product_brand?post=2995"},{"taxonomy":"product_cat","embeddable":true,"href":"https:\/\/www.kartes.lv\/lv\/wp-json\/wp\/v2\/product_cat?post=2995"},{"taxonomy":"product_tag","embeddable":true,"href":"https:\/\/www.kartes.lv\/lv\/wp-json\/wp\/v2\/product_tag?post=2995"}],"curies":[{"name":"wp","href":"https:\/\/api.w.org\/{rel}","templated":true}]}}