{"id":3001,"date":"2016-10-28T11:13:59","date_gmt":"2016-10-28T09:13:59","guid":{"rendered":"http:\/\/wp4.kartes.lv\/lv\/product\/vacija\/"},"modified":"2026-04-02T01:00:01","modified_gmt":"2026-04-01T22:00:01","slug":"vacija","status":"publish","type":"product","link":"https:\/\/www.kartes.lv\/lv\/product\/vacija\/","title":{"rendered":"V\u0101cija. Autoce\u013cu karte"},"content":{"rendered":"<p>Cietie v\u0101ci\u0146i, nosaukumu r\u0101d\u012bt\u0101ju gr\u0101mati\u0146a ar liel\u0101ko pils\u0113tu pl\u0101niem.<br \/>\nKarte izdota sadarb\u012bb\u0101 ar izdevniec\u012bbas Freytag&amp;Berndt kartogr\u0101fiem.<\/p>","protected":false},"excerpt":{"rendered":"<p>2014. gada izdevums<\/p>\n<p>M\u0113rogs 1: 700 000<\/p>\n<p>Cietie v\u0101ci\u0146i<\/p>\n<p>EAN: 9789984074870<\/p>\n","protected":false},"featured_media":5658,"comment_status":"closed","ping_status":"closed","template":"","meta":[],"product_brand":[],"product_cat":[7,9,129],"product_tag":[],"class_list":{"0":"post-3001","1":"product","2":"type-product","3":"status-publish","4":"has-post-thumbnail","6":"product_cat-kartes-atlanti-celvezi","7":"product_cat-eiropas-kartes","8":"product_cat-akcija","10":"first","11":"instock","12":"taxable","13":"shipping-taxable","14":"purchasable","15":"product-type-simple"},"_links":{"self":[{"href":"https:\/\/www.kartes.lv\/lv\/wp-json\/wp\/v2\/product\/3001","targetHints":{"allow":["GET"]}}],"collection":[{"href":"https:\/\/www.kartes.lv\/lv\/wp-json\/wp\/v2\/product"}],"about":[{"href":"https:\/\/www.kartes.lv\/lv\/wp-json\/wp\/v2\/types\/product"}],"replies":[{"embeddable":true,"href":"https:\/\/www.kartes.lv\/lv\/wp-json\/wp\/v2\/comments?post=3001"}],"wp:featuredmedia":[{"embeddable":true,"href":"https:\/\/www.kartes.lv\/lv\/wp-json\/wp\/v2\/media\/5658"}],"wp:attachment":[{"href":"https:\/\/www.kartes.lv\/lv\/wp-json\/wp\/v2\/media?parent=3001"}],"wp:term":[{"taxonomy":"product_brand","embeddable":true,"href":"https:\/\/www.kartes.lv\/lv\/wp-json\/wp\/v2\/product_brand?post=3001"},{"taxonomy":"product_cat","embeddable":true,"href":"https:\/\/www.kartes.lv\/lv\/wp-json\/wp\/v2\/product_cat?post=3001"},{"taxonomy":"product_tag","embeddable":true,"href":"https:\/\/www.kartes.lv\/lv\/wp-json\/wp\/v2\/product_tag?post=3001"}],"curies":[{"name":"wp","href":"https:\/\/api.w.org\/{rel}","templated":true}]}}