{"id":3007,"date":"2016-10-28T11:14:01","date_gmt":"2016-10-28T09:14:01","guid":{"rendered":"http:\/\/wp4.kartes.lv\/lv\/product\/veice\/"},"modified":"2026-04-13T09:49:36","modified_gmt":"2026-04-13T06:49:36","slug":"veice","status":"publish","type":"product","link":"https:\/\/www.kartes.lv\/lv\/product\/veice\/","title":{"rendered":"\u0160veice. Autoce\u013cu karte"},"content":{"rendered":"<p>Karte izdota sadarb\u012bb\u0101 ar izdevniec\u012bbas Freytag&amp;Berndt kartogr\u0101fiem.<\/p>","protected":false},"excerpt":{"rendered":"<p>Nosaukumu r\u0101d\u012bt\u0101ju gr\u0101mati\u0146a ar liel\u0101ko pils\u0113tu pl\u0101niem.<\/p>\n<p>M\u0113rogs 1:400 000<\/p>\n<p>Izm\u0113rs 69 x 94 cm \/ 12,5 x 24 cm saloc\u012bta<\/p>\n<p>Cietie v\u0101ci\u0146i<\/p>\n<p>EAN: 9789984075259<\/p>\n","protected":false},"featured_media":5659,"comment_status":"closed","ping_status":"closed","template":"","meta":[],"product_brand":[],"product_cat":[7,9],"product_tag":[],"class_list":{"0":"post-3007","1":"product","2":"type-product","3":"status-publish","4":"has-post-thumbnail","6":"product_cat-kartes-atlanti-celvezi","7":"product_cat-eiropas-kartes","9":"first","10":"instock","11":"taxable","12":"shipping-taxable","13":"purchasable","14":"product-type-simple"},"_links":{"self":[{"href":"https:\/\/www.kartes.lv\/lv\/wp-json\/wp\/v2\/product\/3007","targetHints":{"allow":["GET"]}}],"collection":[{"href":"https:\/\/www.kartes.lv\/lv\/wp-json\/wp\/v2\/product"}],"about":[{"href":"https:\/\/www.kartes.lv\/lv\/wp-json\/wp\/v2\/types\/product"}],"replies":[{"embeddable":true,"href":"https:\/\/www.kartes.lv\/lv\/wp-json\/wp\/v2\/comments?post=3007"}],"wp:featuredmedia":[{"embeddable":true,"href":"https:\/\/www.kartes.lv\/lv\/wp-json\/wp\/v2\/media\/5659"}],"wp:attachment":[{"href":"https:\/\/www.kartes.lv\/lv\/wp-json\/wp\/v2\/media?parent=3007"}],"wp:term":[{"taxonomy":"product_brand","embeddable":true,"href":"https:\/\/www.kartes.lv\/lv\/wp-json\/wp\/v2\/product_brand?post=3007"},{"taxonomy":"product_cat","embeddable":true,"href":"https:\/\/www.kartes.lv\/lv\/wp-json\/wp\/v2\/product_cat?post=3007"},{"taxonomy":"product_tag","embeddable":true,"href":"https:\/\/www.kartes.lv\/lv\/wp-json\/wp\/v2\/product_tag?post=3007"}],"curies":[{"name":"wp","href":"https:\/\/api.w.org\/{rel}","templated":true}]}}