{"id":3009,"date":"2016-10-28T11:14:01","date_gmt":"2016-10-28T09:14:01","guid":{"rendered":"http:\/\/wp4.kartes.lv\/lv\/product\/norvegija\/"},"modified":"2026-04-02T01:00:01","modified_gmt":"2026-04-01T22:00:01","slug":"norvegija","status":"publish","type":"product","link":"https:\/\/www.kartes.lv\/lv\/product\/norvegija\/","title":{"rendered":"Norv\u0113\u0123ija. Autoce\u013cu karte"},"content":{"rendered":"<p><\/p>\n<div class=\"flex basis-auto flex-col -mb-(--composer-overlap-px) [--composer-overlap-px:55px] grow overflow-hidden\">\n<div class=\"relative h-full\">\n<div class=\"flex h-full flex-col overflow-y-auto [scrollbar-gutter:stable_both-edges] @[84rem]\/thread:pt-(--header-height)\">\n<div class=\"@thread-xl\/thread:pt-header-height flex flex-col text-sm pb-25\">\n<article class=\"text-token-text-primary w-full focus:outline-none scroll-mt-[calc(var(--header-height)+min(200px,max(70px,20svh)))]\" dir=\"auto\" data-testid=\"conversation-turn-16\" data-scroll-anchor=\"true\" data-turn=\"assistant\">\n<div class=\"text-base my-auto mx-auto pb-10 [--thread-content-margin:--spacing(4)] @[37rem]:[--thread-content-margin:--spacing(6)] @[72rem]:[--thread-content-margin:--spacing(16)] px-(--thread-content-margin)\">\n<div class=\"[--thread-content-max-width:32rem] @[34rem]:[--thread-content-max-width:40rem] @[64rem]:[--thread-content-max-width:48rem] mx-auto max-w-(--thread-content-max-width) flex-1 group\/turn-messages focus-visible:outline-hidden relative flex w-full min-w-0 flex-col agent-turn\">\n<div class=\"flex max-w-full flex-col grow\">\n<div class=\"min-h-8 text-message relative flex w-full flex-col items-end gap-2 text-start break-words whitespace-normal [.text-message+&amp;]:mt-5\" dir=\"auto\" data-message-author-role=\"assistant\" data-message-id=\"2abaf4db-335e-4d89-b5b1-ab5ada92cbdf\" data-message-model-slug=\"gpt-4o\">\n<div class=\"flex w-full flex-col gap-1 empty:hidden first:pt-[3px]\">\n<div class=\"markdown prose dark:prose-invert w-full break-words dark\">\n<p data-start=\"592\" data-end=\"1149\" data-is-last-node=\"\" data-is-only-node=\"\">Norv\u0113\u0123ijas kart\u0113 att\u0113lots detaliz\u0113tu autoce\u013cu t\u012bkls ar att\u0101lumiem starp galvenajiem ce\u013cu krustojumiem, k\u0101 ar\u012b visi pr\u0101mju mar\u0161ruti un robe\u017e\u0161\u0137\u0113rso\u0161anas punkti. Pateicoties skaidri struktur\u0113tai apdz\u012bvoto vietu klasifik\u0101cijai, kart\u0113 viegli atrodami gan liel\u0101kie pils\u0113tu centri, gan nelieli lauku ciemati. Kart\u0113 sniegta ar\u012b inform\u0101cija par da\u017e\u0101diem t\u016brisma un pakalpojumu objektiem, nacion\u0101lajiem parkiem, apdz\u012bvot\u0101m viet\u0101m, dzelzce\u013ca l\u012bnij\u0101m, me\u017eiem un purviem. Reljefs att\u0113lots ar \u0113nojumu. Kartei pievienots ar\u012b apdz\u012bvoto vietu alfab\u0113tiskais r\u0101d\u012bt\u0101js.<\/p>\n<\/div>\n<\/div>\n<\/div>\n<\/div>\n<\/div>\n<\/div>\n<\/article>\n<\/div>\n<\/div>\n<\/div>\n<\/div>\n<p><\/p>","protected":false},"excerpt":{"rendered":"<p>2016. gada izdevums<br \/>\nM\u0113rogs 1:1 200 000<br \/>\nIzm\u0113rs 69 x 94 cm \/ 12,5 x 24 cm saloc\u012bta<\/p>\n<p>Cietie v\u0101ci\u0146i<\/p>\n<p>EAN: 9789984074597<\/p>\n","protected":false},"featured_media":5654,"comment_status":"closed","ping_status":"closed","template":"","meta":[],"product_brand":[],"product_cat":[7,9,129],"product_tag":[],"class_list":{"0":"post-3009","1":"product","2":"type-product","3":"status-publish","4":"has-post-thumbnail","6":"product_cat-kartes-atlanti-celvezi","7":"product_cat-eiropas-kartes","8":"product_cat-akcija","10":"first","11":"instock","12":"taxable","13":"shipping-taxable","14":"purchasable","15":"product-type-simple"},"_links":{"self":[{"href":"https:\/\/www.kartes.lv\/lv\/wp-json\/wp\/v2\/product\/3009","targetHints":{"allow":["GET"]}}],"collection":[{"href":"https:\/\/www.kartes.lv\/lv\/wp-json\/wp\/v2\/product"}],"about":[{"href":"https:\/\/www.kartes.lv\/lv\/wp-json\/wp\/v2\/types\/product"}],"replies":[{"embeddable":true,"href":"https:\/\/www.kartes.lv\/lv\/wp-json\/wp\/v2\/comments?post=3009"}],"wp:featuredmedia":[{"embeddable":true,"href":"https:\/\/www.kartes.lv\/lv\/wp-json\/wp\/v2\/media\/5654"}],"wp:attachment":[{"href":"https:\/\/www.kartes.lv\/lv\/wp-json\/wp\/v2\/media?parent=3009"}],"wp:term":[{"taxonomy":"product_brand","embeddable":true,"href":"https:\/\/www.kartes.lv\/lv\/wp-json\/wp\/v2\/product_brand?post=3009"},{"taxonomy":"product_cat","embeddable":true,"href":"https:\/\/www.kartes.lv\/lv\/wp-json\/wp\/v2\/product_cat?post=3009"},{"taxonomy":"product_tag","embeddable":true,"href":"https:\/\/www.kartes.lv\/lv\/wp-json\/wp\/v2\/product_tag?post=3009"}],"curies":[{"name":"wp","href":"https:\/\/api.w.org\/{rel}","templated":true}]}}