{"id":30131,"date":"2026-01-27T10:05:52","date_gmt":"2026-01-27T08:05:52","guid":{"rendered":"https:\/\/www.kartes.lv\/?post_type=product&#038;p=30131"},"modified":"2026-03-02T10:00:34","modified_gmt":"2026-03-02T08:00:34","slug":"latvijas-daba-sienas-karte","status":"publish","type":"product","link":"https:\/\/www.kartes.lv\/lv\/product\/latvijas-daba-sienas-karte\/","title":{"rendered":"Latvijas daba. Sienas karte"},"content":{"rendered":"<p>M\u0101kslinieces Agijas Stakas\u2011Jansones ilustr\u0113t\u0101 sienas karte \u201cLatvijas daba\u201d sniedz vizu\u0101li bag\u0101t\u012bgu un izgl\u012btojo\u0161u p\u0101rskatu par Latvijas dabas un kult\u016brv\u0113sturisko daudzveid\u012bbu.<\/p>\n<p>Kart\u0113 att\u0113loti Latvijas dz\u012bvnieki un augi, noz\u012bm\u012bg\u0101kie dabas pieminek\u013ci, k\u0101 ar\u012b iez\u012bm\u0113ti v\u0113sturiskie novadi ar to \u0123erbo\u0146iem, liel\u0101k\u0101s pils\u0113tas, upes un ezeri. To papildina informat\u012bva tabula par Latvijas dz\u012bv\u0101s dabas daudzveid\u012bbu un dz\u012bvnieku valsts ekstr\u0113miem.<\/p>\n<p>Lieliski piem\u0113rota gan m\u0101c\u012bb\u0101m, gan k\u0101 gaum\u012bgs interjera elements m\u0101j\u0101s, skol\u0101 vai biroj\u0101.<\/p>\n<p>&nbsp;<\/p>\n<p>Karti izgatavojam 2-3 darba dienu laik\u0101.<\/p>\n<p><!--StartFragment --><\/p>\n<p class=\"pf0\"><em><span class=\"cf0\">Ja v\u0113laties \u0161o karti cit\u0101 izm\u0113r\u0101 vai uz cita veida materi\u0101la (abpus\u0113ji lamin\u0113tu, uzdruk\u0101tu uz plastik\u0101ta, ier\u0101m\u0113tu), papildu inform\u0101cijai l\u016bdzam zvan\u012bt pa t\u0101lruni\u00a0<\/span><strong><span class=\"cf1\">67317540<\/span><\/strong><span class=\"cf0\"><strong>\u00a0<\/strong>vai rakst\u012bt uz e-pastu:\u00a0<\/span><strong><span class=\"cf1\">kartes@kartes.lv<\/span><span class=\"cf0\">.<\/span><\/strong><\/em><!--EndFragment --><\/p>\n<div id=\"gtx-trans\"><\/div>\n<p><\/p>","protected":false},"excerpt":{"rendered":"<p>M\u0113rogs: 1:400 000<\/p>\n<p>Izdrukas izm\u0113rs: 93 x 70 cm<\/p>\n<p><strong>Izgatavojam 2-3 darba dienu laik\u0101.<\/strong><\/p>\n<p>Ilustr\u0101ciju autore Agija Staka<\/p>\n","protected":false},"featured_media":30132,"comment_status":"closed","ping_status":"closed","template":"","meta":[],"product_brand":[],"product_cat":[112,13,113],"product_tag":[],"class_list":{"0":"post-30131","1":"product","2":"type-product","3":"status-publish","4":"has-post-thumbnail","6":"product_cat-jaunumi","7":"product_cat-sienas-kartes","8":"product_cat-skoleniem","10":"first","11":"instock","12":"taxable","13":"shipping-taxable","14":"purchasable","15":"product-type-simple"},"_links":{"self":[{"href":"https:\/\/www.kartes.lv\/lv\/wp-json\/wp\/v2\/product\/30131","targetHints":{"allow":["GET"]}}],"collection":[{"href":"https:\/\/www.kartes.lv\/lv\/wp-json\/wp\/v2\/product"}],"about":[{"href":"https:\/\/www.kartes.lv\/lv\/wp-json\/wp\/v2\/types\/product"}],"replies":[{"embeddable":true,"href":"https:\/\/www.kartes.lv\/lv\/wp-json\/wp\/v2\/comments?post=30131"}],"wp:featuredmedia":[{"embeddable":true,"href":"https:\/\/www.kartes.lv\/lv\/wp-json\/wp\/v2\/media\/30132"}],"wp:attachment":[{"href":"https:\/\/www.kartes.lv\/lv\/wp-json\/wp\/v2\/media?parent=30131"}],"wp:term":[{"taxonomy":"product_brand","embeddable":true,"href":"https:\/\/www.kartes.lv\/lv\/wp-json\/wp\/v2\/product_brand?post=30131"},{"taxonomy":"product_cat","embeddable":true,"href":"https:\/\/www.kartes.lv\/lv\/wp-json\/wp\/v2\/product_cat?post=30131"},{"taxonomy":"product_tag","embeddable":true,"href":"https:\/\/www.kartes.lv\/lv\/wp-json\/wp\/v2\/product_tag?post=30131"}],"curies":[{"name":"wp","href":"https:\/\/api.w.org\/{rel}","templated":true}]}}