{"id":3022,"date":"2016-10-28T11:14:05","date_gmt":"2016-10-28T09:14:05","guid":{"rendered":"http:\/\/wp4.kartes.lv\/lv\/product\/zviedrija-un-danija\/"},"modified":"2026-04-13T09:48:27","modified_gmt":"2026-04-13T06:48:27","slug":"zviedrija-un-danija","status":"publish","type":"product","link":"https:\/\/www.kartes.lv\/lv\/product\/zviedrija-un-danija\/","title":{"rendered":"Zviedrija. D\u0101nija. Autoce\u013cu karte"},"content":{"rendered":"<p>Zviedrijas un D\u0101nijas kart\u0113 ir detaliz\u0113ti att\u0113lots ce\u013cu t\u012bkls da\u017e\u0101d\u0101s ce\u013cu kategorij\u0101s ar att\u0101lumiem kilometros, to numer\u0101cija, att\u0113lotas visas pr\u0101mju l\u0101nijas, tune\u013ci, dzelce\u013ci, lidostas. Daudzveid\u012bg\u0101 apdz\u012bvoto vietu klasifik\u0101cija \u013cauj viegli atrast gan liel\u0101k\u0101s pils\u0113tas, gan pavisam niec\u012bgus lauku ciemus. Atz\u012bm\u0113ti interesant\u0101kie t\u016brisma objekti, nacion\u0101lie parki. Kart\u0113 par\u0101d\u012bti me\u017ei, purvi un led\u0101ji, ar \u0113nojumu izcelts reljefs. \u0122eogr\u0101fiskie nosaukumi rakst\u012bti ori\u0123in\u0101lvalod\u0101, ieskaitot s\u0101mu nosaukums Zviedrijas zieme\u013cos. Kartei ir alfab\u0113tiskais nosaukumu r\u0101d\u012bt\u0101js.<\/p>","protected":false},"excerpt":{"rendered":"<p>2018. gada izdevums<\/p>\n<p>M\u0113rogs 1:1 200 000<br \/>\nIzm\u0113rs 69 x 94 cm \/ 12,5 x 24 cm loc\u012bta<br \/>\nCietais v\u0101ci\u0146\u0161<\/p>\n<p>EAN: 9789984074603<\/p>\n","protected":false},"featured_media":5656,"comment_status":"closed","ping_status":"closed","template":"","meta":[],"product_brand":[],"product_cat":[7,9],"product_tag":[],"class_list":{"0":"post-3022","1":"product","2":"type-product","3":"status-publish","4":"has-post-thumbnail","6":"product_cat-kartes-atlanti-celvezi","7":"product_cat-eiropas-kartes","9":"first","10":"instock","11":"taxable","12":"shipping-taxable","13":"purchasable","14":"product-type-simple"},"_links":{"self":[{"href":"https:\/\/www.kartes.lv\/lv\/wp-json\/wp\/v2\/product\/3022","targetHints":{"allow":["GET"]}}],"collection":[{"href":"https:\/\/www.kartes.lv\/lv\/wp-json\/wp\/v2\/product"}],"about":[{"href":"https:\/\/www.kartes.lv\/lv\/wp-json\/wp\/v2\/types\/product"}],"replies":[{"embeddable":true,"href":"https:\/\/www.kartes.lv\/lv\/wp-json\/wp\/v2\/comments?post=3022"}],"wp:featuredmedia":[{"embeddable":true,"href":"https:\/\/www.kartes.lv\/lv\/wp-json\/wp\/v2\/media\/5656"}],"wp:attachment":[{"href":"https:\/\/www.kartes.lv\/lv\/wp-json\/wp\/v2\/media?parent=3022"}],"wp:term":[{"taxonomy":"product_brand","embeddable":true,"href":"https:\/\/www.kartes.lv\/lv\/wp-json\/wp\/v2\/product_brand?post=3022"},{"taxonomy":"product_cat","embeddable":true,"href":"https:\/\/www.kartes.lv\/lv\/wp-json\/wp\/v2\/product_cat?post=3022"},{"taxonomy":"product_tag","embeddable":true,"href":"https:\/\/www.kartes.lv\/lv\/wp-json\/wp\/v2\/product_tag?post=3022"}],"curies":[{"name":"wp","href":"https:\/\/api.w.org\/{rel}","templated":true}]}}