{"id":30275,"date":"2026-02-27T11:39:01","date_gmt":"2026-02-27T09:39:01","guid":{"rendered":"https:\/\/www.kartes.lv\/?post_type=product&#038;p=30275"},"modified":"2026-03-09T11:03:15","modified_gmt":"2026-03-09T09:03:15","slug":"rigas-ielas-kreisais-krasts-nocenots","status":"publish","type":"product","link":"https:\/\/www.kartes.lv\/lv\/product\/rigas-ielas-kreisais-krasts-nocenots\/","title":{"rendered":"R\u012bgas ielas. Kreisais krasts (nocenots)"},"content":{"rendered":"<p>Vai zin\u0101t, kur atrodas R\u012bgas sen\u0101k\u0101 koka \u0113ka? Kur\u0101 R\u012bgas iel\u0101 ir tikai viena adrese, kas turkl\u0101t ir m\u0101ja Nr. 100? Kura iela savulaik nesusi autor\u016bpnieka Ferdinanda Por\u0161es v\u0101rdu?<\/p>\n<p>\u0160\u012b ir gr\u0101matu s\u0113rijas \u201cR\u012bgas ielas\u201d otr\u0101 da\u013ca, kas iepaz\u012bstina ar P\u0101rdaugavu \u2013 no Spilves p\u013cav\u0101m un \u0100genskalna \u0161auraj\u0101m ieli\u0146\u0101m l\u012bdz Ziepniekkalna daudzst\u0101vu namu mas\u012bviem un jaun\u0101kajiem ce\u013cu b\u016bves projektiem, kas norisin\u0101s gr\u0101matas tap\u0161anas laik\u0101.<\/p>\n<p>Gr\u0101mat\u0101 \u201cR\u012bgas ielas. Kreisais krasts\u201d aprakst\u012btas 685 P\u0101rdaugavas ielas un tilti R\u012bg\u0101. Ielu v\u0113stures st\u0101stus paspilgtina ap 250 v\u0113sturisk\u0101s un m\u016bsdienu fotogr\u0101fijas un kartes. Kop\u0161 R\u012bgas lab\u0101 krasta iel\u0101m velt\u012bt\u0101s gr\u0101matas izdo\u0161anas 2024. gada nogal\u0113 ir radu\u0161\u0101s vair\u0101kas jaunas ielas, kas ar\u012b ir apskat\u012btas \u0161aj\u0101 gr\u0101mat\u0101.<\/p>\n<p>Gr\u0101matas autors Edgars Lecis st\u0101sta: &#8220;Ielas ir \u013coti svar\u012bga jebkuras pils\u0113tas k\u0101 vienotas strukt\u016bras sast\u0101vda\u013ca. Iel\u0101m nav tikai transporta art\u0113riju, bet ar\u012b soci\u0101la un reprezentat\u012bva funkcija. Ilgus gadsimtus pils\u0113tas ielas bija gandr\u012bz vien\u012bg\u0101 vieta, kur cilv\u0113ks atrad\u0101s \u0101rpus savas tuv\u0101kas soci\u0101l\u0101s vides \u2013 t\u0101s liel\u0101 m\u0113r\u0101 raksturoja pils\u0113tas ekonomisk\u0101s, demogr\u0101fisk\u0101s un nacion\u0101l\u0101s \u012bpatn\u012bbas attiec\u012bgaj\u0101 v\u0113stures period\u0101.&#8221;<\/p>\n<p>Paldies par sadarb\u012bbu gr\u0101matas tap\u0161an\u0101 <a href=\"https:\/\/lnb.lv\/\">Latvijas Nacion\u0101lajai bibliot\u0113kai<\/a> un <a href=\"https:\/\/www.arhivi.gov.lv\/lv\">Latvijas Nacion\u0101lajam arh\u012bvam<\/a>!<\/p>","protected":false},"excerpt":{"rendered":"<p><strong>Gr\u0101matas ar vizu\u0101liem defektiem!<\/strong><\/p>\n<p>2025. gada izdevums<br \/>\nIzm\u0113rs: 20.3 x 20.6 cm<br \/>\n220 lpp.<br \/>\nCietie v\u0101ki<\/p>\n<p>Autori: Edgars Lecis, Inese Grand\u0101ne<br \/>\nRedaktors: J\u0101nis Barbans<br \/>\nKorektori: Ilze Ant\u0113na, El\u012bna Kokarevi\u010da<br \/>\nKartogr\u0101fi: Ieva Ozoli\u0146a, Ing\u016bna P\u016bkaine<br \/>\nM\u0101ksliniece: L\u012bga Dubrovska<br \/>\nIzdev\u0113ji: J\u0101\u0146a s\u0113ta, Latvijas Nacion\u0101l\u0101 bibliot\u0113ka, Latvijas Nacion\u0101lais arh\u012bvs<\/p>\n<p>EAN: 9789984077864<\/p>\n<p>&nbsp;<\/p>\n","protected":false},"featured_media":21039,"comment_status":"closed","ping_status":"closed","template":"","meta":[],"product_brand":[],"product_cat":[111],"product_tag":[],"class_list":{"0":"post-30275","1":"product","2":"type-product","3":"status-publish","4":"has-post-thumbnail","6":"product_cat-nocenots","8":"first","9":"outofstock","10":"sale","11":"taxable","12":"shipping-taxable","13":"purchasable","14":"product-type-simple"},"_links":{"self":[{"href":"https:\/\/www.kartes.lv\/lv\/wp-json\/wp\/v2\/product\/30275","targetHints":{"allow":["GET"]}}],"collection":[{"href":"https:\/\/www.kartes.lv\/lv\/wp-json\/wp\/v2\/product"}],"about":[{"href":"https:\/\/www.kartes.lv\/lv\/wp-json\/wp\/v2\/types\/product"}],"replies":[{"embeddable":true,"href":"https:\/\/www.kartes.lv\/lv\/wp-json\/wp\/v2\/comments?post=30275"}],"wp:featuredmedia":[{"embeddable":true,"href":"https:\/\/www.kartes.lv\/lv\/wp-json\/wp\/v2\/media\/21039"}],"wp:attachment":[{"href":"https:\/\/www.kartes.lv\/lv\/wp-json\/wp\/v2\/media?parent=30275"}],"wp:term":[{"taxonomy":"product_brand","embeddable":true,"href":"https:\/\/www.kartes.lv\/lv\/wp-json\/wp\/v2\/product_brand?post=30275"},{"taxonomy":"product_cat","embeddable":true,"href":"https:\/\/www.kartes.lv\/lv\/wp-json\/wp\/v2\/product_cat?post=30275"},{"taxonomy":"product_tag","embeddable":true,"href":"https:\/\/www.kartes.lv\/lv\/wp-json\/wp\/v2\/product_tag?post=30275"}],"curies":[{"name":"wp","href":"https:\/\/api.w.org\/{rel}","templated":true}]}}