{"id":30276,"date":"2026-02-27T11:41:17","date_gmt":"2026-02-27T09:41:17","guid":{"rendered":"https:\/\/www.kartes.lv\/?post_type=product&#038;p=30276"},"modified":"2026-02-27T11:43:59","modified_gmt":"2026-02-27T09:43:59","slug":"pilna-sirds-nocenots","status":"publish","type":"product","link":"https:\/\/www.kartes.lv\/lv\/product\/pilna-sirds-nocenots\/","title":{"rendered":"Pilna sirds (nocenots)"},"content":{"rendered":"<p>2022. gada bestsellers \u2013 gr\u0101mata \u201cPilna sirds: k\u0101 justies labi, kad nav labi\u201d sadarb\u012bb\u0101 ar SIA \u201cGrowing\u201d tiek izdota atk\u0101rtoti! Gr\u0101mata ir v\u0113rt\u012bgs papildin\u0101jums abu autoru kopizdevumam \u201cV\u0113s\u0101 mier\u0101\u201d.<\/p>\n<p>Gr\u0101mata izdota laik\u0101, kad pasauli p\u0101r\u0161alca COVID\u201319 pand\u0113mija un sabiedr\u012bb\u0101 vair\u0101k tika aktualiz\u0113ta t\u0113ma par izdeg\u0161anas sindromu.<br \/>\nNereti ikdien\u0101 un darba vid\u0113 saskaramies ar t\u0101d\u0101m ne\u0113rt\u0101m emocij\u0101m k\u0101 dusmas, izmisums, p\u0101rliec\u012bbas tr\u016bkumu. Kad \u0161\u0101das emocijas p\u0101r\u0146em \u2013 var \u0161\u0137ist, ka esi vien\u012bgais, kas ar to c\u012bn\u0101s. Katr\u0101 gr\u0101matas noda\u013c\u0101 ar person\u012bgu st\u0101stu un ori\u0123in\u0101lu ilustr\u0101ciju pal\u012bdz\u012bbu tiek rasts risin\u0101jums, k\u0101 \u0161\u012bs emocijas p\u0101rvald\u012bt un k\u0101 g\u016bt labumu no t\u0101m.<\/p>\n<p>Gr\u0101mat\u0101 iek\u013caut\u0101s t\u0113mas: nenoteikt\u012bba, sal\u012bdzin\u0101\u0161ana, dusmas, izdeg\u0161ana, perfekcionisms, izmisums, no\u017e\u0113la, emociju nov\u0113rt\u0113jums \u2013 izdeg\u0161anas profils, dusmu pau\u0161anas paradumi un nenoteikt\u012bbas tolerance.<\/p>\n<p>\u017durn\u0101ls &#8220;Fortune&#8221; nov\u0113rt\u0113jis \u201cPilna sirds\u201d k\u0101 vienu no sava laika vislab\u0101kaj\u0101m gr\u0101mat\u0101m.<\/p>\n<p>&nbsp;<\/p>","protected":false},"excerpt":{"rendered":"<p><strong>Gr\u0101matas ar vizu\u0101liem defektiem!<\/strong><\/p>\n<p>2022. gada izdevums<br \/>\nIzm\u0113rs: 21,1 cm x 15,2 cm<br \/>\nSvars: 0.600 g<br \/>\n260 lpp.<br \/>\nM\u012bkstie v\u0101ki<br \/>\nIzdev\u0113js: Growing SIA<br \/>\nAutores: Liza Fosl\u012bna, Mollija Vesta Dafija<br \/>\nTulkojums: Jana Gavare<\/p>\n<p>EAN: 9789934914508<\/p>\n","protected":false},"featured_media":17351,"comment_status":"closed","ping_status":"closed","template":"","meta":[],"product_brand":[],"product_cat":[111],"product_tag":[],"class_list":{"0":"post-30276","1":"product","2":"type-product","3":"status-publish","4":"has-post-thumbnail","6":"product_cat-nocenots","8":"first","9":"instock","10":"sale","11":"taxable","12":"shipping-taxable","13":"purchasable","14":"product-type-simple"},"_links":{"self":[{"href":"https:\/\/www.kartes.lv\/lv\/wp-json\/wp\/v2\/product\/30276","targetHints":{"allow":["GET"]}}],"collection":[{"href":"https:\/\/www.kartes.lv\/lv\/wp-json\/wp\/v2\/product"}],"about":[{"href":"https:\/\/www.kartes.lv\/lv\/wp-json\/wp\/v2\/types\/product"}],"replies":[{"embeddable":true,"href":"https:\/\/www.kartes.lv\/lv\/wp-json\/wp\/v2\/comments?post=30276"}],"wp:featuredmedia":[{"embeddable":true,"href":"https:\/\/www.kartes.lv\/lv\/wp-json\/wp\/v2\/media\/17351"}],"wp:attachment":[{"href":"https:\/\/www.kartes.lv\/lv\/wp-json\/wp\/v2\/media?parent=30276"}],"wp:term":[{"taxonomy":"product_brand","embeddable":true,"href":"https:\/\/www.kartes.lv\/lv\/wp-json\/wp\/v2\/product_brand?post=30276"},{"taxonomy":"product_cat","embeddable":true,"href":"https:\/\/www.kartes.lv\/lv\/wp-json\/wp\/v2\/product_cat?post=30276"},{"taxonomy":"product_tag","embeddable":true,"href":"https:\/\/www.kartes.lv\/lv\/wp-json\/wp\/v2\/product_tag?post=30276"}],"curies":[{"name":"wp","href":"https:\/\/api.w.org\/{rel}","templated":true}]}}