{"id":30277,"date":"2026-02-27T11:44:28","date_gmt":"2026-02-27T09:44:28","guid":{"rendered":"https:\/\/www.kartes.lv\/?post_type=product&#038;p=30277"},"modified":"2026-02-27T11:45:30","modified_gmt":"2026-02-27T09:45:30","slug":"ukraina-no-senlaikiem-lidz-musdienam-nocenots","status":"publish","type":"product","link":"https:\/\/www.kartes.lv\/lv\/product\/ukraina-no-senlaikiem-lidz-musdienam-nocenots\/","title":{"rendered":"Ukraina. No senlaikiem l\u012bdz m\u016bsdien\u0101m (nocenots)"},"content":{"rendered":"<p>\u0160is ir bestsellera &#8220;Ukraina. No senlaikiem l\u012bdz m\u016bsdien\u0101m&#8221; otrais, p\u0101rstr\u0101d\u0101tais izdevums \u2013 v\u0113sturnieku Marijas Tahtaulovas un Serhija \u017dukova \u012bsais ce\u013cvedis Ukrainas v\u0113stur\u0113 un kult\u016br\u0101. Gr\u0101mata ir sadal\u012bta div\u0101s da\u013c\u0101s: pirmaj\u0101 ir \u012bsa inform\u0101cija par Ukrainas v\u0113sturi da\u017e\u0101dos posmos (pirmo cilv\u0113ku apmetnes, Rusu zemes veido\u0161an\u0101s, kozaki u.c.); otraj\u0101 ir sniegts visp\u0101r\u012bgs priek\u0161stats par ukrai\u0146u kult\u016bras sasniegumiem \u2013 valodu, arhitekt\u016bru, trad\u012bcij\u0101m utt. Vienk\u0101r\u0161otais inform\u0101cijas pasnieg\u0161anas veids ar daudz\u0101m ilustr\u0101cij\u0101m padara gr\u0101matu ide\u0101li piem\u0113rotu, lai sniegtu b\u0113rniem ieskatu Ukrainas v\u0113stur\u0113 un kult\u016br\u0101.<br \/>\nGr\u0101matas autori ir divi v\u0113sturnieki no Harkivas, kuri savulaik kop\u0101 m\u0101c\u012bj\u0101s universit\u0101t\u0113 un pat s\u0113d\u0113ja vien\u0101 sol\u0101. Vi\u0146u m\u0113r\u0137is bija uzrakst\u012bt v\u0113stures st\u0101stu, ko b\u016btu interesanti las\u012bt gan b\u0113rniem, gan pieaugu\u0161ajiem. T\u0101 ir v\u0113sture, kur\u0101 \u012bpa\u0161a uzman\u012bba nav piev\u0113rsta datumiem vai dzim\u0161anas gadiem, bet gan svar\u012bgu notikumu c\u0113lo\u0146iem un sek\u0101m, kas radik\u0101li main\u012bja ukrai\u0146u sen\u010du dz\u012bvi un padar\u012bja ukrai\u0146us t\u0101dus, k\u0101di vi\u0146i ir \u0161odien.<br \/>\n2021. gad\u0101 gr\u0101mata tika iek\u013cauta &#8220;BaraBukas TOP&#8221; sarakst\u0101, kur t\u0101 ieguva nomin\u0101ciju &#8220;Gada enciklop\u0113diskais izdevums&#8221;, bet 2022. gad\u0101 t\u0101 tika iek\u013cauta starptautiskaj\u0101 katalog\u0101 &#8220;White Raven&#8221;.<\/p>","protected":false},"excerpt":{"rendered":"<p><strong>Gr\u0101matas ar vizu\u0101liem defektiem!<\/strong><\/p>\n<p>2024. gads<br \/>\nIzm\u0113rs: 32,2 x 24 cm<br \/>\nSvars: 0.940 g<br \/>\n104 lpp.<br \/>\nCietie v\u0101ki<br \/>\nAutori: Serhijs \u017dukovs, Marija Tahtaulova<br \/>\nIlustratore: \u017de\u0146a Miro\u0146uka<br \/>\nTulkojums: SIA &#8220;Skrivanek Baltic&#8221;<br \/>\nRedaktors: J\u0101nis Barbans<br \/>\nKorektore: Ilze Ant\u0113na<br \/>\nMaket\u0113t\u0101ja: L\u012bga Dubrovska<\/p>\n<p>EAN: 9789984077802<\/p>\n","protected":false},"featured_media":18585,"comment_status":"closed","ping_status":"closed","template":"","meta":[],"product_brand":[],"product_cat":[111],"product_tag":[],"class_list":{"0":"post-30277","1":"product","2":"type-product","3":"status-publish","4":"has-post-thumbnail","6":"product_cat-nocenots","8":"first","9":"instock","10":"sale","11":"taxable","12":"shipping-taxable","13":"purchasable","14":"product-type-simple"},"_links":{"self":[{"href":"https:\/\/www.kartes.lv\/lv\/wp-json\/wp\/v2\/product\/30277","targetHints":{"allow":["GET"]}}],"collection":[{"href":"https:\/\/www.kartes.lv\/lv\/wp-json\/wp\/v2\/product"}],"about":[{"href":"https:\/\/www.kartes.lv\/lv\/wp-json\/wp\/v2\/types\/product"}],"replies":[{"embeddable":true,"href":"https:\/\/www.kartes.lv\/lv\/wp-json\/wp\/v2\/comments?post=30277"}],"wp:featuredmedia":[{"embeddable":true,"href":"https:\/\/www.kartes.lv\/lv\/wp-json\/wp\/v2\/media\/18585"}],"wp:attachment":[{"href":"https:\/\/www.kartes.lv\/lv\/wp-json\/wp\/v2\/media?parent=30277"}],"wp:term":[{"taxonomy":"product_brand","embeddable":true,"href":"https:\/\/www.kartes.lv\/lv\/wp-json\/wp\/v2\/product_brand?post=30277"},{"taxonomy":"product_cat","embeddable":true,"href":"https:\/\/www.kartes.lv\/lv\/wp-json\/wp\/v2\/product_cat?post=30277"},{"taxonomy":"product_tag","embeddable":true,"href":"https:\/\/www.kartes.lv\/lv\/wp-json\/wp\/v2\/product_tag?post=30277"}],"curies":[{"name":"wp","href":"https:\/\/api.w.org\/{rel}","templated":true}]}}