{"id":30278,"date":"2026-02-27T11:45:58","date_gmt":"2026-02-27T09:45:58","guid":{"rendered":"https:\/\/www.kartes.lv\/?post_type=product&#038;p=30278"},"modified":"2026-02-27T11:47:07","modified_gmt":"2026-02-27T09:47:07","slug":"neparastas-kartes-atlants-zinatkariem-pratiem-nocenots","status":"publish","type":"product","link":"https:\/\/www.kartes.lv\/lv\/product\/neparastas-kartes-atlants-zinatkariem-pratiem-nocenots\/","title":{"rendered":"Neparast\u0101s kartes. Atlants zin\u0101tk\u0101riem pr\u0101tiem (nocenots)"},"content":{"rendered":"<p>&#8221;Neparast\u0101s kartes. Atlants zin\u0101tk\u0101riem pr\u0101tiem&#8221; \u013caus paraudz\u012bties uz pasauli no cita skatpunkta!<br \/>\nCik ilg\u0101 laik\u0101 1914. gad\u0101 var\u0113ja aizce\u013cot no Londonas uz R\u012bgu? Kas atrodas Latvijai pret\u0113j\u0101 zemeslodes pus\u0113? Cik pasaules valstu karog\u0101 nav ne zil\u0101s, ne sarkan\u0101s kr\u0101sas?<br \/>\n\u0160aj\u0101 netradicion\u0101laj\u0101 atlant\u0101 iek\u013caut\u0101s kartes pal\u012bdz\u0113s rast atbildi uz \u0161iem un daudziem citiem jaut\u0101jumiem par kult\u016bru, v\u0113sturi, politiku un da\u017eneda\u017e\u0101d\u0101m \u0123eogr\u0101fisk\u0101m nians\u0113m.<\/p>\n<p>Gr\u0101matas autors \u012aans Raits veido &#8220;Brilliant Maps&#8221;, kas ir viena no popul\u0101r\u0101kaj\u0101m un visvair\u0101k apmekl\u0113taj\u0101m kar\u0161u vietn\u0113m internet\u0101. Autors mums paz\u012bstamas lietas gr\u0101mat\u0101 atspogu\u013co cit\u0101, nezin\u0101m\u0101 gaism\u0101. Gr\u0101mata ir pilna p\u0101rsteigumu, un ar saviem d\u012bvainajiem pretnostat\u012bjumiem un neparastaj\u0101m ilustr\u0101cij\u0101m t\u0101 nevis apmierina zin\u0101tk\u0101ri, bet dr\u012bz\u0101k to pamodina.<br \/>\n&#8220;Neparast\u0101s kartes&#8221; autoram piem\u012bt humora izj\u016bta un t\u0101 j\u016btama ar\u012b kart\u0113s. Gr\u0101mat\u0101 ieraudz\u012bsiet t\u0101das kartes k\u0101 &#8220;Haizivs pret cilv\u0113kiem&#8221; vai &#8220;\u010c\u012ble ir \u013cooooti gara&#8221;.<br \/>\n&#8220;Daudzas \u012aana Raita kartes [&#8230;] liek mums apst\u0101ties un aicina paskat\u012bties uzman\u012bg\u0101k, padom\u0101t r\u016bp\u012bg\u0101k un tad paskat\u012bties v\u0113l uzman\u012bg\u0101k.&#8221; t\u0101 priek\u0161v\u0101rda autors Tims H\u0101rfords<\/p>","protected":false},"excerpt":{"rendered":"<p><strong>Gr\u0101matas ar vizu\u0101liem defektiem!<\/strong><\/p>\n<p>Pirmo reizi public\u0113ta Apvienotaj\u0101 Karalist\u0113 2019. gad\u0101 izdevniec\u012bb\u0101 Granta Books<br \/>\n2024. gada izdevums<br \/>\nIzm\u0113rs: 24.5 x 19 cm<br \/>\n201 lpp.<br \/>\nM\u012bkstie v\u0101ki<\/p>\n<p>Autors: \u012aans Raits<br \/>\nIlustr\u0101cijas: Infographic.ly<br \/>\nIzdev\u0113js Latvij\u0101: J\u0101\u0146a s\u0113ta<br \/>\nTulkojums: Morics Roberts M\u016brnieks, Lauma Jagare<br \/>\nRedaktors: J\u0101nis Barbans<br \/>\nM\u0101ksliniece: L\u012bga Dubrovska<br \/>\nKartogr\u0101fe: Ing\u016bna P\u016bkaine<br \/>\nKorektore: Ilze Ant\u0113na<\/p>\n<p>EAN: 9789984077857<\/p>\n","protected":false},"featured_media":19054,"comment_status":"closed","ping_status":"closed","template":"","meta":[],"product_brand":[],"product_cat":[111],"product_tag":[],"class_list":{"0":"post-30278","1":"product","2":"type-product","3":"status-publish","4":"has-post-thumbnail","6":"product_cat-nocenots","8":"first","9":"instock","10":"sale","11":"taxable","12":"shipping-taxable","13":"purchasable","14":"product-type-simple"},"_links":{"self":[{"href":"https:\/\/www.kartes.lv\/lv\/wp-json\/wp\/v2\/product\/30278","targetHints":{"allow":["GET"]}}],"collection":[{"href":"https:\/\/www.kartes.lv\/lv\/wp-json\/wp\/v2\/product"}],"about":[{"href":"https:\/\/www.kartes.lv\/lv\/wp-json\/wp\/v2\/types\/product"}],"replies":[{"embeddable":true,"href":"https:\/\/www.kartes.lv\/lv\/wp-json\/wp\/v2\/comments?post=30278"}],"wp:featuredmedia":[{"embeddable":true,"href":"https:\/\/www.kartes.lv\/lv\/wp-json\/wp\/v2\/media\/19054"}],"wp:attachment":[{"href":"https:\/\/www.kartes.lv\/lv\/wp-json\/wp\/v2\/media?parent=30278"}],"wp:term":[{"taxonomy":"product_brand","embeddable":true,"href":"https:\/\/www.kartes.lv\/lv\/wp-json\/wp\/v2\/product_brand?post=30278"},{"taxonomy":"product_cat","embeddable":true,"href":"https:\/\/www.kartes.lv\/lv\/wp-json\/wp\/v2\/product_cat?post=30278"},{"taxonomy":"product_tag","embeddable":true,"href":"https:\/\/www.kartes.lv\/lv\/wp-json\/wp\/v2\/product_tag?post=30278"}],"curies":[{"name":"wp","href":"https:\/\/api.w.org\/{rel}","templated":true}]}}