{"id":30279,"date":"2026-02-27T11:47:27","date_gmt":"2026-02-27T09:47:27","guid":{"rendered":"https:\/\/www.kartes.lv\/?post_type=product&#038;p=30279"},"modified":"2026-02-27T11:48:27","modified_gmt":"2026-02-27T09:48:27","slug":"vesa-miera-emocijas-darba-vide-nocenots","status":"publish","type":"product","link":"https:\/\/www.kartes.lv\/lv\/product\/vesa-miera-emocijas-darba-vide-nocenots\/","title":{"rendered":"V\u0113s\u0101 mier\u0101. Emocijas darba vid\u0113 (nocenots)"},"content":{"rendered":"<p>Sadarb\u012bb\u0101 ar SIA \u201cGrowing\u201d 2019. gada Wall Street Journal bestsellers \u2013 gr\u0101mata \u201cV\u0113s\u0101 mier\u0101. Emocijas darba vid\u0113 (un k\u0101 t\u0101s pal\u012bdz g\u016bt pan\u0101kumus)\u201d tiek izdota atk\u0101rtoti!<\/p>\n<p>Lizas Fosl\u012bnas un Mollijas Vestas Dafijas gr\u0101mata \u201cV\u0113s\u0101 mier\u0101\u201d ir interakt\u012bva rokasgr\u0101mata, kas klied\u0113 visp\u0101rpie\u0146emto stereotipu, ka emocijas darba vid\u0113 nav ieder\u012bgas, un \u013cauj paraudz\u012bties uz t\u0101m no cita skatu punkta.<br \/>\nT\u0113ma par emocion\u0101lo inteli\u0123enci un emociju p\u0101rvald\u012bbu nemain\u012bgi ir aktu\u0101la un ie\u0146\u0113musi svar\u012bgu lomu darba vid\u0113. Gr\u0101mata \u201cV\u0113s\u0101 mier\u0101\u201d t\u0101s las\u012bt\u0101jam \u2013 gan nozares p\u0113tniekiem, gan ikvienam interesentam \u2013 main\u012bs domas par emociju lomu darba vid\u0113. Gr\u0101mat\u0101 sniegti noder\u012bgi padomi un emociju p\u0101rvald\u012bbas tehnikas: k\u0101 nov\u0113rst stresu un izdeg\u0161anu darb\u0101, k\u0101 koncentr\u0113ties uz \u201c\u0161eit un tagad\u201d, izmantojot savus iek\u0161\u0113jos resursus, k\u0101 negat\u012bv\u0101s emocijas (dusmas, skumjas, trauksmi) p\u0101rveidot pozit\u012bv\u0101s emocij\u0101s u.c.<\/p>\n<p>Gr\u0101mat\u0101 iek\u013caut\u0101s t\u0113mas: vesel\u012bba, motiv\u0101cija, emocijas l\u0113mumu pie\u0146em\u0161an\u0101, komandas psiholo\u0123isk\u0101 dro\u0161\u012bba, komunik\u0101cija jeb j\u016btas nav fakti, emocion\u0101l\u0101 kult\u016bra komand\u0101, l\u012bder\u012bba, emocion\u0101lo paradumu nov\u0113rt\u0113jums.<br \/>\n\u017durn\u0101ls <em>Fortune <\/em>nov\u0113rt\u0113jis \u201cV\u0113s\u0101 mier\u0101\u201d k\u0101 vienu no sava laika vislab\u0101kaj\u0101m gr\u0101mat\u0101m.<\/p>","protected":false},"excerpt":{"rendered":"<p><strong>Gr\u0101matas ar vizu\u0101liem defektiem!<\/strong><\/p>\n<p>2021. gada izdevums<br \/>\nIzm\u0113rs: 21.1 cm x 15.2 cm<br \/>\nSvars: 0.640 g<br \/>\n296 lpp.<br \/>\nM\u012bkstie v\u0101ki<br \/>\nIzdev\u0113js: Growing SIA<br \/>\nAutores: Liza Fosl\u012bna, Mollija Vesta Dafija<br \/>\nTulkojums: Jana Gavare<\/p>\n<p>EAN: 9789934234460<\/p>\n","protected":false},"featured_media":17346,"comment_status":"closed","ping_status":"closed","template":"","meta":[],"product_brand":[],"product_cat":[111],"product_tag":[],"class_list":{"0":"post-30279","1":"product","2":"type-product","3":"status-publish","4":"has-post-thumbnail","6":"product_cat-nocenots","8":"first","9":"instock","10":"sale","11":"taxable","12":"shipping-taxable","13":"purchasable","14":"product-type-simple"},"_links":{"self":[{"href":"https:\/\/www.kartes.lv\/lv\/wp-json\/wp\/v2\/product\/30279","targetHints":{"allow":["GET"]}}],"collection":[{"href":"https:\/\/www.kartes.lv\/lv\/wp-json\/wp\/v2\/product"}],"about":[{"href":"https:\/\/www.kartes.lv\/lv\/wp-json\/wp\/v2\/types\/product"}],"replies":[{"embeddable":true,"href":"https:\/\/www.kartes.lv\/lv\/wp-json\/wp\/v2\/comments?post=30279"}],"wp:featuredmedia":[{"embeddable":true,"href":"https:\/\/www.kartes.lv\/lv\/wp-json\/wp\/v2\/media\/17346"}],"wp:attachment":[{"href":"https:\/\/www.kartes.lv\/lv\/wp-json\/wp\/v2\/media?parent=30279"}],"wp:term":[{"taxonomy":"product_brand","embeddable":true,"href":"https:\/\/www.kartes.lv\/lv\/wp-json\/wp\/v2\/product_brand?post=30279"},{"taxonomy":"product_cat","embeddable":true,"href":"https:\/\/www.kartes.lv\/lv\/wp-json\/wp\/v2\/product_cat?post=30279"},{"taxonomy":"product_tag","embeddable":true,"href":"https:\/\/www.kartes.lv\/lv\/wp-json\/wp\/v2\/product_tag?post=30279"}],"curies":[{"name":"wp","href":"https:\/\/api.w.org\/{rel}","templated":true}]}}