{"id":3028,"date":"2016-10-28T11:14:06","date_gmt":"2016-10-28T09:14:06","guid":{"rendered":"http:\/\/wp4.kartes.lv\/lv\/product\/ziemeleiropa\/"},"modified":"2026-04-13T09:48:03","modified_gmt":"2026-04-13T06:48:03","slug":"ziemeleiropa-celu-karte","status":"publish","type":"product","link":"https:\/\/www.kartes.lv\/lv\/product\/ziemeleiropa-celu-karte\/","title":{"rendered":"Zieme\u013ceiropa. Ce\u013cu karte"},"content":{"rendered":"<p>Karte aptver Skandin\u0101viju, Somiju, Baltijas valstis, Islandi un F\u0113ru salas, k\u0101 ar\u012b Baltijas j\u016brai piegulo\u0161\u0101s Krievijas, Polijas un V\u0101cijas da\u013cas.<\/p>\n<p>Kart\u0113 dots detaliz\u0113ts ce\u013cu t\u012bkls (ce\u013cu klasifik\u0101cija, att\u0101lumu atz\u012bmes, tune\u013ci), apdz\u012bvoto vietu klasifik\u0101cija (pils\u0113tas un ciemi, kuri doti p\u0113c iedz\u012bvot\u0101ju skaita), atz\u012bm\u0113tas ar me\u017eiem kl\u0101tas teritorijas, atlikti noz\u012bm\u012bg\u0101kie apskates objekti, nacion\u0101lie parki, dzelzce\u013cu un pr\u0101mju l\u012bnijas, visas lidostas, robe\u017ep\u0101rejas punkti. Ar \u0113nojumu izcelts reljefs. \u0122eogr\u0101fiskie nosaukumi rakst\u012bti ori\u0123in\u0101lvalod\u0101.<\/p>","protected":false},"excerpt":{"rendered":"<p>2012. gada izdevums<\/p>\n<p>M\u0113rogs 1:2 000 000<br \/>\nIzm\u0113rs 69,4 x 100,8 cm \/ 12,5 x 24 cm loc\u012bts<\/p>\n<p>Cietie v\u0101ki<\/p>\n<p>EAN: 9789984073811<\/p>\n","protected":false},"featured_media":5657,"comment_status":"closed","ping_status":"closed","template":"","meta":[],"product_brand":[],"product_cat":[7,9],"product_tag":[],"class_list":{"0":"post-3028","1":"product","2":"type-product","3":"status-publish","4":"has-post-thumbnail","6":"product_cat-kartes-atlanti-celvezi","7":"product_cat-eiropas-kartes","9":"first","10":"instock","11":"taxable","12":"shipping-taxable","13":"purchasable","14":"product-type-simple"},"_links":{"self":[{"href":"https:\/\/www.kartes.lv\/lv\/wp-json\/wp\/v2\/product\/3028","targetHints":{"allow":["GET"]}}],"collection":[{"href":"https:\/\/www.kartes.lv\/lv\/wp-json\/wp\/v2\/product"}],"about":[{"href":"https:\/\/www.kartes.lv\/lv\/wp-json\/wp\/v2\/types\/product"}],"replies":[{"embeddable":true,"href":"https:\/\/www.kartes.lv\/lv\/wp-json\/wp\/v2\/comments?post=3028"}],"wp:featuredmedia":[{"embeddable":true,"href":"https:\/\/www.kartes.lv\/lv\/wp-json\/wp\/v2\/media\/5657"}],"wp:attachment":[{"href":"https:\/\/www.kartes.lv\/lv\/wp-json\/wp\/v2\/media?parent=3028"}],"wp:term":[{"taxonomy":"product_brand","embeddable":true,"href":"https:\/\/www.kartes.lv\/lv\/wp-json\/wp\/v2\/product_brand?post=3028"},{"taxonomy":"product_cat","embeddable":true,"href":"https:\/\/www.kartes.lv\/lv\/wp-json\/wp\/v2\/product_cat?post=3028"},{"taxonomy":"product_tag","embeddable":true,"href":"https:\/\/www.kartes.lv\/lv\/wp-json\/wp\/v2\/product_tag?post=3028"}],"curies":[{"name":"wp","href":"https:\/\/api.w.org\/{rel}","templated":true}]}}