{"id":30280,"date":"2026-02-27T11:49:50","date_gmt":"2026-02-27T09:49:50","guid":{"rendered":"https:\/\/www.kartes.lv\/?post_type=product&#038;p=30280"},"modified":"2026-02-27T12:02:30","modified_gmt":"2026-02-27T10:02:30","slug":"muizas-latvija-2-sejums-enciklopedija-nocenots","status":"publish","type":"product","link":"https:\/\/www.kartes.lv\/lv\/product\/muizas-latvija-2-sejums-enciklopedija-nocenots\/","title":{"rendered":"Mui\u017eas Latvij\u0101. 2. s\u0113jums. Enciklop\u0113dija (nocenots)"},"content":{"rendered":"<p>Autora m\u0113r\u0137is ir veidot vair\u0101ku s\u0113jumu enciklop\u0113diju, kur\u0101, apkopojot mui\u017eu izp\u0113tes materi\u0101lu arh\u012bvu un fotofiks\u0101ciju, koncentr\u0113t\u0101 veid\u0101 atspogu\u013cota Latvijas mui\u017eu v\u0113sture, arhitekt\u016bra un m\u0101ksla.<\/p>\n<p>Otrais enciklop\u0113dijas s\u0113jums aptver 93 mui\u017eas alfab\u0113tisk\u0101 sec\u012bb\u0101. Vispirms tiek dota mui\u017eas atra\u0161an\u0101s vieta un ekonomiskais raksturojums, tad \u012bsa \u012bpa\u0161nieku v\u0113sture, akcent\u0113jot mui\u017eas pirms\u0101kumus un beigas. Seko kungu m\u0101jas vai pils b\u016bvv\u0113sture un saimniecisk\u0101s apb\u016bves ansamb\u013ca un parka raksturojums. 294 lappu\u0161u enciklop\u0113dij\u0101 att\u0113lu identific\u0113\u0161anai lietota v\u0101cu valoda. Att\u0113lu paraksti div\u0101s valod\u0101s sniedz iesp\u0113ju ar izdevumu iepaz\u012bties ar\u012b v\u0101cu valod\u0101 laso\u0161iem interesentiem. Izdevuma beig\u0101s apkopoti att\u0113lu parakstos lietotie sa\u012bsin\u0101jumi, izmantotie avoti un literat\u016bra.<\/p>\n<p>Enciklop\u0113dijas autors Vitolds Ma\u0161novskis st\u0101sta, ka izdevums ir rad\u012bts k\u0101 velt\u012bjums Latvijas valsts simtgadei, un tie\u0161i lielaj\u0101 jubilejas gad\u0101 t\u0101s pirmais s\u0113jums visbeidzot ieg\u016bs redzamu, taust\u0101mu formu.<\/p>\n<p>Enciklop\u0113dijas izdo\u0161anai ir izveidots vair\u0101k nek\u0101 300 t\u016bksto\u0161u liels fotoatt\u0113lu un dokumentu arh\u012bvs. Par mui\u017eu v\u0113stures un aptuveni 600 mui\u017enieku ciltskoku p\u0113t\u012bjumu avotiem izmantoti Latvijas, V\u0101cijas, Igaunijas, Zviedrijas, Polijas, Krievijas, Baltkrievijas arh\u012bvu materi\u0101li, k\u0101 ar\u012b v\u0101cu arhitektu un v\u0113sturnieku publik\u0101cijas.<\/p>","protected":false},"excerpt":{"rendered":"<div><strong>Gr\u0101matas ar vizu\u0101liem defektiem!<\/strong><\/div>\n<div><\/div>\n<div>Enciklop\u0113dijas 2. da\u013ca I-K<\/div>\n<div><\/div>\n<div>2019. gada izdevums<\/div>\n<div>Izm\u0113rs: 30.5 cm x 22.5 cm<\/div>\n<div>Svars: 1.840 g<\/div>\n<div>294 lpp.<\/div>\n<div>Cietie v\u0101ki<\/div>\n<div>Izdev\u0113js: DUE SIA<\/div>\n<div>Autors: Vitolds Ma\u0161novskis<\/div>\n<div><\/div>\n<p>EAN: 9789934847981<\/p>\n","protected":false},"featured_media":15324,"comment_status":"closed","ping_status":"closed","template":"","meta":[],"product_brand":[],"product_cat":[111],"product_tag":[],"class_list":{"0":"post-30280","1":"product","2":"type-product","3":"status-publish","4":"has-post-thumbnail","6":"product_cat-nocenots","8":"first","9":"instock","10":"sale","11":"taxable","12":"shipping-taxable","13":"purchasable","14":"product-type-simple"},"_links":{"self":[{"href":"https:\/\/www.kartes.lv\/lv\/wp-json\/wp\/v2\/product\/30280","targetHints":{"allow":["GET"]}}],"collection":[{"href":"https:\/\/www.kartes.lv\/lv\/wp-json\/wp\/v2\/product"}],"about":[{"href":"https:\/\/www.kartes.lv\/lv\/wp-json\/wp\/v2\/types\/product"}],"replies":[{"embeddable":true,"href":"https:\/\/www.kartes.lv\/lv\/wp-json\/wp\/v2\/comments?post=30280"}],"wp:featuredmedia":[{"embeddable":true,"href":"https:\/\/www.kartes.lv\/lv\/wp-json\/wp\/v2\/media\/15324"}],"wp:attachment":[{"href":"https:\/\/www.kartes.lv\/lv\/wp-json\/wp\/v2\/media?parent=30280"}],"wp:term":[{"taxonomy":"product_brand","embeddable":true,"href":"https:\/\/www.kartes.lv\/lv\/wp-json\/wp\/v2\/product_brand?post=30280"},{"taxonomy":"product_cat","embeddable":true,"href":"https:\/\/www.kartes.lv\/lv\/wp-json\/wp\/v2\/product_cat?post=30280"},{"taxonomy":"product_tag","embeddable":true,"href":"https:\/\/www.kartes.lv\/lv\/wp-json\/wp\/v2\/product_tag?post=30280"}],"curies":[{"name":"wp","href":"https:\/\/api.w.org\/{rel}","templated":true}]}}