{"id":30305,"date":"2026-03-02T11:10:09","date_gmt":"2026-03-02T09:10:09","guid":{"rendered":"https:\/\/www.kartes.lv\/?post_type=product&#038;p=30305"},"modified":"2026-03-05T10:05:44","modified_gmt":"2026-03-05T08:05:44","slug":"pazisti-latvijas-abiniekus-rapulus-un-ziditajus","status":"publish","type":"product","link":"https:\/\/www.kartes.lv\/lv\/product\/pazisti-latvijas-abiniekus-rapulus-un-ziditajus\/","title":{"rendered":"Paz\u012bsti Latvijas abiniekus, r\u0101pu\u013cus un z\u012bd\u012bt\u0101jus."},"content":{"rendered":"<p>Latvijas faun\u0101 sastopamas 13 abinieku, 7 r\u0101pu\u013cu un 76 z\u012bd\u012bt\u0101ju sugas. T\u0101s atrodamas vienot\u0101 izdevum\u0101, turpinot pla\u0161am interesentu lokam dom\u0101to gr\u0101matu s\u0113riju par Latvijas dabu. Da\u013ca no \u0161iem dz\u012bvniekiem nov\u0113rojami visu gadu, citi ik rudeni migr\u0113 uz silt\u0101k\u0101m zem\u0113m vai tepat dodas ziemas gu\u013c\u0101 l\u012bdz n\u0101kamajam pavasarim. L\u012bdztekus viet\u0113j\u0101m sug\u0101m, iek\u013cauti ar\u012b reti un neregul\u0101ri Baltijas j\u016bras piekrast\u0113 un R\u012bgas j\u016bras l\u012bc\u012b iemaldo\u0161ies z\u012bd\u012bt\u0101ji. Iepaz\u012bt Latvijas abiniekus, r\u0101pu\u013cus un z\u012bd\u012bt\u0101jus pal\u012bdz sugu apraksti un nosaukumi se\u0161\u0101s sve\u0161valod\u0101s, dz\u012bvesveida un izplat\u012bbas skaidrojums, k\u0101 ar\u012b pla\u0161\u0101ks tiem atbilsto\u0161o 35 dzimtu raksturojums. Katru sugu noteikt pal\u012bdz no viena l\u012bdz trijiem kr\u0101sainiem z\u012bm\u0113jumiem \u2013 bag\u0101t\u012bgi ilustr\u0113taj\u0101 izdevum\u0101 apl\u016bkojami 120 augstv\u0113rt\u012bgi att\u0113li. Gr\u0101mata \u201cPaz\u012bsti Latvijas abiniekus, r\u0101pu\u013cus un z\u012bd\u012bt\u0101jus\u201d aicina ikvienu uzzin\u0101t vair\u0101k par Latvijas dabu; t\u0101 noder\u0113s gan ies\u0101c\u0113jiem, gan interesentiem ar priek\u0161zin\u0101\u0161an\u0101m.<\/p>","protected":false},"excerpt":{"rendered":"<p><strong>M\u012bkstie v\u0101ki<\/strong><\/p>\n<p>2025. gads<br \/>\nIzm\u0113rs: 21,5 x 15 cm<br \/>\nSvars: 0.600 kg<br \/>\n271 lpp.<br \/>\nIzdev\u0113js: Gandrs<br \/>\nSast\u0101d\u012bt\u0101js: Askolds K\u013cavi\u0146\u0161<br \/>\nIlustrators: Dmitrijs Paramonovs<\/p>\n<p>EAN: 9789934801563<\/p>\n<p>&nbsp;<\/p>\n","protected":false},"featured_media":30316,"comment_status":"closed","ping_status":"closed","template":"","meta":[],"product_brand":[],"product_cat":[12,14,86],"product_tag":[],"class_list":{"0":"post-30305","1":"product","2":"type-product","3":"status-publish","4":"has-post-thumbnail","6":"product_cat-gramatas","7":"product_cat-izglitojosie-izdevumi","8":"product_cat-davanas","10":"first","11":"instock","12":"taxable","13":"shipping-taxable","14":"purchasable","15":"product-type-simple"},"_links":{"self":[{"href":"https:\/\/www.kartes.lv\/lv\/wp-json\/wp\/v2\/product\/30305","targetHints":{"allow":["GET"]}}],"collection":[{"href":"https:\/\/www.kartes.lv\/lv\/wp-json\/wp\/v2\/product"}],"about":[{"href":"https:\/\/www.kartes.lv\/lv\/wp-json\/wp\/v2\/types\/product"}],"replies":[{"embeddable":true,"href":"https:\/\/www.kartes.lv\/lv\/wp-json\/wp\/v2\/comments?post=30305"}],"wp:featuredmedia":[{"embeddable":true,"href":"https:\/\/www.kartes.lv\/lv\/wp-json\/wp\/v2\/media\/30316"}],"wp:attachment":[{"href":"https:\/\/www.kartes.lv\/lv\/wp-json\/wp\/v2\/media?parent=30305"}],"wp:term":[{"taxonomy":"product_brand","embeddable":true,"href":"https:\/\/www.kartes.lv\/lv\/wp-json\/wp\/v2\/product_brand?post=30305"},{"taxonomy":"product_cat","embeddable":true,"href":"https:\/\/www.kartes.lv\/lv\/wp-json\/wp\/v2\/product_cat?post=30305"},{"taxonomy":"product_tag","embeddable":true,"href":"https:\/\/www.kartes.lv\/lv\/wp-json\/wp\/v2\/product_tag?post=30305"}],"curies":[{"name":"wp","href":"https:\/\/api.w.org\/{rel}","templated":true}]}}