{"id":30392,"date":"2026-03-17T14:07:00","date_gmt":"2026-03-17T12:07:00","guid":{"rendered":"https:\/\/www.kartes.lv\/?post_type=product&#038;p=30392"},"modified":"2026-03-17T19:00:56","modified_gmt":"2026-03-17T17:00:56","slug":"oslo-pilsetas-karte","status":"publish","type":"product","link":"https:\/\/www.kartes.lv\/lv\/product\/oslo-pilsetas-karte\/","title":{"rendered":"Oslo. Pils\u0113tas karte"},"content":{"rendered":"<p><\/p>\n<ul>\n<li>Pils\u0113tas pl\u0101ns m\u0113rog\u0101 1:20 000<\/li>\n<li>T\u016brisma inform\u0101cija<\/li>\n<li>Ielu nosaukumu r\u0101d\u012bt\u0101js<\/li>\n<li>Ang\u013cu, v\u0101cu, fran\u010du, it\u0101\u013cu, holandie\u0161u, sp\u0101\u0146u, \u010dehu, slov\u0101ku, ung\u0101ru, somu<\/li>\n<\/ul>\n<p>&nbsp;<\/p>\n<p>&nbsp;<\/p>","protected":false},"excerpt":{"rendered":"<p>M\u0113rogs 1:20 000<br \/>\nIzdev\u0113js: freytag &amp; berndt<\/p>\n<p>EAN: 9783707903522<\/p>\n","protected":false},"featured_media":30411,"comment_status":"closed","ping_status":"closed","template":"","meta":[],"product_brand":[],"product_cat":[7,9,132],"product_tag":[],"class_list":{"0":"post-30392","1":"product","2":"type-product","3":"status-publish","4":"has-post-thumbnail","6":"product_cat-kartes-atlanti-celvezi","7":"product_cat-eiropas-kartes","8":"product_cat-pedejie-eksemplari","10":"first","11":"instock","12":"taxable","13":"shipping-taxable","14":"purchasable","15":"product-type-simple"},"_links":{"self":[{"href":"https:\/\/www.kartes.lv\/lv\/wp-json\/wp\/v2\/product\/30392","targetHints":{"allow":["GET"]}}],"collection":[{"href":"https:\/\/www.kartes.lv\/lv\/wp-json\/wp\/v2\/product"}],"about":[{"href":"https:\/\/www.kartes.lv\/lv\/wp-json\/wp\/v2\/types\/product"}],"replies":[{"embeddable":true,"href":"https:\/\/www.kartes.lv\/lv\/wp-json\/wp\/v2\/comments?post=30392"}],"wp:featuredmedia":[{"embeddable":true,"href":"https:\/\/www.kartes.lv\/lv\/wp-json\/wp\/v2\/media\/30411"}],"wp:attachment":[{"href":"https:\/\/www.kartes.lv\/lv\/wp-json\/wp\/v2\/media?parent=30392"}],"wp:term":[{"taxonomy":"product_brand","embeddable":true,"href":"https:\/\/www.kartes.lv\/lv\/wp-json\/wp\/v2\/product_brand?post=30392"},{"taxonomy":"product_cat","embeddable":true,"href":"https:\/\/www.kartes.lv\/lv\/wp-json\/wp\/v2\/product_cat?post=30392"},{"taxonomy":"product_tag","embeddable":true,"href":"https:\/\/www.kartes.lv\/lv\/wp-json\/wp\/v2\/product_tag?post=30392"}],"curies":[{"name":"wp","href":"https:\/\/api.w.org\/{rel}","templated":true}]}}