{"id":3047,"date":"2016-10-28T11:14:12","date_gmt":"2016-10-28T09:14:12","guid":{"rendered":"http:\/\/wp4.kartes.lv\/lv\/product\/maza-lietuvas-autocelu-karte\/"},"modified":"2026-01-12T09:50:05","modified_gmt":"2026-01-12T07:50:05","slug":"maza-lietuvas-autocelu-karte","status":"publish","type":"product","link":"https:\/\/www.kartes.lv\/lv\/product\/maza-lietuvas-autocelu-karte\/","title":{"rendered":"Lietuva. Maz\u0101 autoce\u013cu karte"},"content":{"rendered":"<p>Neskatoties uz kartes izm\u0113riem, t\u0101s saturs ir visnota\u013c apjom\u012bgs: sam\u0113r\u0101 det\u0101ls autoce\u013cu t\u012bkls ar att\u0101luma nor\u0101d\u0113m starp noz\u012bm\u012bg\u0101kajiem ce\u013cu krustojumiem, dzelzce\u013ca un pr\u0101mju satiksmes l\u012bnijas, robe\u017eas p\u0101rejas punkti, nacion\u0101lie parki, rezerv\u0101ti, k\u0101 ar\u012b r\u016bp\u012bgi klasific\u0113tas apdz\u012bvot\u0101s vietas.<\/p>\n<p>Lietuvas autoce\u013cu karti m\u0113rog\u0101 1:1 000 000 papildina Vi\u013c\u0146as (m\u0113rogs 1:100 000), Kau\u0146as (m\u0113rogs 1:85 000), Klaip\u0113das, \u0160au\u013cu, Panev\u0113\u017eas un Al\u012btas (m\u0113rogs 1:75 000) pils\u0113tu pl\u0101ni.<\/p>","protected":false},"excerpt":{"rendered":"<p>2026. gada izdevums<br \/>\nM\u0113rogs 1:1 000 000<br \/>\nIzm\u0113rs 49 x 32 cm \/ 8,2 x 16 cm loc\u012bta<\/p>\n<p>EAN: 9789984074498<\/p>\n","protected":false},"featured_media":30079,"comment_status":"closed","ping_status":"closed","template":"","meta":[],"product_brand":[],"product_cat":[7,11],"product_tag":[],"class_list":{"0":"post-3047","1":"product","2":"type-product","3":"status-publish","4":"has-post-thumbnail","6":"product_cat-kartes-atlanti-celvezi","7":"product_cat-baltijas-kartes","9":"first","10":"instock","11":"taxable","12":"shipping-taxable","13":"purchasable","14":"product-type-simple"},"_links":{"self":[{"href":"https:\/\/www.kartes.lv\/lv\/wp-json\/wp\/v2\/product\/3047","targetHints":{"allow":["GET"]}}],"collection":[{"href":"https:\/\/www.kartes.lv\/lv\/wp-json\/wp\/v2\/product"}],"about":[{"href":"https:\/\/www.kartes.lv\/lv\/wp-json\/wp\/v2\/types\/product"}],"replies":[{"embeddable":true,"href":"https:\/\/www.kartes.lv\/lv\/wp-json\/wp\/v2\/comments?post=3047"}],"wp:featuredmedia":[{"embeddable":true,"href":"https:\/\/www.kartes.lv\/lv\/wp-json\/wp\/v2\/media\/30079"}],"wp:attachment":[{"href":"https:\/\/www.kartes.lv\/lv\/wp-json\/wp\/v2\/media?parent=3047"}],"wp:term":[{"taxonomy":"product_brand","embeddable":true,"href":"https:\/\/www.kartes.lv\/lv\/wp-json\/wp\/v2\/product_brand?post=3047"},{"taxonomy":"product_cat","embeddable":true,"href":"https:\/\/www.kartes.lv\/lv\/wp-json\/wp\/v2\/product_cat?post=3047"},{"taxonomy":"product_tag","embeddable":true,"href":"https:\/\/www.kartes.lv\/lv\/wp-json\/wp\/v2\/product_tag?post=3047"}],"curies":[{"name":"wp","href":"https:\/\/api.w.org\/{rel}","templated":true}]}}