{"id":3077,"date":"2016-10-28T11:14:19","date_gmt":"2016-10-28T09:14:19","guid":{"rendered":"http:\/\/wp4.kartes.lv\/lv\/product\/mazais-lietuvas-autocelu-atlants\/"},"modified":"2026-04-13T09:46:32","modified_gmt":"2026-04-13T06:46:32","slug":"mazais-lietuvas-autocelu-atlants","status":"publish","type":"product","link":"https:\/\/www.kartes.lv\/lv\/product\/mazais-lietuvas-autocelu-atlants\/","title":{"rendered":"Lietuva. Mazais autoce\u013cu atlants lietuvie\u0161u valod\u0101"},"content":{"rendered":"<p>Karti papildina 20 liel\u0101ko pils\u0113tu pl\u0101ni, k\u0101 ar\u012b apdz\u012bvoto vietu nosaukumu r\u0101d\u012bt\u0101js.<\/p>","protected":false},"excerpt":{"rendered":"<p><strong>Lietuvie\u0161u valod\u0101<\/strong><\/p>\n<p>2013. gada izdevums<br \/>\nM\u0113rogs 1:200 000<br \/>\nIzm\u0113rs 14 x 24 cm<br \/>\n168 lpp.<br \/>\nS\u0113jums m\u012bkstajos v\u0101kos<\/p>\n<p>EAN: 9789984075556<\/p>\n","protected":false},"featured_media":5716,"comment_status":"closed","ping_status":"closed","template":"","meta":[],"product_brand":[],"product_cat":[11,129],"product_tag":[],"class_list":{"0":"post-3077","1":"product","2":"type-product","3":"status-publish","4":"has-post-thumbnail","6":"product_cat-baltijas-kartes","7":"product_cat-akcija","9":"first","10":"instock","11":"sale","12":"taxable","13":"shipping-taxable","14":"purchasable","15":"product-type-simple"},"_links":{"self":[{"href":"https:\/\/www.kartes.lv\/lv\/wp-json\/wp\/v2\/product\/3077","targetHints":{"allow":["GET"]}}],"collection":[{"href":"https:\/\/www.kartes.lv\/lv\/wp-json\/wp\/v2\/product"}],"about":[{"href":"https:\/\/www.kartes.lv\/lv\/wp-json\/wp\/v2\/types\/product"}],"replies":[{"embeddable":true,"href":"https:\/\/www.kartes.lv\/lv\/wp-json\/wp\/v2\/comments?post=3077"}],"wp:featuredmedia":[{"embeddable":true,"href":"https:\/\/www.kartes.lv\/lv\/wp-json\/wp\/v2\/media\/5716"}],"wp:attachment":[{"href":"https:\/\/www.kartes.lv\/lv\/wp-json\/wp\/v2\/media?parent=3077"}],"wp:term":[{"taxonomy":"product_brand","embeddable":true,"href":"https:\/\/www.kartes.lv\/lv\/wp-json\/wp\/v2\/product_brand?post=3077"},{"taxonomy":"product_cat","embeddable":true,"href":"https:\/\/www.kartes.lv\/lv\/wp-json\/wp\/v2\/product_cat?post=3077"},{"taxonomy":"product_tag","embeddable":true,"href":"https:\/\/www.kartes.lv\/lv\/wp-json\/wp\/v2\/product_tag?post=3077"}],"curies":[{"name":"wp","href":"https:\/\/api.w.org\/{rel}","templated":true}]}}