{"id":3085,"date":"2016-10-28T11:14:20","date_gmt":"2016-10-28T09:14:20","guid":{"rendered":"http:\/\/wp4.kartes.lv\/lv\/product\/lietuvas-autocelu-atlants\/"},"modified":"2026-02-11T10:22:23","modified_gmt":"2026-02-11T08:22:23","slug":"lietuvas-autocelu-atlants","status":"publish","type":"product","link":"https:\/\/www.kartes.lv\/lv\/product\/lietuvas-autocelu-atlants\/","title":{"rendered":"Lietuva. Autoce\u013cu atlants lietuvie\u0161u valod\u0101"},"content":{"rendered":"<p>\u0160is ir vien\u012bgais Lietuvas autoce\u013cu atlants, kur\u0101 ir tik liels Lietuvas pils\u0113tu un ciemu pl\u0101nu skaits \u2013 57.<\/p>\n<p>Izdevum\u0101 ietvertaj\u0101 ielu nosaukumu r\u0101d\u012bt\u0101j\u0101 ir 13 500 ielu, par 4300 iel\u0101m vair\u0101k nek\u0101 atlanta iepriek\u0161\u0113j\u0101 izdevum\u0101.<\/p>\n<p>Ce\u013cu kart\u0113 atjaunota ar\u012b inform\u0101cijas par servisa (degvielas uzpildes stacijas, viesn\u012bcas u.c. naktsm\u012btnes) un da\u017e\u0101da veida (dabas, kult\u016brv\u0113sturiskie) apskates objektiem, atlant\u0101 dots apdz\u012bvoto vietu nosaukumu r\u0101d\u012bt\u0101js.<\/p>\n<p>Atlanta jaunais izdevums p\u0113c lietot\u0101ja v\u0113lm\u0113m atkal ir cietos lamin\u0113tos v\u0101kos, kas noteikti paildzin\u0101s t\u0101 kalpo\u0161anas laiku.<\/p>","protected":false},"excerpt":{"rendered":"<p><strong>Lietuvie\u0161u valod\u0101<\/strong><\/p>\n<p>Ceturtais, piln\u012bb\u0101 atjaunotais izdevums<br \/>\nM\u0113rogs 1:200 000<br \/>\nPils\u0113tu pl\u0101ni m\u0113rog\u0101 1:20 000<br \/>\nIzm\u0113rs 21 x 30 cm<br \/>\n232 lpp.<br \/>\nS\u0113jums cietajos v\u0101kos<\/p>\n<p>EAN: 9789984076461<\/p>\n","protected":false},"featured_media":5719,"comment_status":"closed","ping_status":"closed","template":"","meta":[],"product_brand":[],"product_cat":[11,129],"product_tag":[],"class_list":{"0":"post-3085","1":"product","2":"type-product","3":"status-publish","4":"has-post-thumbnail","6":"product_cat-baltijas-kartes","7":"product_cat-akcija","9":"first","10":"instock","11":"sale","12":"taxable","13":"shipping-taxable","14":"purchasable","15":"product-type-simple"},"_links":{"self":[{"href":"https:\/\/www.kartes.lv\/lv\/wp-json\/wp\/v2\/product\/3085","targetHints":{"allow":["GET"]}}],"collection":[{"href":"https:\/\/www.kartes.lv\/lv\/wp-json\/wp\/v2\/product"}],"about":[{"href":"https:\/\/www.kartes.lv\/lv\/wp-json\/wp\/v2\/types\/product"}],"replies":[{"embeddable":true,"href":"https:\/\/www.kartes.lv\/lv\/wp-json\/wp\/v2\/comments?post=3085"}],"wp:featuredmedia":[{"embeddable":true,"href":"https:\/\/www.kartes.lv\/lv\/wp-json\/wp\/v2\/media\/5719"}],"wp:attachment":[{"href":"https:\/\/www.kartes.lv\/lv\/wp-json\/wp\/v2\/media?parent=3085"}],"wp:term":[{"taxonomy":"product_brand","embeddable":true,"href":"https:\/\/www.kartes.lv\/lv\/wp-json\/wp\/v2\/product_brand?post=3085"},{"taxonomy":"product_cat","embeddable":true,"href":"https:\/\/www.kartes.lv\/lv\/wp-json\/wp\/v2\/product_cat?post=3085"},{"taxonomy":"product_tag","embeddable":true,"href":"https:\/\/www.kartes.lv\/lv\/wp-json\/wp\/v2\/product_tag?post=3085"}],"curies":[{"name":"wp","href":"https:\/\/api.w.org\/{rel}","templated":true}]}}