{"id":3115,"date":"2016-10-28T11:14:37","date_gmt":"2016-10-28T09:14:37","guid":{"rendered":"http:\/\/wp4.kartes.lv\/lv\/product\/lietuva-un-kaliningradas-apgabals-celu-karte\/"},"modified":"2025-07-31T17:09:08","modified_gmt":"2025-07-31T14:09:08","slug":"lietuvas-celu-karte","status":"publish","type":"product","link":"https:\/\/www.kartes.lv\/lv\/product\/lietuvas-celu-karte\/","title":{"rendered":"Lietuva. Autoce\u013cu karte. Cietais v\u0101ci\u0146\u0161"},"content":{"rendered":"<p>Kart\u0113 iek\u013cauts apdz\u012bvoto vietu alfab\u0113tiskais r\u0101d\u012bt\u0101js, att\u0101lumu tabula. K\u0101 ar\u012b Vi\u013c\u0146as, Kau\u0146as, Klaip\u0113das, \u0160au\u013cu, Pa\u0146eve\u017eas pils\u0113tu pl\u0101ni.<\/p>","protected":false},"excerpt":{"rendered":"<p>2022. gada izdevums<br \/>\nM\u0113rogs 1:500 000<br \/>\n96 x 69 cm \/ 12,5 x 24 cm loc\u012bts<br \/>\nCietais v\u0101ci\u0146\u0161<\/p>\n<p>EAN: 9789984074726<\/p>\n","protected":false},"featured_media":15357,"comment_status":"closed","ping_status":"closed","template":"","meta":[],"product_brand":[],"product_cat":[7,11],"product_tag":[],"class_list":{"0":"post-3115","1":"product","2":"type-product","3":"status-publish","4":"has-post-thumbnail","6":"product_cat-kartes-atlanti-celvezi","7":"product_cat-baltijas-kartes","9":"first","10":"instock","11":"taxable","12":"shipping-taxable","13":"purchasable","14":"product-type-simple"},"_links":{"self":[{"href":"https:\/\/www.kartes.lv\/lv\/wp-json\/wp\/v2\/product\/3115","targetHints":{"allow":["GET"]}}],"collection":[{"href":"https:\/\/www.kartes.lv\/lv\/wp-json\/wp\/v2\/product"}],"about":[{"href":"https:\/\/www.kartes.lv\/lv\/wp-json\/wp\/v2\/types\/product"}],"replies":[{"embeddable":true,"href":"https:\/\/www.kartes.lv\/lv\/wp-json\/wp\/v2\/comments?post=3115"}],"wp:featuredmedia":[{"embeddable":true,"href":"https:\/\/www.kartes.lv\/lv\/wp-json\/wp\/v2\/media\/15357"}],"wp:attachment":[{"href":"https:\/\/www.kartes.lv\/lv\/wp-json\/wp\/v2\/media?parent=3115"}],"wp:term":[{"taxonomy":"product_brand","embeddable":true,"href":"https:\/\/www.kartes.lv\/lv\/wp-json\/wp\/v2\/product_brand?post=3115"},{"taxonomy":"product_cat","embeddable":true,"href":"https:\/\/www.kartes.lv\/lv\/wp-json\/wp\/v2\/product_cat?post=3115"},{"taxonomy":"product_tag","embeddable":true,"href":"https:\/\/www.kartes.lv\/lv\/wp-json\/wp\/v2\/product_tag?post=3115"}],"curies":[{"name":"wp","href":"https:\/\/api.w.org\/{rel}","templated":true}]}}