{"id":3134,"date":"2016-10-28T11:14:48","date_gmt":"2016-10-28T09:14:48","guid":{"rendered":"http:\/\/wp4.kartes.lv\/lv\/product\/igaunijas-autocelu-karte-ipasi-izturiga\/"},"modified":"2025-08-01T09:38:19","modified_gmt":"2025-08-01T06:38:19","slug":"igaunijas-autocelu-karte-ipasi-izturiga","status":"publish","type":"product","link":"https:\/\/www.kartes.lv\/lv\/product\/igaunijas-autocelu-karte-ipasi-izturiga\/","title":{"rendered":"Igaunija. Ce\u013cu karte. \u012apa\u0161i iztur\u012bga!"},"content":{"rendered":"<p>Tallinas, Tartu, P\u0113rnavas, Narvas, Kures\u0101res pils\u0113tu pl\u0101ni.<br \/>\nAtt\u0101lumu tabula.<br \/>\nNosaukumu r\u0101d\u012bt\u0101js.<\/p>","protected":false},"excerpt":{"rendered":"<p>Lamin\u0113ta, \u012bpa\u0161i iztur\u012bga.<\/p>\n<p>2024. gada atjaunotais izdevums<br \/>\nM\u0113rogs 1: 560 000<br \/>\nIzm\u0113rs 66 x 48 cm\/ 11 x 23,7 cm loc\u012bta<\/p>\n<p>EAN: 9789984075938<\/p>\n","protected":false},"featured_media":19081,"comment_status":"closed","ping_status":"closed","template":"","meta":[],"product_brand":[],"product_cat":[7,11],"product_tag":[],"class_list":{"0":"post-3134","1":"product","2":"type-product","3":"status-publish","4":"has-post-thumbnail","6":"product_cat-kartes-atlanti-celvezi","7":"product_cat-baltijas-kartes","9":"first","10":"instock","11":"taxable","12":"shipping-taxable","13":"purchasable","14":"product-type-simple"},"_links":{"self":[{"href":"https:\/\/www.kartes.lv\/lv\/wp-json\/wp\/v2\/product\/3134","targetHints":{"allow":["GET"]}}],"collection":[{"href":"https:\/\/www.kartes.lv\/lv\/wp-json\/wp\/v2\/product"}],"about":[{"href":"https:\/\/www.kartes.lv\/lv\/wp-json\/wp\/v2\/types\/product"}],"replies":[{"embeddable":true,"href":"https:\/\/www.kartes.lv\/lv\/wp-json\/wp\/v2\/comments?post=3134"}],"wp:featuredmedia":[{"embeddable":true,"href":"https:\/\/www.kartes.lv\/lv\/wp-json\/wp\/v2\/media\/19081"}],"wp:attachment":[{"href":"https:\/\/www.kartes.lv\/lv\/wp-json\/wp\/v2\/media?parent=3134"}],"wp:term":[{"taxonomy":"product_brand","embeddable":true,"href":"https:\/\/www.kartes.lv\/lv\/wp-json\/wp\/v2\/product_brand?post=3134"},{"taxonomy":"product_cat","embeddable":true,"href":"https:\/\/www.kartes.lv\/lv\/wp-json\/wp\/v2\/product_cat?post=3134"},{"taxonomy":"product_tag","embeddable":true,"href":"https:\/\/www.kartes.lv\/lv\/wp-json\/wp\/v2\/product_tag?post=3134"}],"curies":[{"name":"wp","href":"https:\/\/api.w.org\/{rel}","templated":true}]}}