{"id":3180,"date":"2016-10-28T11:15:08","date_gmt":"2016-10-28T09:15:08","guid":{"rendered":"http:\/\/wp4.kartes.lv\/lv\/product\/austrumeiropa\/"},"modified":"2026-04-02T01:00:02","modified_gmt":"2026-04-01T22:00:02","slug":"austrumeiropa","status":"publish","type":"product","link":"https:\/\/www.kartes.lv\/lv\/product\/austrumeiropa\/","title":{"rendered":"Austrumeiropa. Ce\u013cu karte"},"content":{"rendered":"<p>Austrumeiropas ce\u013cu karte lieliski noder tiem, kas brauc uz Krieviju, Baltkrieviju un Ukrainu.<\/p>\n<p>Karte aptver Eiropas da\u013cu no Kolas pussalas zieme\u013cos l\u012bdz Kauk\u0101zam dienvidos un no Polijas rietumos l\u012bdz Ur\u0101liem austrumos. Vietv\u0101rdi doti ori\u0123in\u0101lvalod\u0101s, ar\u012b Krievijas autonomiju valod\u0101s.<\/p>\n<p>Kart\u0113 bez autoce\u013ciem par\u0101d\u012btas ar\u012b dzelzce\u013cu un pr\u0101mju l\u012bnijas, lidostas, robe\u017ep\u0101rejas punkti, administrat\u012bv\u0101s robe\u017eas, iev\u0113rojami apskates objekti, nacion\u0101lie parki, izdal\u012btas teritorijas ar nenoregul\u0113tu politisko statusu (Pied\u0146estra, Abh\u0101zija, Dienvidosetija, Krima) un \u010cernobi\u013cas zona.<\/p>","protected":false},"excerpt":{"rendered":"<p>2015. gada izdevums<\/p>\n<p>M\u0113rogs 1: 2 000 000<br \/>\nIzm\u0113rs 88,5 x 118 cm \/ 23 x 11,5 cm loc\u012bts<br \/>\nCietais v\u0101ks<\/p>\n<p>EAN: 9789984073903<\/p>\n","protected":false},"featured_media":5647,"comment_status":"closed","ping_status":"closed","template":"","meta":[],"product_brand":[],"product_cat":[7,9,129],"product_tag":[],"class_list":{"0":"post-3180","1":"product","2":"type-product","3":"status-publish","4":"has-post-thumbnail","6":"product_cat-kartes-atlanti-celvezi","7":"product_cat-eiropas-kartes","8":"product_cat-akcija","10":"first","11":"instock","12":"taxable","13":"shipping-taxable","14":"purchasable","15":"product-type-simple"},"_links":{"self":[{"href":"https:\/\/www.kartes.lv\/lv\/wp-json\/wp\/v2\/product\/3180","targetHints":{"allow":["GET"]}}],"collection":[{"href":"https:\/\/www.kartes.lv\/lv\/wp-json\/wp\/v2\/product"}],"about":[{"href":"https:\/\/www.kartes.lv\/lv\/wp-json\/wp\/v2\/types\/product"}],"replies":[{"embeddable":true,"href":"https:\/\/www.kartes.lv\/lv\/wp-json\/wp\/v2\/comments?post=3180"}],"wp:featuredmedia":[{"embeddable":true,"href":"https:\/\/www.kartes.lv\/lv\/wp-json\/wp\/v2\/media\/5647"}],"wp:attachment":[{"href":"https:\/\/www.kartes.lv\/lv\/wp-json\/wp\/v2\/media?parent=3180"}],"wp:term":[{"taxonomy":"product_brand","embeddable":true,"href":"https:\/\/www.kartes.lv\/lv\/wp-json\/wp\/v2\/product_brand?post=3180"},{"taxonomy":"product_cat","embeddable":true,"href":"https:\/\/www.kartes.lv\/lv\/wp-json\/wp\/v2\/product_cat?post=3180"},{"taxonomy":"product_tag","embeddable":true,"href":"https:\/\/www.kartes.lv\/lv\/wp-json\/wp\/v2\/product_tag?post=3180"}],"curies":[{"name":"wp","href":"https:\/\/api.w.org\/{rel}","templated":true}]}}