{"id":3198,"date":"2016-10-28T11:15:14","date_gmt":"2016-10-28T09:15:14","guid":{"rendered":"http:\/\/wp4.kartes.lv\/lv\/product\/%d1%80%d0%b8%d0%b3%d0%b0-%d1%8e%d1%80%d0%bc%d0%b0%d0%bb%d0%b0-%d0%b8-%d0%be%d0%ba%d1%80%d0%b5%d1%81%d1%82%d0%bd%d0%be%d1%81%d1%82%d0%b8-%d0%bf%d1%83%d1%82%d0%b5%d0%b2%d0%be%d0%b4%d0%b8%d1%82%d0%b5\/"},"modified":"2026-03-02T09:55:45","modified_gmt":"2026-03-02T07:55:45","slug":"%d1%80%d0%b8%d0%b3%d0%b0-%d1%8e%d1%80%d0%bc%d0%b0%d0%bb%d0%b0-%d0%b8-%d0%be%d0%ba%d1%80%d0%b5%d1%81%d1%82%d0%bd%d0%be%d1%81%d1%82%d0%b8-%d0%bf%d1%83%d1%82%d0%b5%d0%b2%d0%be%d0%b4%d0%b8%d1%82%d0%b5","status":"publish","type":"product","link":"https:\/\/www.kartes.lv\/lv\/product\/%d1%80%d0%b8%d0%b3%d0%b0-%d1%8e%d1%80%d0%bc%d0%b0%d0%bb%d0%b0-%d0%b8-%d0%be%d0%ba%d1%80%d0%b5%d1%81%d1%82%d0%bd%d0%be%d1%81%d1%82%d0%b8-%d0%bf%d1%83%d1%82%d0%b5%d0%b2%d0%be%d0%b4%d0%b8%d1%82%d0%b5\/","title":{"rendered":"\u0420\u0438\u0433\u0430, \u042e\u0440\u043c\u0430\u043b\u0430 \u0438 \u043e\u043a\u0440\u0435\u0441\u0442\u043d\u043e\u0441\u0442\u0438. \u041f\u0443\u0442\u0435\u0432\u043e\u0434\u0438\u0442\u0435\u043b\u044c (nocenots)"},"content":{"rendered":"<p>\u0160is izdevums tapis to krieviski laso\u0161o t\u016bristu interesei, kuri Latvij\u0101 ierodas \u012bsaj\u0101s br\u012bvdien\u0101s, lai apskat\u012btu R\u012bgu, J\u016brmalu un tuv\u0101ko apk\u0101rtni.<\/p>\n<p>Maz\u0101s kabatas form\u0101ta gr\u0101mati\u0146as ievad\u0101 var uzzin\u0101t daudzas lietas kopum\u0101 \u2013 gan par klimatu un iedz\u012bvot\u0101jiem, gan par t\u0101d\u0101m sadz\u012bvisk\u0101k\u0101m liet\u0101m, k\u0101 iepirk\u0161an\u0101s, transporta pakalpojumiem vai \u0113din\u0101\u0161anu.<\/p>\n<p>Sada\u013c\u0101s par R\u012bgu, J\u016brmalu un apk\u0101rtni dots \u012bss v\u0113stures izkl\u0101ts un iev\u0113rojam\u0101ko t\u016brisma objektu apraksti, kuri papildin\u0101ti ar fotoatt\u0113liem un kart\u0113m. J\u0101piebilst, ka visi min\u0113tie objekti ir atrodami izdevum\u0101 iek\u013cautaj\u0101s kart\u0113s.<br \/>\nCe\u013cve\u017ea beig\u0101s ir \u012bpa\u0161a noda\u013ca uzzi\u0146u inform\u0101cijai par t\u016brisma inform\u0101cijas centriem, muzejiem un naktsm\u012btn\u0113m, k\u0101 ar\u012b nosaukumu r\u0101d\u012bt\u0101js.<\/p>","protected":false},"excerpt":{"rendered":"<p><strong>Krievu valod\u0101<\/strong><\/p>\n<p>2011. gada izdevums<br \/>\nIzm\u0113rs: 10,5 x 19 cm<br \/>\nSvars: 0.190 g<br \/>\n108 lpp.<br \/>\nM\u012bkstie v\u0101ki<\/p>\n<p>EAN: 9789984076294<\/p>\n","protected":false},"featured_media":5429,"comment_status":"closed","ping_status":"closed","template":"","meta":[],"product_brand":[],"product_cat":[10,111],"product_tag":[],"class_list":{"0":"post-3198","1":"product","2":"type-product","3":"status-publish","4":"has-post-thumbnail","6":"product_cat-celu-kartes-atlanti","7":"product_cat-nocenots","9":"first","10":"instock","11":"sale","12":"featured","13":"taxable","14":"shipping-taxable","15":"purchasable","16":"product-type-simple"},"_links":{"self":[{"href":"https:\/\/www.kartes.lv\/lv\/wp-json\/wp\/v2\/product\/3198","targetHints":{"allow":["GET"]}}],"collection":[{"href":"https:\/\/www.kartes.lv\/lv\/wp-json\/wp\/v2\/product"}],"about":[{"href":"https:\/\/www.kartes.lv\/lv\/wp-json\/wp\/v2\/types\/product"}],"replies":[{"embeddable":true,"href":"https:\/\/www.kartes.lv\/lv\/wp-json\/wp\/v2\/comments?post=3198"}],"wp:featuredmedia":[{"embeddable":true,"href":"https:\/\/www.kartes.lv\/lv\/wp-json\/wp\/v2\/media\/5429"}],"wp:attachment":[{"href":"https:\/\/www.kartes.lv\/lv\/wp-json\/wp\/v2\/media?parent=3198"}],"wp:term":[{"taxonomy":"product_brand","embeddable":true,"href":"https:\/\/www.kartes.lv\/lv\/wp-json\/wp\/v2\/product_brand?post=3198"},{"taxonomy":"product_cat","embeddable":true,"href":"https:\/\/www.kartes.lv\/lv\/wp-json\/wp\/v2\/product_cat?post=3198"},{"taxonomy":"product_tag","embeddable":true,"href":"https:\/\/www.kartes.lv\/lv\/wp-json\/wp\/v2\/product_tag?post=3198"}],"curies":[{"name":"wp","href":"https:\/\/api.w.org\/{rel}","templated":true}]}}