{"id":3205,"date":"2016-10-28T11:15:15","date_gmt":"2016-10-28T09:15:15","guid":{"rendered":"http:\/\/wp4.kartes.lv\/lv\/product\/latvijas-celvedis\/"},"modified":"2026-03-16T10:17:06","modified_gmt":"2026-03-16T08:17:06","slug":"latvia-travel-guide-outlet","status":"publish","type":"product","link":"https:\/\/www.kartes.lv\/lv\/product\/latvia-travel-guide-outlet\/","title":{"rendered":"Latvijas t\u016brisma ce\u013cvedis (nocenots)"},"content":{"rendered":"<p>Dodoties tuv\u0101kos un t\u0101l\u0101kos ce\u013cojumos pa Latviju, neaizst\u0101jams ce\u013cabiedrs un izzi\u0146as avots b\u016bs <em>Latvijas t\u016brisma ce\u013cvedis<\/em>.<\/p>\n<p>Latvijas t\u016brisma ce\u013cvedis ir viens no informat\u012bv\u0101kajiem t\u016brisma izdevumiem par Latviju. Ce\u013cve\u017ea 255 lappus\u0113s apkopot\u0101 inform\u0101cija par 600 apskates viet\u0101m un 360 muzejiem papildin\u0101ta ar 115 prec\u012bz\u0101m kart\u0113m un vair\u0101k nek\u0101 400 fotoatt\u0113liem. \u0112rt\u0101kai ce\u013cve\u017ea lieto\u0161anai inform\u0101cija sak\u0101rtota 10 re\u0123ionu noda\u013c\u0101s, atsevi\u0161\u0137a noda\u013ca velt\u012bta R\u012bgai.<\/p>\n<p>Izdevuma ievadda\u013c\u0101 sniegtas visp\u0101r\u012bgas zi\u0146as par Latviju, t\u0101s v\u0113sturi un iedz\u012bvot\u0101jiem. V\u0113sturiskais konteksts Latvijas apce\u013cot\u0101jiem \u013caus lab\u0101k uztvert turpin\u0101jum\u0101 apskat\u012btos re\u0123ionus un vietas, kas aprakst\u012btas viegli saprotam\u0101 form\u0101, bet saglab\u0101jot enciklop\u0113disku precizit\u0101ti. Izdevumu nosl\u0113dz uzzi\u0146u sada\u013ca, kur\u0101 ir ietverti visi muzeji un t\u016brisma inform\u0101cijas centri.<\/p>\n<p>\u201cKar\u0161u izdevniec\u012bba J\u0101\u0146a s\u0113ta\u201d pirmo Latvijas t\u016brisma ce\u013cvedi laida klaj\u0101 2004. gad\u0101. Kop\u0161 \u0161\u012b laika t\u016brisma nozare Latvij\u0101 piedz\u012bvojusi iev\u0113rojamas izmai\u0146as \u2013 tiek rad\u012btas aizvien jaunas apskates un izklaides vietas, savu atdzim\u0161anu piedz\u012bvo v\u0113stures un kult\u016bras pieminek\u013ci.<\/p>\n<p>Ce\u013cve\u017ea autori pateicas par sadarb\u012bbu t\u016brisma inform\u0101cijas centriem un pa\u0161vald\u012bb\u0101m, k\u0101 ar\u012b fotogr\u0101fiem un visiem, kas atbalst\u012bja \u0161\u012b izdevuma tap\u0161anu.<\/p>","protected":false},"excerpt":{"rendered":"<p><strong>Ang\u013cu valod\u0101<\/strong><\/p>\n<p>2011. gada izdevums<br \/>\nIzm\u0113rs: 24 cm x 14 cm<br \/>\nSvars: 0.560 g<br \/>\n255 lpp.<br \/>\nM\u012bkstie v\u0101ki<\/p>\n<p>EAN: 9789984076010<\/p>\n","protected":false},"featured_media":18757,"comment_status":"closed","ping_status":"closed","template":"","meta":[],"product_brand":[],"product_cat":[10,132],"product_tag":[],"class_list":{"0":"post-3205","1":"product","2":"type-product","3":"status-publish","4":"has-post-thumbnail","6":"product_cat-celu-kartes-atlanti","7":"product_cat-pedejie-eksemplari","9":"first","10":"instock","11":"sale","12":"featured","13":"taxable","14":"shipping-taxable","15":"purchasable","16":"product-type-simple"},"_links":{"self":[{"href":"https:\/\/www.kartes.lv\/lv\/wp-json\/wp\/v2\/product\/3205","targetHints":{"allow":["GET"]}}],"collection":[{"href":"https:\/\/www.kartes.lv\/lv\/wp-json\/wp\/v2\/product"}],"about":[{"href":"https:\/\/www.kartes.lv\/lv\/wp-json\/wp\/v2\/types\/product"}],"replies":[{"embeddable":true,"href":"https:\/\/www.kartes.lv\/lv\/wp-json\/wp\/v2\/comments?post=3205"}],"wp:featuredmedia":[{"embeddable":true,"href":"https:\/\/www.kartes.lv\/lv\/wp-json\/wp\/v2\/media\/18757"}],"wp:attachment":[{"href":"https:\/\/www.kartes.lv\/lv\/wp-json\/wp\/v2\/media?parent=3205"}],"wp:term":[{"taxonomy":"product_brand","embeddable":true,"href":"https:\/\/www.kartes.lv\/lv\/wp-json\/wp\/v2\/product_brand?post=3205"},{"taxonomy":"product_cat","embeddable":true,"href":"https:\/\/www.kartes.lv\/lv\/wp-json\/wp\/v2\/product_cat?post=3205"},{"taxonomy":"product_tag","embeddable":true,"href":"https:\/\/www.kartes.lv\/lv\/wp-json\/wp\/v2\/product_tag?post=3205"}],"curies":[{"name":"wp","href":"https:\/\/api.w.org\/{rel}","templated":true}]}}