{"id":3218,"date":"2016-10-28T11:15:19","date_gmt":"2016-10-28T09:15:19","guid":{"rendered":"http:\/\/wp4.kartes.lv\/lv\/product\/konturkarsu-albums-skolam\/"},"modified":"2026-03-02T10:23:13","modified_gmt":"2026-03-02T08:23:13","slug":"konturkarsu-albums-skolam","status":"publish","type":"product","link":"https:\/\/www.kartes.lv\/lv\/product\/konturkarsu-albums-skolam\/","title":{"rendered":"Kont\u016brkar\u0161u albums skol\u0101m"},"content":{"rendered":"<p>Album\u0101 ietvertas 35 kont\u016brkartes, kuras, pateicoties iestr\u0101d\u0101tajai perfor\u0101cijai, var izmantot ar\u012b atsevi\u0161\u0137i. Kont\u016brkartes ir divkr\u0101su, kas \u013cauj uzskat\u0101m\u0101k par\u0101d\u012bt reljefu un citu inform\u0101ciju.<\/p>","protected":false},"excerpt":{"rendered":"<p>2023. gada izdevums<br \/>\nIzm\u0113rs: 29.3 cm x 21 cm<br \/>\nSvars: 0.220 g<br \/>\n32 izpl\u0113\u0161amas lapas<br \/>\nM\u012bkstie v\u0101ki<\/p>\n<p>EAN: 9789984074177<\/p>\n","protected":false},"featured_media":5724,"comment_status":"closed","ping_status":"closed","template":"","meta":[],"product_brand":[],"product_cat":[113],"product_tag":[],"class_list":{"0":"post-3218","1":"product","2":"type-product","3":"status-publish","4":"has-post-thumbnail","6":"product_cat-skoleniem","8":"first","9":"instock","10":"taxable","11":"shipping-taxable","12":"purchasable","13":"product-type-simple"},"_links":{"self":[{"href":"https:\/\/www.kartes.lv\/lv\/wp-json\/wp\/v2\/product\/3218","targetHints":{"allow":["GET"]}}],"collection":[{"href":"https:\/\/www.kartes.lv\/lv\/wp-json\/wp\/v2\/product"}],"about":[{"href":"https:\/\/www.kartes.lv\/lv\/wp-json\/wp\/v2\/types\/product"}],"replies":[{"embeddable":true,"href":"https:\/\/www.kartes.lv\/lv\/wp-json\/wp\/v2\/comments?post=3218"}],"wp:featuredmedia":[{"embeddable":true,"href":"https:\/\/www.kartes.lv\/lv\/wp-json\/wp\/v2\/media\/5724"}],"wp:attachment":[{"href":"https:\/\/www.kartes.lv\/lv\/wp-json\/wp\/v2\/media?parent=3218"}],"wp:term":[{"taxonomy":"product_brand","embeddable":true,"href":"https:\/\/www.kartes.lv\/lv\/wp-json\/wp\/v2\/product_brand?post=3218"},{"taxonomy":"product_cat","embeddable":true,"href":"https:\/\/www.kartes.lv\/lv\/wp-json\/wp\/v2\/product_cat?post=3218"},{"taxonomy":"product_tag","embeddable":true,"href":"https:\/\/www.kartes.lv\/lv\/wp-json\/wp\/v2\/product_tag?post=3218"}],"curies":[{"name":"wp","href":"https:\/\/api.w.org\/{rel}","templated":true}]}}