{"id":3254,"date":"2016-10-28T11:15:29","date_gmt":"2016-10-28T09:15:29","guid":{"rendered":"http:\/\/wp4.kartes.lv\/lv\/product\/lietuvas-administrativa-un-fiziogeografiska-karte-a3-formata\/"},"modified":"2026-03-02T10:46:52","modified_gmt":"2026-03-02T08:46:52","slug":"lietuvas-administrativa-un-fiziogeografiska-karte-a3-formata","status":"publish","type":"product","link":"https:\/\/www.kartes.lv\/lv\/product\/lietuvas-administrativa-un-fiziogeografiska-karte-a3-formata\/","title":{"rendered":"Lietuvas administrat\u012bv\u0101 un fizio\u0123eogr\u0101fisk\u0101 karte. A3 form\u0101t\u0101"},"content":{"rendered":"<p>Lietuvas administrat\u012bv\u0101s (no vienas puses) un fizio\u0123eogr\u0101fisk\u0101 kartes izdevums (no otras puses) A3 form\u0101t\u0101.Lietu<\/p>","protected":false},"excerpt":{"rendered":"<p><strong>Lietuvie\u0161u valod\u0101<\/strong><\/p>\n<p>Abpus\u0113ji lamin\u0113ta<br \/>\nIzm\u0113rs: 29.7 \u00d7 42 cm (A3)<\/p>\n<p>EAN: 9789984075594<\/p>\n","protected":false},"featured_media":18907,"comment_status":"closed","ping_status":"closed","template":"","meta":[],"product_brand":[],"product_cat":[113],"product_tag":[],"class_list":{"0":"post-3254","1":"product","2":"type-product","3":"status-publish","4":"has-post-thumbnail","6":"product_cat-skoleniem","8":"first","9":"instock","10":"taxable","11":"shipping-taxable","12":"purchasable","13":"product-type-simple"},"_links":{"self":[{"href":"https:\/\/www.kartes.lv\/lv\/wp-json\/wp\/v2\/product\/3254","targetHints":{"allow":["GET"]}}],"collection":[{"href":"https:\/\/www.kartes.lv\/lv\/wp-json\/wp\/v2\/product"}],"about":[{"href":"https:\/\/www.kartes.lv\/lv\/wp-json\/wp\/v2\/types\/product"}],"replies":[{"embeddable":true,"href":"https:\/\/www.kartes.lv\/lv\/wp-json\/wp\/v2\/comments?post=3254"}],"wp:featuredmedia":[{"embeddable":true,"href":"https:\/\/www.kartes.lv\/lv\/wp-json\/wp\/v2\/media\/18907"}],"wp:attachment":[{"href":"https:\/\/www.kartes.lv\/lv\/wp-json\/wp\/v2\/media?parent=3254"}],"wp:term":[{"taxonomy":"product_brand","embeddable":true,"href":"https:\/\/www.kartes.lv\/lv\/wp-json\/wp\/v2\/product_brand?post=3254"},{"taxonomy":"product_cat","embeddable":true,"href":"https:\/\/www.kartes.lv\/lv\/wp-json\/wp\/v2\/product_cat?post=3254"},{"taxonomy":"product_tag","embeddable":true,"href":"https:\/\/www.kartes.lv\/lv\/wp-json\/wp\/v2\/product_tag?post=3254"}],"curies":[{"name":"wp","href":"https:\/\/api.w.org\/{rel}","templated":true}]}}