{"id":3271,"date":"2016-10-28T11:15:33","date_gmt":"2016-10-28T08:15:33","guid":{"rendered":"http:\/\/wp4.kartes.lv\/lv\/product\/eiropas-politiska-un-fiziogeografiska-karte-a3-formata\/"},"modified":"2026-03-02T10:44:55","modified_gmt":"2026-03-02T08:44:55","slug":"eiropas-politiska-un-fiziogeografiska-karte-a3-formata","status":"publish","type":"product","link":"https:\/\/www.kartes.lv\/lv\/product\/eiropas-politiska-un-fiziogeografiska-karte-a3-formata\/","title":{"rendered":"Eiropas politisk\u0101 un fizio\u0123eogr\u0101fisk\u0101 karte. A3 form\u0101t\u0101"},"content":{"rendered":"<p>Abpus\u0113ja Eiropas karte ar politisko karti vien\u0101 pus\u0113 un fizio\u0123eogr\u0101fisko karti otr\u0101 pus\u0113.<\/p>\n<p>\u012apa\u0161i piem\u0113rota izmanto\u0161anai m\u0101c\u012bbu proces\u0101 skol\u0101s.<\/p>","protected":false},"excerpt":{"rendered":"<p><strong>Pieejama latvie\u0161u vai lietuvie\u0161u valod\u0101<\/strong><\/p>\n<p>Abpus\u0113ji lamin\u0113ta<br \/>\nIzm\u0113rs: 29.7 \u00d7 42 cm (A3)<\/p>\n<p>EAN: 978998407523<\/p>\n","protected":false},"featured_media":18904,"comment_status":"closed","ping_status":"closed","template":"","meta":[],"product_brand":[],"product_cat":[113],"product_tag":[],"class_list":{"0":"post-3271","1":"product","2":"type-product","3":"status-publish","4":"has-post-thumbnail","6":"product_cat-skoleniem","8":"first","9":"instock","10":"taxable","11":"shipping-taxable","12":"purchasable","13":"product-type-simple"},"_links":{"self":[{"href":"https:\/\/www.kartes.lv\/lv\/wp-json\/wp\/v2\/product\/3271","targetHints":{"allow":["GET"]}}],"collection":[{"href":"https:\/\/www.kartes.lv\/lv\/wp-json\/wp\/v2\/product"}],"about":[{"href":"https:\/\/www.kartes.lv\/lv\/wp-json\/wp\/v2\/types\/product"}],"replies":[{"embeddable":true,"href":"https:\/\/www.kartes.lv\/lv\/wp-json\/wp\/v2\/comments?post=3271"}],"wp:featuredmedia":[{"embeddable":true,"href":"https:\/\/www.kartes.lv\/lv\/wp-json\/wp\/v2\/media\/18904"}],"wp:attachment":[{"href":"https:\/\/www.kartes.lv\/lv\/wp-json\/wp\/v2\/media?parent=3271"}],"wp:term":[{"taxonomy":"product_brand","embeddable":true,"href":"https:\/\/www.kartes.lv\/lv\/wp-json\/wp\/v2\/product_brand?post=3271"},{"taxonomy":"product_cat","embeddable":true,"href":"https:\/\/www.kartes.lv\/lv\/wp-json\/wp\/v2\/product_cat?post=3271"},{"taxonomy":"product_tag","embeddable":true,"href":"https:\/\/www.kartes.lv\/lv\/wp-json\/wp\/v2\/product_tag?post=3271"}],"curies":[{"name":"wp","href":"https:\/\/api.w.org\/{rel}","templated":true}]}}