{"id":3276,"date":"2016-10-28T11:15:35","date_gmt":"2016-10-28T09:15:35","guid":{"rendered":"http:\/\/wp4.kartes.lv\/lv\/product\/eografijas-atlants-7-un-8-klasei\/"},"modified":"2026-03-02T10:20:08","modified_gmt":"2026-03-02T08:20:08","slug":"geografijas-atlants-7-un-8-klasei","status":"publish","type":"product","link":"https:\/\/www.kartes.lv\/lv\/product\/geografijas-atlants-7-un-8-klasei\/","title":{"rendered":"\u0122eogr\u0101fijas atlants 7. un 8. klasei"},"content":{"rendered":"<p>Atlant\u0101 ietvertas fizio\u0123eogr\u0101fisk\u0101s, politisk\u0101s, da\u017e\u0101das tematisk\u0101s (iedz\u012bvot\u0101ju, tautu un valodu, klimata u.c.) kartes pasaulei, kontinentiem un pasaules da\u013c\u0101m. Izdevums ir bag\u0101t\u012bgi ilustr\u0113ts ar fotogr\u0101fij\u0101m. Atbilsto\u0161i skolu m\u0101c\u012bbu programmai atlants paredz\u0113ts 7. un 8. klasei, bet noder\u012bgu inform\u0101ciju taj\u0101 atrad\u012bs visi, kas interes\u0113jas par \u0123eogr\u0101fiju.<\/p>","protected":false},"excerpt":{"rendered":"<p>Ceturtais, atjaunotais izdevums<\/p>\n<p>2025. gada izdevums<br \/>\nIzm\u0113rs: 31.3 cm x 22 cm<br \/>\nSvars: 0.260 g<br \/>\n56 lpp.<br \/>\nM\u012bkstie v\u0101ki<\/p>\n<p>EAN: 9789984075808<\/p>\n","protected":false},"featured_media":21366,"comment_status":"closed","ping_status":"closed","template":"","meta":[],"product_brand":[],"product_cat":[113],"product_tag":[],"class_list":{"0":"post-3276","1":"product","2":"type-product","3":"status-publish","4":"has-post-thumbnail","6":"product_cat-skoleniem","8":"first","9":"instock","10":"taxable","11":"shipping-taxable","12":"purchasable","13":"product-type-simple"},"_links":{"self":[{"href":"https:\/\/www.kartes.lv\/lv\/wp-json\/wp\/v2\/product\/3276","targetHints":{"allow":["GET"]}}],"collection":[{"href":"https:\/\/www.kartes.lv\/lv\/wp-json\/wp\/v2\/product"}],"about":[{"href":"https:\/\/www.kartes.lv\/lv\/wp-json\/wp\/v2\/types\/product"}],"replies":[{"embeddable":true,"href":"https:\/\/www.kartes.lv\/lv\/wp-json\/wp\/v2\/comments?post=3276"}],"wp:featuredmedia":[{"embeddable":true,"href":"https:\/\/www.kartes.lv\/lv\/wp-json\/wp\/v2\/media\/21366"}],"wp:attachment":[{"href":"https:\/\/www.kartes.lv\/lv\/wp-json\/wp\/v2\/media?parent=3276"}],"wp:term":[{"taxonomy":"product_brand","embeddable":true,"href":"https:\/\/www.kartes.lv\/lv\/wp-json\/wp\/v2\/product_brand?post=3276"},{"taxonomy":"product_cat","embeddable":true,"href":"https:\/\/www.kartes.lv\/lv\/wp-json\/wp\/v2\/product_cat?post=3276"},{"taxonomy":"product_tag","embeddable":true,"href":"https:\/\/www.kartes.lv\/lv\/wp-json\/wp\/v2\/product_tag?post=3276"}],"curies":[{"name":"wp","href":"https:\/\/api.w.org\/{rel}","templated":true}]}}