{"id":3285,"date":"2016-10-28T11:15:37","date_gmt":"2016-10-28T09:15:37","guid":{"rendered":"http:\/\/wp4.kartes.lv\/lv\/product\/uus-maailma-atlas\/"},"modified":"2026-03-02T10:02:01","modified_gmt":"2026-03-02T08:02:01","slug":"uus-maailma-atlas","status":"publish","type":"product","link":"https:\/\/www.kartes.lv\/lv\/product\/uus-maailma-atlas\/","title":{"rendered":"Jaunais pasaules \u0123eogr\u0101fijas atlants (igau\u0146u valod\u0101)"},"content":{"rendered":"<p>Jaunais pasaules \u0123eogr\u0101fijas atlants (Uus maailma atlas) ir univers\u0101ls izdevums, kas der\u0113s gan vispras\u012bg\u0101kajiem kar\u0161u lietot\u0101jiem, gan skol\u0113niem, jo atlanta saturs piln\u012bb\u0101 atbilst jaunajam izgl\u012bt\u012bbas standartam un \u0123eogr\u0101fijas apguves programmai.<\/p>\n<p>Izdevum\u0101 ietvert\u0101s vair\u0101k nek\u0101 200 kartes un att\u0113lus papildina pla\u0161a uzzi\u0146u sada\u013ca ar valstu un teritoriju karogiem un nosaukumu r\u0101d\u012bt\u0101js ar vair\u0101k nek\u0101 12 000 vietv\u0101rdu. Izdevum\u0101 ir atsevi\u0161\u0137a sada\u013ca par Igauniju.<\/p>\n<p>Pasaul\u0113 viss strauji main\u0101s, t\u0101p\u0113c, lai\u017eot klaj\u0101 Jaun\u0101 pasaules \u0123eogr\u0101fijas atlanta piekto izdevumu, kartogr\u0101fi t\u0101 satur\u0101 veiku\u0161i simtiem labojumu.<br \/>\nAtlant\u0101 att\u0113lota Ukrainas situ\u0101cija, laboti Ukrainas pils\u0113tu nosaukumi, k\u0101 ar\u012b atspogu\u013cotas starptautisk\u0101s sankcijas pret valst\u012bm, t.sk. Krieviju. Atjaunota ar\u012b pasaules konfliktu karte un, \u0146emot v\u0113r\u0101 p\u0113d\u0113jo gadu b\u0113g\u013cu pl\u016bsmas, ir atjaunotas migr\u0101cijas kartes.<\/p>","protected":false},"excerpt":{"rendered":"<p><strong>Igau\u0146u valod\u0101<\/strong><\/p>\n<p>Sestais, atjaunotais izdevums<br \/>\n2025. gada izdevums<br \/>\nIzm\u0113rs: 31cm x 22 cm<br \/>\nSvars: 0.650 g<br \/>\n168 lpp.<br \/>\nM\u012bkstie v\u0101ki<\/p>\n","protected":false},"featured_media":17080,"comment_status":"closed","ping_status":"closed","template":"","meta":[],"product_brand":[],"product_cat":[113,14],"product_tag":[],"class_list":{"0":"post-3285","1":"product","2":"type-product","3":"status-publish","4":"has-post-thumbnail","6":"product_cat-skoleniem","7":"product_cat-izglitojosie-izdevumi","9":"first","10":"instock","11":"taxable","12":"shipping-taxable","13":"purchasable","14":"product-type-simple"},"_links":{"self":[{"href":"https:\/\/www.kartes.lv\/lv\/wp-json\/wp\/v2\/product\/3285","targetHints":{"allow":["GET"]}}],"collection":[{"href":"https:\/\/www.kartes.lv\/lv\/wp-json\/wp\/v2\/product"}],"about":[{"href":"https:\/\/www.kartes.lv\/lv\/wp-json\/wp\/v2\/types\/product"}],"replies":[{"embeddable":true,"href":"https:\/\/www.kartes.lv\/lv\/wp-json\/wp\/v2\/comments?post=3285"}],"wp:featuredmedia":[{"embeddable":true,"href":"https:\/\/www.kartes.lv\/lv\/wp-json\/wp\/v2\/media\/17080"}],"wp:attachment":[{"href":"https:\/\/www.kartes.lv\/lv\/wp-json\/wp\/v2\/media?parent=3285"}],"wp:term":[{"taxonomy":"product_brand","embeddable":true,"href":"https:\/\/www.kartes.lv\/lv\/wp-json\/wp\/v2\/product_brand?post=3285"},{"taxonomy":"product_cat","embeddable":true,"href":"https:\/\/www.kartes.lv\/lv\/wp-json\/wp\/v2\/product_cat?post=3285"},{"taxonomy":"product_tag","embeddable":true,"href":"https:\/\/www.kartes.lv\/lv\/wp-json\/wp\/v2\/product_tag?post=3285"}],"curies":[{"name":"wp","href":"https:\/\/api.w.org\/{rel}","templated":true}]}}