{"id":3293,"date":"2016-10-28T11:15:38","date_gmt":"2016-10-28T09:15:38","guid":{"rendered":"http:\/\/wp4.kartes.lv\/lv\/product\/latvijas-dzivnieki-un-augi-pasaules-dzivnieki-a3-formats\/"},"modified":"2026-03-02T10:40:22","modified_gmt":"2026-03-02T08:40:22","slug":"latvijas-dzivnieki-un-augi-pasaules-dzivnieki-a3-formats","status":"publish","type":"product","link":"https:\/\/www.kartes.lv\/lv\/product\/latvijas-dzivnieki-un-augi-pasaules-dzivnieki-a3-formats\/","title":{"rendered":"Latvijas dz\u012bvnieki un augi. Pasaules dz\u012bvnieki. Karte A3 form\u0101t\u0101"},"content":{"rendered":"<p>Karte tapusi, izmantojot <em>Dabaszin\u012bbu atlantu 1.\u20136. klasei<\/em>, kura lappuses rot\u0101 kr\u0101\u0161\u0146as ilustratores Agijas Stakas-Jansones ilustr\u0101cijas. Divas no \u0161\u012b izdevuma kart\u0113m, kas velt\u012btas Latvijas dz\u012bvajai dabai un Pasaules dz\u012bvniekiem, tagad iek\u013cautas atsevi\u0161\u0137\u0101 izdevum\u0101 \u2013 abpus\u0113j\u0101 lamin\u0113t\u0101 kart\u0113 A3 form\u0101t\u0101.<\/p>\n<p>Karte dom\u0101ta da\u017e\u0101du vecumu b\u0113rniem k\u0101 lielisks uzskates materi\u0101ls par dz\u012bvnieku valsts daudzveid\u012bbu Latvij\u0101 un Pasaul\u0113. Latvijas dz\u012bvajai dabai velt\u012bto karti papildina inform\u0101cija par da\u017e\u0101du grupu sugu skaitu Latvij\u0101, bet abas kartes \u2013 dz\u012bvnieku valsts ekstr\u0113mi.<\/p>","protected":false},"excerpt":{"rendered":"<p>Abpus\u0113ji lamin\u0113ta<br \/>\nIzm\u0113rs: 29.7 \u00d7 42 cm (A3)<\/p>\n<p>EAN: 9789984076102<\/p>\n","protected":false},"featured_media":18903,"comment_status":"closed","ping_status":"closed","template":"","meta":[],"product_brand":[],"product_cat":[113],"product_tag":[],"class_list":{"0":"post-3293","1":"product","2":"type-product","3":"status-publish","4":"has-post-thumbnail","6":"product_cat-skoleniem","8":"first","9":"instock","10":"taxable","11":"shipping-taxable","12":"purchasable","13":"product-type-simple"},"_links":{"self":[{"href":"https:\/\/www.kartes.lv\/lv\/wp-json\/wp\/v2\/product\/3293","targetHints":{"allow":["GET"]}}],"collection":[{"href":"https:\/\/www.kartes.lv\/lv\/wp-json\/wp\/v2\/product"}],"about":[{"href":"https:\/\/www.kartes.lv\/lv\/wp-json\/wp\/v2\/types\/product"}],"replies":[{"embeddable":true,"href":"https:\/\/www.kartes.lv\/lv\/wp-json\/wp\/v2\/comments?post=3293"}],"wp:featuredmedia":[{"embeddable":true,"href":"https:\/\/www.kartes.lv\/lv\/wp-json\/wp\/v2\/media\/18903"}],"wp:attachment":[{"href":"https:\/\/www.kartes.lv\/lv\/wp-json\/wp\/v2\/media?parent=3293"}],"wp:term":[{"taxonomy":"product_brand","embeddable":true,"href":"https:\/\/www.kartes.lv\/lv\/wp-json\/wp\/v2\/product_brand?post=3293"},{"taxonomy":"product_cat","embeddable":true,"href":"https:\/\/www.kartes.lv\/lv\/wp-json\/wp\/v2\/product_cat?post=3293"},{"taxonomy":"product_tag","embeddable":true,"href":"https:\/\/www.kartes.lv\/lv\/wp-json\/wp\/v2\/product_tag?post=3293"}],"curies":[{"name":"wp","href":"https:\/\/api.w.org\/{rel}","templated":true}]}}