{"id":3309,"date":"2016-10-28T11:15:41","date_gmt":"2016-10-28T09:15:41","guid":{"rendered":"http:\/\/wp4.kartes.lv\/lv\/product\/lietuvas-dzivnieki-un-augi-pasaules-dzivnieki-a3-formats\/"},"modified":"2026-03-02T10:40:02","modified_gmt":"2026-03-02T08:40:02","slug":"lietuvas-dzivnieki-un-augi-pasaules-dzivnieki-a3-formats","status":"publish","type":"product","link":"https:\/\/www.kartes.lv\/lv\/product\/lietuvas-dzivnieki-un-augi-pasaules-dzivnieki-a3-formats\/","title":{"rendered":"Lietuvas dz\u012bvnieki un augi. Pasaules dz\u012bvnieki. Karte A3 form\u0101t\u0101"},"content":{"rendered":"<p>Lietuvie\u0161u valod\u0101.<\/p>\n<p>\u0160\u012b abpus\u0113j\u0101 lamin\u0113t\u0101 karte A3 form\u0101t\u0101 dom\u0101ta da\u017e\u0101da vecuma b\u0113rniem, s\u0101kot no pirmsskolas un\u00a0l\u012bdz pat pamatskolai, k\u0101 lielisks uzskates materi\u0101ls par dz\u012bvnieku valsts daudzveid\u012bbu Lietuv\u0101 un pasaul\u0113. Lietuvas dz\u012bv\u0101s dabas karti papildina inform\u0101cija par da\u017e\u0101du grupu sugu skaitu Lietuv\u0101, bet abas kartes \u2013 dz\u012bvnieku valsts ekstr\u0113mi.<\/p>","protected":false},"excerpt":{"rendered":"<p><strong>Lietuvie\u0161u valod\u0101<\/strong><\/p>\n<p>Abpus\u0113ji lamin\u0113ta<br \/>\nIzm\u0113rs: 29.7 \u00d7 42 cm (A3)<\/p>\n<p>EAN: 9789984076249<\/p>\n","protected":false},"featured_media":18908,"comment_status":"closed","ping_status":"closed","template":"","meta":[],"product_brand":[],"product_cat":[113],"product_tag":[],"class_list":{"0":"post-3309","1":"product","2":"type-product","3":"status-publish","4":"has-post-thumbnail","6":"product_cat-skoleniem","8":"first","9":"instock","10":"taxable","11":"shipping-taxable","12":"purchasable","13":"product-type-simple"},"_links":{"self":[{"href":"https:\/\/www.kartes.lv\/lv\/wp-json\/wp\/v2\/product\/3309","targetHints":{"allow":["GET"]}}],"collection":[{"href":"https:\/\/www.kartes.lv\/lv\/wp-json\/wp\/v2\/product"}],"about":[{"href":"https:\/\/www.kartes.lv\/lv\/wp-json\/wp\/v2\/types\/product"}],"replies":[{"embeddable":true,"href":"https:\/\/www.kartes.lv\/lv\/wp-json\/wp\/v2\/comments?post=3309"}],"wp:featuredmedia":[{"embeddable":true,"href":"https:\/\/www.kartes.lv\/lv\/wp-json\/wp\/v2\/media\/18908"}],"wp:attachment":[{"href":"https:\/\/www.kartes.lv\/lv\/wp-json\/wp\/v2\/media?parent=3309"}],"wp:term":[{"taxonomy":"product_brand","embeddable":true,"href":"https:\/\/www.kartes.lv\/lv\/wp-json\/wp\/v2\/product_brand?post=3309"},{"taxonomy":"product_cat","embeddable":true,"href":"https:\/\/www.kartes.lv\/lv\/wp-json\/wp\/v2\/product_cat?post=3309"},{"taxonomy":"product_tag","embeddable":true,"href":"https:\/\/www.kartes.lv\/lv\/wp-json\/wp\/v2\/product_tag?post=3309"}],"curies":[{"name":"wp","href":"https:\/\/api.w.org\/{rel}","templated":true}]}}