{"id":3315,"date":"2016-10-28T11:15:42","date_gmt":"2016-10-28T09:15:42","guid":{"rendered":"http:\/\/wp4.kartes.lv\/lv\/product\/dabaszinibu-atlants-1-6-klasei\/"},"modified":"2026-03-02T10:18:24","modified_gmt":"2026-03-02T08:18:24","slug":"dabaszinibu-atlants-1-6-klasei","status":"publish","type":"product","link":"https:\/\/www.kartes.lv\/lv\/product\/dabaszinibu-atlants-1-6-klasei\/","title":{"rendered":"Dabaszin\u012bbu atlants 1.\u20136. klasei"},"content":{"rendered":"<p>M\u0101c\u012bbu l\u012bdzeklis paredz\u0113ts dabaszin\u012bbu apguvei 1.-6. klases skol\u0113niem.<\/p>\n<p>Izdevum\u0101 iek\u013caut\u0101s kartes un ilustr\u0101cijas pal\u012bdz\u0113s skol\u0113niem lab\u0101k izprast \u0123eogr\u0101fijas t\u0113mas dabaszin\u012bbu programm\u0101 &#8211; kosmosu un Zemi, Zemes uzb\u016bvi, orient\u0113\u0161anos un kartes, k\u0101 ar\u012b t\u0113mas par Latviju, Eiropu un pasauli.<\/p>\n<p>Atlants atbilst dabaszin\u012bbu m\u0101c\u012bbu saturam, valsts izgl\u012bt\u012bbas standartam un programmai. T\u0101 izstr\u0101d\u0113 piedal\u012bju\u0161ies gan skolot\u0101ji, gan Izgl\u012bt\u012bbas un zin\u0101tnes ministrijas speci\u0101listi.<\/p>\n<p>Izdevums ir vizu\u0101li bag\u0101t\u012bgs &#8211; ilustr\u0101cijas rad\u012bjusi b\u0113rnu gr\u0101matu m\u0101ksliniece Agija Staka-Jansone.<\/p>\n<p>Atlantu papildina atsevi\u0161\u0137a burtn\u012bca ar nelielu kont\u016brkar\u0161u komplektu, kas \u012bpa\u0161i piem\u0113rots 1.-6. klases skol\u0113niem.<\/p>","protected":false},"excerpt":{"rendered":"<p>2025. gada atjaunots izdevums<br \/>\nIzm\u0113rs: 31 cm x 22 cm<br \/>\nSvars: 0.140 g<br \/>\n24 lpp.<br \/>\nM\u012bkstie v\u0101ki<\/p>\n<p>EAN: 9789984076188<\/p>\n","protected":false},"featured_media":5721,"comment_status":"closed","ping_status":"closed","template":"","meta":[],"product_brand":[],"product_cat":[113],"product_tag":[],"class_list":{"0":"post-3315","1":"product","2":"type-product","3":"status-publish","4":"has-post-thumbnail","6":"product_cat-skoleniem","8":"first","9":"instock","10":"taxable","11":"shipping-taxable","12":"purchasable","13":"product-type-simple"},"_links":{"self":[{"href":"https:\/\/www.kartes.lv\/lv\/wp-json\/wp\/v2\/product\/3315","targetHints":{"allow":["GET"]}}],"collection":[{"href":"https:\/\/www.kartes.lv\/lv\/wp-json\/wp\/v2\/product"}],"about":[{"href":"https:\/\/www.kartes.lv\/lv\/wp-json\/wp\/v2\/types\/product"}],"replies":[{"embeddable":true,"href":"https:\/\/www.kartes.lv\/lv\/wp-json\/wp\/v2\/comments?post=3315"}],"wp:featuredmedia":[{"embeddable":true,"href":"https:\/\/www.kartes.lv\/lv\/wp-json\/wp\/v2\/media\/5721"}],"wp:attachment":[{"href":"https:\/\/www.kartes.lv\/lv\/wp-json\/wp\/v2\/media?parent=3315"}],"wp:term":[{"taxonomy":"product_brand","embeddable":true,"href":"https:\/\/www.kartes.lv\/lv\/wp-json\/wp\/v2\/product_brand?post=3315"},{"taxonomy":"product_cat","embeddable":true,"href":"https:\/\/www.kartes.lv\/lv\/wp-json\/wp\/v2\/product_cat?post=3315"},{"taxonomy":"product_tag","embeddable":true,"href":"https:\/\/www.kartes.lv\/lv\/wp-json\/wp\/v2\/product_tag?post=3315"}],"curies":[{"name":"wp","href":"https:\/\/api.w.org\/{rel}","templated":true}]}}