{"id":3379,"date":"2016-10-28T11:15:56","date_gmt":"2016-10-28T09:15:56","guid":{"rendered":"http:\/\/wp4.kartes.lv\/lv\/product\/kasamkarte-latvija\/"},"modified":"2025-10-01T01:00:02","modified_gmt":"2025-09-30T22:00:02","slug":"kasamkarte-latvija","status":"publish","type":"product","link":"https:\/\/www.kartes.lv\/lv\/product\/kasamkarte-latvija\/","title":{"rendered":"Kas\u0101mkarte &#8220;Latvija&#8221;"},"content":{"rendered":"<p>Kas\u0101mkarte &#8220;Latvija&#8221; ir lielisks veids, k\u0101 atz\u012bm\u0113t kart\u0113 t\u0101s Latvijas vietas, kuras esi apmekl\u0113jis, apskat\u012bjis, izbaud\u012bjis!<\/p>\n<p>Nokasi kartes zelt\u012bt\u0101s kr\u0101sas sl\u0101ni, uz kura atz\u012bm\u0113tas Latvijas novadu robe\u017eas un liel\u0101k\u0101s pils\u0113tas. Zem kr\u0101sas sl\u0101\u0146a atkl\u0101sies attiec\u012bg\u0101s vietas karte: pils\u0113tas un ciemi, upes un ezeri, ce\u013ci un nacion\u0101lie parki.<\/p>\n<p>\u013boti uzskat\u0101mi var\u0113si redz\u0113t, cik no Latvijas 7 valstspils\u0113t\u0101m, 3 valstspils\u0113t\u0101m ar novadiem un 32 novadiem esi apmekl\u0113jis un cik v\u0113l j\u0101iek\u013cauj n\u0101kamo ce\u013cojumu mar\u0161rutos. L\u012bdz\u0101s kartei izvietoti visu novadu un liel\u0101ko pils\u0113tu \u0123erbo\u0146i, iepaz\u012bsti ar\u012b tos!<br \/>\nTu vari \u0161o karti izmantot ar\u012b lai atz\u012bm\u0113tu, kuros novados vai pils\u0113t\u0101s Latvij\u0101 dz\u012bvo tavi radi un draugi. Vari atz\u012bm\u0113t kart\u0113 ar\u012b citu inform\u0101ciju, piem\u0113ram, kur aizce\u013co tevis darin\u0101t\u0101 produkcija.<\/p>\n<p>Izdevums ir iepakots \u012bpa\u0161a dizaina kartona tubus\u0101, ko var lieliski izmantot k\u0101 d\u0101vanu!<\/p>\n<p>&nbsp;<\/p>","protected":false},"excerpt":{"rendered":"<p>Kartes izm\u0113rs 70 x 49 cm<br \/>\nTubusa izm\u0113rs 54,5 cm x 7 cm (diametrs)<\/p>\n<p>EAN: 9789984076928<\/p>\n","protected":false},"featured_media":12802,"comment_status":"closed","ping_status":"closed","template":"","meta":[],"product_brand":[],"product_cat":[17,86],"product_tag":[],"class_list":{"0":"post-3379","1":"product","2":"type-product","3":"status-publish","4":"has-post-thumbnail","6":"product_cat-kasamkartes-un-kasamplakati","7":"product_cat-davanas","9":"first","10":"instock","11":"taxable","12":"shipping-taxable","13":"purchasable","14":"product-type-simple"},"_links":{"self":[{"href":"https:\/\/www.kartes.lv\/lv\/wp-json\/wp\/v2\/product\/3379","targetHints":{"allow":["GET"]}}],"collection":[{"href":"https:\/\/www.kartes.lv\/lv\/wp-json\/wp\/v2\/product"}],"about":[{"href":"https:\/\/www.kartes.lv\/lv\/wp-json\/wp\/v2\/types\/product"}],"replies":[{"embeddable":true,"href":"https:\/\/www.kartes.lv\/lv\/wp-json\/wp\/v2\/comments?post=3379"}],"wp:featuredmedia":[{"embeddable":true,"href":"https:\/\/www.kartes.lv\/lv\/wp-json\/wp\/v2\/media\/12802"}],"wp:attachment":[{"href":"https:\/\/www.kartes.lv\/lv\/wp-json\/wp\/v2\/media?parent=3379"}],"wp:term":[{"taxonomy":"product_brand","embeddable":true,"href":"https:\/\/www.kartes.lv\/lv\/wp-json\/wp\/v2\/product_brand?post=3379"},{"taxonomy":"product_cat","embeddable":true,"href":"https:\/\/www.kartes.lv\/lv\/wp-json\/wp\/v2\/product_cat?post=3379"},{"taxonomy":"product_tag","embeddable":true,"href":"https:\/\/www.kartes.lv\/lv\/wp-json\/wp\/v2\/product_tag?post=3379"}],"curies":[{"name":"wp","href":"https:\/\/api.w.org\/{rel}","templated":true}]}}