{"id":3383,"date":"2016-10-28T11:15:59","date_gmt":"2016-10-28T09:15:59","guid":{"rendered":"http:\/\/wp4.kartes.lv\/lv\/product\/kasamkarte-lietuva\/"},"modified":"2026-01-08T09:01:26","modified_gmt":"2026-01-08T07:01:26","slug":"nutrinamas-zemelapis-lietuva","status":"publish","type":"product","link":"https:\/\/www.kartes.lv\/lv\/product\/nutrinamas-zemelapis-lietuva\/","title":{"rendered":"Kas\u0101mkarte &#8220;Lietuva&#8221; (lietuvie\u0161u valod\u0101)"},"content":{"rendered":"<p>Nokasi kartes zelt\u012bt\u0101s kr\u0101sas sl\u0101ni, uz kura atz\u012bm\u0113tas Lietuvas pa\u0161vald\u012bbu robe\u017eas un liel\u0101k\u0101s pils\u0113tas, un zem t\u0101 tev atkl\u0101sies attiec\u012bg\u0101s vietas karte: pils\u0113tas un ciemi, upes un ezeri, ce\u013ci un nacion\u0101lie parki. L\u012bdz\u0101s kartei izvietoti visu pa\u0161vald\u012bbu \u0123erbo\u0146i, iepaz\u012bsti ar\u012b tos! Tu vari \u0161o karti izmantot, lai atz\u012bm\u0113tu, kur\u0101s Lietuvas pa\u0161vald\u012bb\u0101s vai pils\u0113t\u0101s esi bijis vai kur\u0101s, piem\u0113ram, dz\u012bvo tavi radi un draugi.<\/p>\n<p>Izdevums ir iepakots \u012bpa\u0161a dizaina kartona tubus\u0101, t\u0101d\u0113\u013c to var lieliski izmantot k\u0101 d\u0101vanu!<\/p>\n<div id=\"gtx-trans\"><\/div>\n<p><\/p>","protected":false},"excerpt":{"rendered":"<p><strong>Lietuvie\u0161u valod\u0101<\/strong><\/p>\n<p>Kartes izm\u0113rs 63 x 49 cm<br \/>\nTubusa izm\u0113rs 54,5 cm x 7 cm (diametrs)<\/p>\n<p>EAN: 9789984076942<\/p>\n","protected":false},"featured_media":20471,"comment_status":"closed","ping_status":"closed","template":"","meta":[],"product_brand":[],"product_cat":[17],"product_tag":[],"class_list":{"0":"post-3383","1":"product","2":"type-product","3":"status-publish","4":"has-post-thumbnail","6":"product_cat-kasamkartes-un-kasamplakati","8":"first","9":"instock","10":"taxable","11":"shipping-taxable","12":"purchasable","13":"product-type-simple"},"_links":{"self":[{"href":"https:\/\/www.kartes.lv\/lv\/wp-json\/wp\/v2\/product\/3383","targetHints":{"allow":["GET"]}}],"collection":[{"href":"https:\/\/www.kartes.lv\/lv\/wp-json\/wp\/v2\/product"}],"about":[{"href":"https:\/\/www.kartes.lv\/lv\/wp-json\/wp\/v2\/types\/product"}],"replies":[{"embeddable":true,"href":"https:\/\/www.kartes.lv\/lv\/wp-json\/wp\/v2\/comments?post=3383"}],"wp:featuredmedia":[{"embeddable":true,"href":"https:\/\/www.kartes.lv\/lv\/wp-json\/wp\/v2\/media\/20471"}],"wp:attachment":[{"href":"https:\/\/www.kartes.lv\/lv\/wp-json\/wp\/v2\/media?parent=3383"}],"wp:term":[{"taxonomy":"product_brand","embeddable":true,"href":"https:\/\/www.kartes.lv\/lv\/wp-json\/wp\/v2\/product_brand?post=3383"},{"taxonomy":"product_cat","embeddable":true,"href":"https:\/\/www.kartes.lv\/lv\/wp-json\/wp\/v2\/product_cat?post=3383"},{"taxonomy":"product_tag","embeddable":true,"href":"https:\/\/www.kartes.lv\/lv\/wp-json\/wp\/v2\/product_tag?post=3383"}],"curies":[{"name":"wp","href":"https:\/\/api.w.org\/{rel}","templated":true}]}}