{"id":3480,"date":"2016-10-28T11:16:25","date_gmt":"2016-10-28T09:16:25","guid":{"rendered":"http:\/\/wp4.kartes.lv\/lv\/product\/maza-latvijas-autocelu-karte-2\/"},"modified":"2025-07-23T17:03:21","modified_gmt":"2025-07-23T14:03:21","slug":"maza-latvijas-autocelu-karte-2","status":"publish","type":"product","link":"https:\/\/www.kartes.lv\/lv\/product\/maza-latvijas-autocelu-karte-2\/","title":{"rendered":"Latvija. Maz\u0101 autoce\u013cu karte"},"content":{"rendered":"<p>\u0160is izdevums paredz\u0113ts tiem, kam klasisk\u0101 Latvijas autoce\u013cu karte ir vai nu p\u0101r\u0101k liela, vai p\u0101r\u0101k smalka. Kartes form\u0101ts atbilst kabatas izm\u0113ram! Ja j\u016bs v\u0113laties aizbraukt, piem\u0113ram, no R\u012bgas uz Valmieru, tad ar mazo Latvijas autoce\u013cu karti b\u016bs piln\u012bgi pietiekami.<\/p>\n<p>Neskatoties uz kartes izm\u0113ru, t\u0101s saturs ir visnota\u013c apjom\u012bgs: sam\u0113r\u0101 det\u0101ls autoce\u013cu t\u012bkls ar att\u0101luma nor\u0101d\u0113m starp noz\u012bm\u012bg\u0101kajiem ce\u013cu krustojumiem, dzelzce\u013ca un pr\u0101mju satiksmes l\u012bnijas, robe\u017eas p\u0101rejas punkti, nacion\u0101lie parki, rezerv\u0101ti, k\u0101 ar\u012b r\u016bp\u012bgi klasific\u0113tas apdz\u012bvotas vietas.<\/p>\n<p>Latvijas autoce\u013cu karte m\u0113rog\u0101 1:1 000 000 ir papildin\u0101ta ar R\u012bgas (m\u0113rogs 1:100 000), Daugavpils, Jelgavas, Liep\u0101jas, R\u0113zeknes, Valmieras un Ventspils (m\u0113rogs 1:75 000) pils\u0113tu pl\u0101niem, k\u0101 ar\u012b att\u0101lumu tabulu starp liel\u0101kaj\u0101m pils\u0113t\u0101m.<\/p>","protected":false},"excerpt":{"rendered":"<p>Autoce\u013cu karte<\/p>\n<p>2024. gada atjaunotais izdevums<br \/>\nM\u0113rogs 1:1 000 000<br \/>\nIzm\u0113rs 49 x 32 cm \/ 8,2 x 16 cm loc\u012bta<\/p>\n<p>EAN: 9789984074221<\/p>\n","protected":false},"featured_media":17933,"comment_status":"closed","ping_status":"closed","template":"","meta":[],"product_brand":[],"product_cat":[7,10,11],"product_tag":[],"class_list":{"0":"post-3480","1":"product","2":"type-product","3":"status-publish","4":"has-post-thumbnail","6":"product_cat-kartes-atlanti-celvezi","7":"product_cat-celu-kartes-atlanti","8":"product_cat-baltijas-kartes","10":"first","11":"instock","12":"taxable","13":"shipping-taxable","14":"purchasable","15":"product-type-simple"},"_links":{"self":[{"href":"https:\/\/www.kartes.lv\/lv\/wp-json\/wp\/v2\/product\/3480","targetHints":{"allow":["GET"]}}],"collection":[{"href":"https:\/\/www.kartes.lv\/lv\/wp-json\/wp\/v2\/product"}],"about":[{"href":"https:\/\/www.kartes.lv\/lv\/wp-json\/wp\/v2\/types\/product"}],"replies":[{"embeddable":true,"href":"https:\/\/www.kartes.lv\/lv\/wp-json\/wp\/v2\/comments?post=3480"}],"wp:featuredmedia":[{"embeddable":true,"href":"https:\/\/www.kartes.lv\/lv\/wp-json\/wp\/v2\/media\/17933"}],"wp:attachment":[{"href":"https:\/\/www.kartes.lv\/lv\/wp-json\/wp\/v2\/media?parent=3480"}],"wp:term":[{"taxonomy":"product_brand","embeddable":true,"href":"https:\/\/www.kartes.lv\/lv\/wp-json\/wp\/v2\/product_brand?post=3480"},{"taxonomy":"product_cat","embeddable":true,"href":"https:\/\/www.kartes.lv\/lv\/wp-json\/wp\/v2\/product_cat?post=3480"},{"taxonomy":"product_tag","embeddable":true,"href":"https:\/\/www.kartes.lv\/lv\/wp-json\/wp\/v2\/product_tag?post=3480"}],"curies":[{"name":"wp","href":"https:\/\/api.w.org\/{rel}","templated":true}]}}