{"id":3569,"date":"2016-10-28T11:16:53","date_gmt":"2016-10-28T09:16:53","guid":{"rendered":"http:\/\/wp4.kartes.lv\/lv\/product\/jurmala\/"},"modified":"2026-02-27T12:32:37","modified_gmt":"2026-02-27T10:32:37","slug":"jurmala-pilsetas-plans","status":"publish","type":"product","link":"https:\/\/www.kartes.lv\/lv\/product\/jurmala-pilsetas-plans\/","title":{"rendered":"J\u016brmala. Pils\u0113tas pl\u0101ns."},"content":{"rendered":"<p>Karte aptver visu J\u016brmalas pils\u0113tas teritoriju, centra da\u013ca kart\u0113ta ar\u012b det\u0101l\u0101k\u0101 m\u0113rog\u0101. Karti papildina pils\u0113tu pl\u0101nu s\u0113rijai tradicion\u0101lais apraksts par pils\u0113tas v\u0113sturi, inform\u0101cija par iev\u0113rojam\u0101kajiem apskates objektiem ar to fotoatt\u0113liem, naktsm\u012btn\u0113m, satiksmi un kult\u016bras iest\u0101d\u0113m latvie\u0161u un ang\u013cu valod\u0101, k\u0101 ar\u012b ielu nosaukumu alfab\u0113tiskais r\u0101d\u012bt\u0101js.<\/p>","protected":false},"excerpt":{"rendered":"<p>2015.gada izdevums<br \/>\nM\u0113rogs 1:20 000\/centrs 1:10 000<br \/>\nIzm\u0113rs 60 x 82,4 cm \/ 20 x 10,3 cm loc\u012bta<\/p>\n<p>EAN: 9789984074542<\/p>\n","protected":false},"featured_media":5583,"comment_status":"closed","ping_status":"closed","template":"","meta":[],"product_brand":[],"product_cat":[132],"product_tag":[],"class_list":{"0":"post-3569","1":"product","2":"type-product","3":"status-publish","4":"has-post-thumbnail","6":"product_cat-pedejie-eksemplari","8":"first","9":"instock","10":"taxable","11":"shipping-taxable","12":"purchasable","13":"product-type-simple"},"_links":{"self":[{"href":"https:\/\/www.kartes.lv\/lv\/wp-json\/wp\/v2\/product\/3569","targetHints":{"allow":["GET"]}}],"collection":[{"href":"https:\/\/www.kartes.lv\/lv\/wp-json\/wp\/v2\/product"}],"about":[{"href":"https:\/\/www.kartes.lv\/lv\/wp-json\/wp\/v2\/types\/product"}],"replies":[{"embeddable":true,"href":"https:\/\/www.kartes.lv\/lv\/wp-json\/wp\/v2\/comments?post=3569"}],"wp:featuredmedia":[{"embeddable":true,"href":"https:\/\/www.kartes.lv\/lv\/wp-json\/wp\/v2\/media\/5583"}],"wp:attachment":[{"href":"https:\/\/www.kartes.lv\/lv\/wp-json\/wp\/v2\/media?parent=3569"}],"wp:term":[{"taxonomy":"product_brand","embeddable":true,"href":"https:\/\/www.kartes.lv\/lv\/wp-json\/wp\/v2\/product_brand?post=3569"},{"taxonomy":"product_cat","embeddable":true,"href":"https:\/\/www.kartes.lv\/lv\/wp-json\/wp\/v2\/product_cat?post=3569"},{"taxonomy":"product_tag","embeddable":true,"href":"https:\/\/www.kartes.lv\/lv\/wp-json\/wp\/v2\/product_tag?post=3569"}],"curies":[{"name":"wp","href":"https:\/\/api.w.org\/{rel}","templated":true}]}}