{"id":3645,"date":"2016-10-28T11:17:23","date_gmt":"2016-10-28T09:17:23","guid":{"rendered":"http:\/\/wp4.kartes.lv\/lv\/product\/ziemelkurzeme\/"},"modified":"2026-03-02T13:23:49","modified_gmt":"2026-03-02T11:23:49","slug":"ziemelkurzeme","status":"publish","type":"product","link":"https:\/\/www.kartes.lv\/lv\/product\/ziemelkurzeme\/","title":{"rendered":"Zieme\u013ckurzeme"},"content":{"rendered":"<p>Izdevum\u0101 ietverta ikvienam ce\u013cot\u0101jam nepiecie\u0161am\u0101 inform\u0101cija: det\u0101ls autoce\u013cu t\u012bkls, t\u016brisma apskates un servisa objekti \u2013 pilis, mui\u017eas, muzeji, dabas objekti, t\u016brisma inform\u0101cijas centri, naktsm\u012btnes. Kart\u0113 doti 48 noz\u012bm\u012bg\u0101ko un interesant\u0101ko t\u016brisma objektu apraksti un fotogr\u0101fijas. Objekti atz\u012bm\u0113ti ar\u012b kart\u0113, t\u0101 \u013caujot ce\u013cot\u0101jam jau pirms do\u0161an\u0101s ce\u013c\u0101 g\u016bt izsme\u013co\u0161u inform\u0101ciju un veikt paredzam\u0101 mar\u0161ruta pl\u0101no\u0161anu.<\/p>\n<p>Izdevumu papildina noz\u012bm\u012bg\u0101ko re\u0123iona pils\u0113tu \u2013 Kandavas, Kuld\u012bgas, Sabiles, Talsu, Tukuma un Ventspils \u2013 pl\u0101ni.<\/p>","protected":false},"excerpt":{"rendered":"<p>T\u016brisma karte<\/p>\n<p>2018.gada izdevums<br \/>\nM\u0113rogs 1:200 000<br \/>\nKandava. Kuld\u012bga. Sabile. Talsi. Tukums. Ventspils m\u0113rog\u0101 1: 20 000<br \/>\nIzm\u0113rs 84 x 46 cm \/ 12 x 23 cm loc\u012bta<\/p>\n<p>EAN: 9789984074245<\/p>\n","protected":false},"featured_media":8711,"comment_status":"closed","ping_status":"closed","template":"","meta":[],"product_brand":[],"product_cat":[7,10,129],"product_tag":[],"class_list":{"0":"post-3645","1":"product","2":"type-product","3":"status-publish","4":"has-post-thumbnail","6":"product_cat-kartes-atlanti-celvezi","7":"product_cat-celu-kartes-atlanti","8":"product_cat-akcija","10":"first","11":"instock","12":"sale","13":"taxable","14":"shipping-taxable","15":"purchasable","16":"product-type-simple"},"_links":{"self":[{"href":"https:\/\/www.kartes.lv\/lv\/wp-json\/wp\/v2\/product\/3645","targetHints":{"allow":["GET"]}}],"collection":[{"href":"https:\/\/www.kartes.lv\/lv\/wp-json\/wp\/v2\/product"}],"about":[{"href":"https:\/\/www.kartes.lv\/lv\/wp-json\/wp\/v2\/types\/product"}],"replies":[{"embeddable":true,"href":"https:\/\/www.kartes.lv\/lv\/wp-json\/wp\/v2\/comments?post=3645"}],"wp:featuredmedia":[{"embeddable":true,"href":"https:\/\/www.kartes.lv\/lv\/wp-json\/wp\/v2\/media\/8711"}],"wp:attachment":[{"href":"https:\/\/www.kartes.lv\/lv\/wp-json\/wp\/v2\/media?parent=3645"}],"wp:term":[{"taxonomy":"product_brand","embeddable":true,"href":"https:\/\/www.kartes.lv\/lv\/wp-json\/wp\/v2\/product_brand?post=3645"},{"taxonomy":"product_cat","embeddable":true,"href":"https:\/\/www.kartes.lv\/lv\/wp-json\/wp\/v2\/product_cat?post=3645"},{"taxonomy":"product_tag","embeddable":true,"href":"https:\/\/www.kartes.lv\/lv\/wp-json\/wp\/v2\/product_tag?post=3645"}],"curies":[{"name":"wp","href":"https:\/\/api.w.org\/{rel}","templated":true}]}}