{"id":3669,"date":"2016-10-28T11:17:37","date_gmt":"2016-10-28T09:17:37","guid":{"rendered":"http:\/\/wp4.kartes.lv\/lv\/product\/mazais-vilnas-plans\/"},"modified":"2025-03-03T14:13:26","modified_gmt":"2025-03-03T12:13:26","slug":"mazais-vilnas-plans","status":"publish","type":"product","link":"https:\/\/www.kartes.lv\/lv\/product\/mazais-vilnas-plans\/","title":{"rendered":"Vi\u013c\u0146a. Mazais pils\u0113tas pl\u0101ns"},"content":{"rendered":"<p>Inform\u0101cija t\u016bristiem lietuvie\u0161u un ang\u013cu valod\u0101, ielu nosaukumu r\u0101d\u012bt\u0101js.<\/p>\n<p>\u0160is izdevums paredz\u0113ts tiem, kam klasiskais Vi\u013c\u0146as pl\u0101ns ir vai nu p\u0101r\u0101k liels, vai p\u0101r\u0101k smalks, jo sevi\u0161\u0137i \u0101rzemju t\u016bristiem, kuri nepl\u0101no Vi\u013c\u0146\u0101 viesoties ilgsto\u0161i. Kartes form\u0101ts atbilst kabatas izm\u0113ram. Neskatoties uz mazo izm\u0113ru, saturs ir visai bag\u0101t\u012bgs: bez Vi\u013c\u0146as p\u0101rskata kartes taj\u0101 iek\u013cauta ar\u012b det\u0101la centra karte, ielu nosaukumu alfab\u0113tiskais r\u0101d\u012bt\u0101js, k\u0101 ar\u012b inform\u0101cija t\u016bristiem: apskates objekti un uzzi\u0146as. Teksts papildin\u0101ts ar fotoatt\u0113liem.<\/p>","protected":false},"excerpt":{"rendered":"<p>Tre\u0161ais izdevums<br \/>\nM\u0113rogs 1:50 000 \/ centra pl\u0101ns 1:10 000<br \/>\nIzm\u0113rs 32 x 48 cm \/ 16 x 8 cm loc\u012bts<\/p>\n<p>EAN: 9789984074382<\/p>\n","protected":false},"featured_media":5611,"comment_status":"closed","ping_status":"closed","template":"","meta":[],"product_brand":[],"product_cat":[7,11,8],"product_tag":[],"class_list":{"0":"post-3669","1":"product","2":"type-product","3":"status-publish","4":"has-post-thumbnail","6":"product_cat-kartes-atlanti-celvezi","7":"product_cat-baltijas-kartes","8":"product_cat-pilsetu-kartes","10":"first","11":"instock","12":"taxable","13":"shipping-taxable","14":"purchasable","15":"product-type-simple"},"_links":{"self":[{"href":"https:\/\/www.kartes.lv\/lv\/wp-json\/wp\/v2\/product\/3669","targetHints":{"allow":["GET"]}}],"collection":[{"href":"https:\/\/www.kartes.lv\/lv\/wp-json\/wp\/v2\/product"}],"about":[{"href":"https:\/\/www.kartes.lv\/lv\/wp-json\/wp\/v2\/types\/product"}],"replies":[{"embeddable":true,"href":"https:\/\/www.kartes.lv\/lv\/wp-json\/wp\/v2\/comments?post=3669"}],"wp:featuredmedia":[{"embeddable":true,"href":"https:\/\/www.kartes.lv\/lv\/wp-json\/wp\/v2\/media\/5611"}],"wp:attachment":[{"href":"https:\/\/www.kartes.lv\/lv\/wp-json\/wp\/v2\/media?parent=3669"}],"wp:term":[{"taxonomy":"product_brand","embeddable":true,"href":"https:\/\/www.kartes.lv\/lv\/wp-json\/wp\/v2\/product_brand?post=3669"},{"taxonomy":"product_cat","embeddable":true,"href":"https:\/\/www.kartes.lv\/lv\/wp-json\/wp\/v2\/product_cat?post=3669"},{"taxonomy":"product_tag","embeddable":true,"href":"https:\/\/www.kartes.lv\/lv\/wp-json\/wp\/v2\/product_tag?post=3669"}],"curies":[{"name":"wp","href":"https:\/\/api.w.org\/{rel}","templated":true}]}}