{"id":3720,"date":"2016-10-28T11:17:49","date_gmt":"2016-10-28T09:17:49","guid":{"rendered":"http:\/\/wp4.kartes.lv\/lv\/product\/tartu-plans-turistiem-ipasi-izturigs-3\/"},"modified":"2025-07-31T16:59:46","modified_gmt":"2025-07-31T13:59:46","slug":"tartu-plans-turistiem-ipasi-izturigs","status":"publish","type":"product","link":"https:\/\/www.kartes.lv\/lv\/product\/tartu-plans-turistiem-ipasi-izturigs\/","title":{"rendered":"Tartu. Pils\u0113tas pl\u0101ns. \u012apa\u0161i iztur\u012bga karte!"},"content":{"rendered":"<p><\/p>\n<p data-start=\"76\" data-end=\"190\">Kartes le\u0123enda pieejama igau\u0146u, latvie\u0161u, ang\u013cu un krievu valod\u0101. Iek\u013cauts ar\u012b ielu nosaukumu r\u0101d\u012bt\u0101js.<\/p>\n<p><\/p>","protected":false},"excerpt":{"rendered":"<p>Lamin\u0113ta, \u012bpa\u0161i iztur\u012bga<br \/>\nIzm\u0113rs 44 x 48 cm\/ loc\u012bts 11 x 23,7 cm<br \/>\nM\u0113rogs 1:20 000 \/ centrs 1:10 000<\/p>\n<p>EAN: 9789984076386<\/p>\n","protected":false},"featured_media":5623,"comment_status":"closed","ping_status":"closed","template":"","meta":[],"product_brand":[],"product_cat":[7,11,8],"product_tag":[],"class_list":{"0":"post-3720","1":"product","2":"type-product","3":"status-publish","4":"has-post-thumbnail","6":"product_cat-kartes-atlanti-celvezi","7":"product_cat-baltijas-kartes","8":"product_cat-pilsetu-kartes","10":"first","11":"instock","12":"taxable","13":"shipping-taxable","14":"purchasable","15":"product-type-simple"},"_links":{"self":[{"href":"https:\/\/www.kartes.lv\/lv\/wp-json\/wp\/v2\/product\/3720","targetHints":{"allow":["GET"]}}],"collection":[{"href":"https:\/\/www.kartes.lv\/lv\/wp-json\/wp\/v2\/product"}],"about":[{"href":"https:\/\/www.kartes.lv\/lv\/wp-json\/wp\/v2\/types\/product"}],"replies":[{"embeddable":true,"href":"https:\/\/www.kartes.lv\/lv\/wp-json\/wp\/v2\/comments?post=3720"}],"wp:featuredmedia":[{"embeddable":true,"href":"https:\/\/www.kartes.lv\/lv\/wp-json\/wp\/v2\/media\/5623"}],"wp:attachment":[{"href":"https:\/\/www.kartes.lv\/lv\/wp-json\/wp\/v2\/media?parent=3720"}],"wp:term":[{"taxonomy":"product_brand","embeddable":true,"href":"https:\/\/www.kartes.lv\/lv\/wp-json\/wp\/v2\/product_brand?post=3720"},{"taxonomy":"product_cat","embeddable":true,"href":"https:\/\/www.kartes.lv\/lv\/wp-json\/wp\/v2\/product_cat?post=3720"},{"taxonomy":"product_tag","embeddable":true,"href":"https:\/\/www.kartes.lv\/lv\/wp-json\/wp\/v2\/product_tag?post=3720"}],"curies":[{"name":"wp","href":"https:\/\/api.w.org\/{rel}","templated":true}]}}