{"id":3740,"date":"2016-10-28T11:17:53","date_gmt":"2016-10-28T09:17:53","guid":{"rendered":"http:\/\/wp4.kartes.lv\/lv\/product\/tallinas-plans\/"},"modified":"2026-04-13T09:45:53","modified_gmt":"2026-04-13T06:45:53","slug":"tallinas-pilsetas-plans-cietos-vacinos","status":"publish","type":"product","link":"https:\/\/www.kartes.lv\/lv\/product\/tallinas-pilsetas-plans-cietos-vacinos\/","title":{"rendered":"Tallina. Pils\u0113tas pl\u0101ns. Cietais v\u0101ci\u0146\u0161"},"content":{"rendered":"<p>Pils\u0113tas pl\u0101n\u0101 ir iek\u013cauts preciz\u0113ts apb\u016bves un servisa objektu izvietojums, sabiedrisk\u0101 transporta mar\u0161ruti un pieturas, dots ielu nosaukumu r\u0101d\u012bt\u0101js.<\/p>\n<p>Karte papildin\u0101ta ar Maardu un Kesklinn pl\u0101nu.<\/p>","protected":false},"excerpt":{"rendered":"<p>2017. gada izdevums<\/p>\n<p>M\u0113rogs 1:25 000<br \/>\nIzm\u0113rs 88 x 69 cm \/ 12,5 x 24 cm saloc\u012bta<br \/>\nCietais v\u0101ci\u0146\u0161<\/p>\n<p>EAN: 9789984074481<\/p>\n","protected":false},"featured_media":5569,"comment_status":"closed","ping_status":"closed","template":"","meta":[],"product_brand":[],"product_cat":[7,11,8,129],"product_tag":[],"class_list":{"0":"post-3740","1":"product","2":"type-product","3":"status-publish","4":"has-post-thumbnail","6":"product_cat-kartes-atlanti-celvezi","7":"product_cat-baltijas-kartes","8":"product_cat-pilsetu-kartes","9":"product_cat-akcija","11":"first","12":"instock","13":"sale","14":"taxable","15":"shipping-taxable","16":"purchasable","17":"product-type-simple"},"_links":{"self":[{"href":"https:\/\/www.kartes.lv\/lv\/wp-json\/wp\/v2\/product\/3740","targetHints":{"allow":["GET"]}}],"collection":[{"href":"https:\/\/www.kartes.lv\/lv\/wp-json\/wp\/v2\/product"}],"about":[{"href":"https:\/\/www.kartes.lv\/lv\/wp-json\/wp\/v2\/types\/product"}],"replies":[{"embeddable":true,"href":"https:\/\/www.kartes.lv\/lv\/wp-json\/wp\/v2\/comments?post=3740"}],"wp:featuredmedia":[{"embeddable":true,"href":"https:\/\/www.kartes.lv\/lv\/wp-json\/wp\/v2\/media\/5569"}],"wp:attachment":[{"href":"https:\/\/www.kartes.lv\/lv\/wp-json\/wp\/v2\/media?parent=3740"}],"wp:term":[{"taxonomy":"product_brand","embeddable":true,"href":"https:\/\/www.kartes.lv\/lv\/wp-json\/wp\/v2\/product_brand?post=3740"},{"taxonomy":"product_cat","embeddable":true,"href":"https:\/\/www.kartes.lv\/lv\/wp-json\/wp\/v2\/product_cat?post=3740"},{"taxonomy":"product_tag","embeddable":true,"href":"https:\/\/www.kartes.lv\/lv\/wp-json\/wp\/v2\/product_tag?post=3740"}],"curies":[{"name":"wp","href":"https:\/\/api.w.org\/{rel}","templated":true}]}}