{"id":3768,"date":"2016-10-28T11:18:05","date_gmt":"2016-10-28T09:18:05","guid":{"rendered":"http:\/\/wp4.kartes.lv\/lv\/product\/tallinas-plans-turistiem-ipasi-izturigs\/"},"modified":"2025-07-29T08:50:00","modified_gmt":"2025-07-29T05:50:00","slug":"tallinas-plans-turistiem-ipasi-izturigs","status":"publish","type":"product","link":"https:\/\/www.kartes.lv\/lv\/product\/tallinas-plans-turistiem-ipasi-izturigs\/","title":{"rendered":"Tallina. Pils\u0113tas pl\u0101ns. \u012apa\u0161i iztur\u012bga karte!"},"content":{"rendered":"<p>Inform\u0101cija igau\u0146u, somu, ang\u013cu un krievu valod\u0101s. Kart\u0113 iek\u013cauta ar\u012b sabiedrisk\u0101 transporta sh\u0113ma un ielu nosaukumu r\u0101d\u012bt\u0101js.<\/p>","protected":false},"excerpt":{"rendered":"<p>Lamin\u0113ta, \u012bpa\u0161i iztur\u012bga.<\/p>\n<p>2015. gada izdevums<br \/>\nM\u0113rogs 1:25 000 \/ centrs 1:10 000<br \/>\nIzm\u0113rs 66 x 48 cm \/ saloc\u012bta 11 x 23,7 cm<\/p>\n<p>EAN: 9789984075969<\/p>\n","protected":false},"featured_media":5616,"comment_status":"closed","ping_status":"closed","template":"","meta":[],"product_brand":[],"product_cat":[7,11,8],"product_tag":[],"class_list":{"0":"post-3768","1":"product","2":"type-product","3":"status-publish","4":"has-post-thumbnail","6":"product_cat-kartes-atlanti-celvezi","7":"product_cat-baltijas-kartes","8":"product_cat-pilsetu-kartes","10":"first","11":"instock","12":"taxable","13":"shipping-taxable","14":"purchasable","15":"product-type-simple"},"_links":{"self":[{"href":"https:\/\/www.kartes.lv\/lv\/wp-json\/wp\/v2\/product\/3768","targetHints":{"allow":["GET"]}}],"collection":[{"href":"https:\/\/www.kartes.lv\/lv\/wp-json\/wp\/v2\/product"}],"about":[{"href":"https:\/\/www.kartes.lv\/lv\/wp-json\/wp\/v2\/types\/product"}],"replies":[{"embeddable":true,"href":"https:\/\/www.kartes.lv\/lv\/wp-json\/wp\/v2\/comments?post=3768"}],"wp:featuredmedia":[{"embeddable":true,"href":"https:\/\/www.kartes.lv\/lv\/wp-json\/wp\/v2\/media\/5616"}],"wp:attachment":[{"href":"https:\/\/www.kartes.lv\/lv\/wp-json\/wp\/v2\/media?parent=3768"}],"wp:term":[{"taxonomy":"product_brand","embeddable":true,"href":"https:\/\/www.kartes.lv\/lv\/wp-json\/wp\/v2\/product_brand?post=3768"},{"taxonomy":"product_cat","embeddable":true,"href":"https:\/\/www.kartes.lv\/lv\/wp-json\/wp\/v2\/product_cat?post=3768"},{"taxonomy":"product_tag","embeddable":true,"href":"https:\/\/www.kartes.lv\/lv\/wp-json\/wp\/v2\/product_tag?post=3768"}],"curies":[{"name":"wp","href":"https:\/\/api.w.org\/{rel}","templated":true}]}}