{"id":3781,"date":"2016-10-28T11:18:10","date_gmt":"2016-10-28T09:18:10","guid":{"rendered":"http:\/\/wp4.kartes.lv\/lv\/product\/vecriga-karte-turistiem-3\/"},"modified":"2025-07-31T16:55:57","modified_gmt":"2025-07-31T13:55:57","slug":"vecriga-karte-turistiem-3","status":"publish","type":"product","link":"https:\/\/www.kartes.lv\/lv\/product\/vecriga-karte-turistiem-3\/","title":{"rendered":"Vecr\u012bga. Z\u012bm\u0113t\u0101 karte t\u016bristiem."},"content":{"rendered":"<p>R\u012bgas centra panor\u0101mas z\u012bm\u0113jumu meistar\u012bgi ir izpild\u012bjis viens no Latvijas lab\u0101kajiem grafiskajiem dizaineriem Reinis P\u0113tersons.<\/p>\n<p>Z\u012bm\u0113jum\u0101 skat\u0101ma Vecr\u012bga, tai tuv\u0113j\u0101 kan\u0101lmalas apst\u0101d\u012bjumu josla un bulv\u0101ru loks, stacijas un tirgus apk\u0101rtne, k\u0101 ar\u012b P\u0101rdaugavas josla ar Nacion\u0101l\u0101s bibliot\u0113kas \u0113ku. Apbr\u012bnojami prec\u012bzais un neticami detaliz\u0113tais att\u0113ls \u013cauj mums skat\u012bt pils\u0113tu k\u0101 no gaisa balona lidojuma.<\/p>\n<p>Panor\u0101mas z\u012bm\u0113jumu papildina neliels ce\u013cvedis ar popul\u0101r\u0101ko apskates objektu aprakstiem un Vecr\u012bgas pl\u0101ns ar ielu nosaukumu r\u0101d\u012bt\u0101ju. Ce\u013cved\u012b aprakst\u012bt\u0101s vietas panor\u0101mas z\u012bm\u0113jum\u0101 ir izceltas.<\/p>\n<p>&nbsp;<\/p>","protected":false},"excerpt":{"rendered":"<p>Karte t\u016bristiem div\u0101s valod\u0101s &#8211; latvie\u0161u un krievu<\/p>\n<p>2016. gada izdevums<br \/>\nIzm\u0113rs 61,8 x 46 cm, 10,3 x 23 cm loc\u012bta<br \/>\nM\u0113rogs centra pl\u0101nam 1:10 000<\/p>\n<p>EAN: 9789984077109<\/p>\n<p>&nbsp;<\/p>\n","protected":false},"featured_media":5575,"comment_status":"closed","ping_status":"closed","template":"","meta":[],"product_brand":[],"product_cat":[7,10,11,8],"product_tag":[],"class_list":{"0":"post-3781","1":"product","2":"type-product","3":"status-publish","4":"has-post-thumbnail","6":"product_cat-kartes-atlanti-celvezi","7":"product_cat-celu-kartes-atlanti","8":"product_cat-baltijas-kartes","9":"product_cat-pilsetu-kartes","11":"first","12":"instock","13":"taxable","14":"shipping-taxable","15":"purchasable","16":"product-type-simple"},"_links":{"self":[{"href":"https:\/\/www.kartes.lv\/lv\/wp-json\/wp\/v2\/product\/3781","targetHints":{"allow":["GET"]}}],"collection":[{"href":"https:\/\/www.kartes.lv\/lv\/wp-json\/wp\/v2\/product"}],"about":[{"href":"https:\/\/www.kartes.lv\/lv\/wp-json\/wp\/v2\/types\/product"}],"replies":[{"embeddable":true,"href":"https:\/\/www.kartes.lv\/lv\/wp-json\/wp\/v2\/comments?post=3781"}],"wp:featuredmedia":[{"embeddable":true,"href":"https:\/\/www.kartes.lv\/lv\/wp-json\/wp\/v2\/media\/5575"}],"wp:attachment":[{"href":"https:\/\/www.kartes.lv\/lv\/wp-json\/wp\/v2\/media?parent=3781"}],"wp:term":[{"taxonomy":"product_brand","embeddable":true,"href":"https:\/\/www.kartes.lv\/lv\/wp-json\/wp\/v2\/product_brand?post=3781"},{"taxonomy":"product_cat","embeddable":true,"href":"https:\/\/www.kartes.lv\/lv\/wp-json\/wp\/v2\/product_cat?post=3781"},{"taxonomy":"product_tag","embeddable":true,"href":"https:\/\/www.kartes.lv\/lv\/wp-json\/wp\/v2\/product_tag?post=3781"}],"curies":[{"name":"wp","href":"https:\/\/api.w.org\/{rel}","templated":true}]}}