{"id":3823,"date":"2016-10-28T11:18:22","date_gmt":"2016-10-28T09:18:22","guid":{"rendered":"http:\/\/wp4.kartes.lv\/lv\/product\/vilnas-plans-4\/"},"modified":"2026-02-27T11:37:35","modified_gmt":"2026-02-27T09:37:35","slug":"vilnas-plans","status":"publish","type":"product","link":"https:\/\/www.kartes.lv\/lv\/product\/vilnas-plans\/","title":{"rendered":"Vi\u013c\u0146a. Pils\u0113tas pl\u0101ns. Cietais v\u0101ci\u0146\u0161"},"content":{"rendered":"<p>Kart\u0113 iek\u013caut\u0101s inform\u0101cijas apjoms un uzskat\u0101m\u012bba dara karti noder\u012bgu k\u0101 Lietuvas galvaspils\u0113tas viesiem, t\u0101 pils\u0113tas iedz\u012bvot\u0101jiem. Centra pl\u0101n\u0101 ietilpst ar\u012b noz\u012bm\u012bga Neres upes lab\u0101 krasta teritorija. Dots ielu nosaukumu r\u0101d\u012bt\u0101js.<\/p>","protected":false},"excerpt":{"rendered":"<p>2018. gada izdevums<\/p>\n<p>Cietais v\u0101ci\u0146\u0161<br \/>\nM\u0113rogs 1:25 000 \/ centrs 1:10 000<br \/>\nIzm\u0113rs 88 x 69 cm \/ 12,5 x 24 cm loc\u012bta<\/p>\n<p>EAN: 9789984074788<\/p>\n","protected":false},"featured_media":7339,"comment_status":"closed","ping_status":"closed","template":"","meta":[],"product_brand":[],"product_cat":[7,11,8,129],"product_tag":[],"class_list":{"0":"post-3823","1":"product","2":"type-product","3":"status-publish","4":"has-post-thumbnail","6":"product_cat-kartes-atlanti-celvezi","7":"product_cat-baltijas-kartes","8":"product_cat-pilsetu-kartes","9":"product_cat-akcija","11":"first","12":"instock","13":"sale","14":"taxable","15":"shipping-taxable","16":"purchasable","17":"product-type-simple"},"_links":{"self":[{"href":"https:\/\/www.kartes.lv\/lv\/wp-json\/wp\/v2\/product\/3823","targetHints":{"allow":["GET"]}}],"collection":[{"href":"https:\/\/www.kartes.lv\/lv\/wp-json\/wp\/v2\/product"}],"about":[{"href":"https:\/\/www.kartes.lv\/lv\/wp-json\/wp\/v2\/types\/product"}],"replies":[{"embeddable":true,"href":"https:\/\/www.kartes.lv\/lv\/wp-json\/wp\/v2\/comments?post=3823"}],"wp:featuredmedia":[{"embeddable":true,"href":"https:\/\/www.kartes.lv\/lv\/wp-json\/wp\/v2\/media\/7339"}],"wp:attachment":[{"href":"https:\/\/www.kartes.lv\/lv\/wp-json\/wp\/v2\/media?parent=3823"}],"wp:term":[{"taxonomy":"product_brand","embeddable":true,"href":"https:\/\/www.kartes.lv\/lv\/wp-json\/wp\/v2\/product_brand?post=3823"},{"taxonomy":"product_cat","embeddable":true,"href":"https:\/\/www.kartes.lv\/lv\/wp-json\/wp\/v2\/product_cat?post=3823"},{"taxonomy":"product_tag","embeddable":true,"href":"https:\/\/www.kartes.lv\/lv\/wp-json\/wp\/v2\/product_tag?post=3823"}],"curies":[{"name":"wp","href":"https:\/\/api.w.org\/{rel}","templated":true}]}}