{"id":3838,"date":"2016-10-28T11:18:27","date_gmt":"2016-10-28T08:18:27","guid":{"rendered":"http:\/\/wp4.kartes.lv\/lv\/product\/eiropa-politiska-karte-galda-paliktnis\/"},"modified":"2026-03-02T10:17:35","modified_gmt":"2026-03-02T08:17:35","slug":"eiropa-politiska-karte-galda-paliktnis-plastikata","status":"publish","type":"product","link":"https:\/\/www.kartes.lv\/lv\/product\/eiropa-politiska-karte-galda-paliktnis-plastikata\/","title":{"rendered":"Eiropa. Politisk\u0101 karte. Galda paliktnis"},"content":{"rendered":"<p>Plastik\u0101ta galda paliktnis gan birojam, gan skolai!<\/p>\n<p>Eiropas politisko karti papildina Eiropas valstu, vald\u012bjumu un pa\u0161pasludin\u0101tu valstu karogi.<\/p>","protected":false},"excerpt":{"rendered":"<p>Plastik\u0101ta galda paliknis ar Eiropas politisko karti<\/p>\n<p>M\u0113rogs: 1:15 000 000<\/p>\n<p>Izm\u0113rs: 59 cm x 40 cm<\/p>\n<p>EAN: 9789984076157<\/p>\n","protected":false},"featured_media":20286,"comment_status":"closed","ping_status":"closed","template":"","meta":[],"product_brand":[],"product_cat":[113],"product_tag":[],"class_list":{"0":"post-3838","1":"product","2":"type-product","3":"status-publish","4":"has-post-thumbnail","6":"product_cat-skoleniem","8":"first","9":"instock","10":"taxable","11":"shipping-taxable","12":"purchasable","13":"product-type-simple"},"_links":{"self":[{"href":"https:\/\/www.kartes.lv\/lv\/wp-json\/wp\/v2\/product\/3838","targetHints":{"allow":["GET"]}}],"collection":[{"href":"https:\/\/www.kartes.lv\/lv\/wp-json\/wp\/v2\/product"}],"about":[{"href":"https:\/\/www.kartes.lv\/lv\/wp-json\/wp\/v2\/types\/product"}],"replies":[{"embeddable":true,"href":"https:\/\/www.kartes.lv\/lv\/wp-json\/wp\/v2\/comments?post=3838"}],"wp:featuredmedia":[{"embeddable":true,"href":"https:\/\/www.kartes.lv\/lv\/wp-json\/wp\/v2\/media\/20286"}],"wp:attachment":[{"href":"https:\/\/www.kartes.lv\/lv\/wp-json\/wp\/v2\/media?parent=3838"}],"wp:term":[{"taxonomy":"product_brand","embeddable":true,"href":"https:\/\/www.kartes.lv\/lv\/wp-json\/wp\/v2\/product_brand?post=3838"},{"taxonomy":"product_cat","embeddable":true,"href":"https:\/\/www.kartes.lv\/lv\/wp-json\/wp\/v2\/product_cat?post=3838"},{"taxonomy":"product_tag","embeddable":true,"href":"https:\/\/www.kartes.lv\/lv\/wp-json\/wp\/v2\/product_tag?post=3838"}],"curies":[{"name":"wp","href":"https:\/\/api.w.org\/{rel}","templated":true}]}}