{"id":3844,"date":"2016-10-28T11:18:28","date_gmt":"2016-10-28T08:18:28","guid":{"rendered":"http:\/\/wp4.kartes.lv\/lv\/product\/latvijas-dzivnieki-un-augi-galda-paliktnis\/"},"modified":"2026-03-02T10:16:56","modified_gmt":"2026-03-02T08:16:56","slug":"latvijas-dzivnieki-un-augi-galda-paliktnis-plastikata","status":"publish","type":"product","link":"https:\/\/www.kartes.lv\/lv\/product\/latvijas-dzivnieki-un-augi-galda-paliktnis-plastikata\/","title":{"rendered":"Latvijas dz\u012bvnieki un augi. Galda paliktnis"},"content":{"rendered":"<p>Plastik\u0101ta galda paliktnis ar Latvijas dz\u012bvajai dabai velt\u012btu karti.<\/p>\n<p>M\u0101kslinieces Agijas Stakas-Jansones ilustr\u0113t\u0101 karte iepaz\u012bstina ar Latvijas dz\u012bvniekiem, augiem un iev\u0113rojam\u0101kajiem dabas pieminek\u013ciem. Karti papildina tabula, kur\u0101 sniegta inform\u0101cija par dz\u012bv\u0101s dabas daudzveid\u012bbu Latvij\u0101 un dz\u012bvnieku valsts ekstr\u0113miem.<\/p>","protected":false},"excerpt":{"rendered":"<p>Pirmizdevums!<br \/>\nPlastik\u0101ta galda paliktnis ar Latvijas dz\u012bvajai dabai velt\u012btu karti.<\/p>\n<p>Izm\u0113rs: 59 cm x 40 cm<br \/>\nM\u0101ksliniece: Agija Staka-Jansone<\/p>\n<p>EAN: 9789984076409<\/p>\n<p>&nbsp;<\/p>\n<p>&nbsp;<\/p>\n","protected":false},"featured_media":21596,"comment_status":"closed","ping_status":"closed","template":"","meta":[],"product_brand":[],"product_cat":[113],"product_tag":[],"class_list":{"0":"post-3844","1":"product","2":"type-product","3":"status-publish","4":"has-post-thumbnail","6":"product_cat-skoleniem","8":"first","9":"instock","10":"taxable","11":"shipping-taxable","12":"purchasable","13":"product-type-simple"},"_links":{"self":[{"href":"https:\/\/www.kartes.lv\/lv\/wp-json\/wp\/v2\/product\/3844","targetHints":{"allow":["GET"]}}],"collection":[{"href":"https:\/\/www.kartes.lv\/lv\/wp-json\/wp\/v2\/product"}],"about":[{"href":"https:\/\/www.kartes.lv\/lv\/wp-json\/wp\/v2\/types\/product"}],"replies":[{"embeddable":true,"href":"https:\/\/www.kartes.lv\/lv\/wp-json\/wp\/v2\/comments?post=3844"}],"wp:featuredmedia":[{"embeddable":true,"href":"https:\/\/www.kartes.lv\/lv\/wp-json\/wp\/v2\/media\/21596"}],"wp:attachment":[{"href":"https:\/\/www.kartes.lv\/lv\/wp-json\/wp\/v2\/media?parent=3844"}],"wp:term":[{"taxonomy":"product_brand","embeddable":true,"href":"https:\/\/www.kartes.lv\/lv\/wp-json\/wp\/v2\/product_brand?post=3844"},{"taxonomy":"product_cat","embeddable":true,"href":"https:\/\/www.kartes.lv\/lv\/wp-json\/wp\/v2\/product_cat?post=3844"},{"taxonomy":"product_tag","embeddable":true,"href":"https:\/\/www.kartes.lv\/lv\/wp-json\/wp\/v2\/product_tag?post=3844"}],"curies":[{"name":"wp","href":"https:\/\/api.w.org\/{rel}","templated":true}]}}