{"id":3847,"date":"2016-10-28T11:18:29","date_gmt":"2016-10-28T08:18:29","guid":{"rendered":"http:\/\/wp4.kartes.lv\/lv\/product\/puzle-latvijas-daba\/"},"modified":"2026-03-23T10:59:56","modified_gmt":"2026-03-23T08:59:56","slug":"puzle-latvijas-daba","status":"publish","type":"product","link":"https:\/\/www.kartes.lv\/lv\/product\/puzle-latvijas-daba\/","title":{"rendered":"Latvijas daba. Puzle b\u0113rniem"},"content":{"rendered":"<p>M\u0101kslinieces Agijas Stakas-Jansones ilustr\u0113t\u0101 karte iepaz\u012bstina ar Latvijas dz\u012bvniekiem, augiem un iev\u0113rojam\u0101kajiem dabas pieminek\u013ciem.<\/p>\n<p>Puzl\u0113 att\u0113loti ar\u012b Latvijas v\u0113sturiskie novadi ar to \u0123erbo\u0146iem, par\u0101d\u012btas liel\u0101k\u0101s pils\u0113tas, upes un ezeri un sniegta inform\u0101cija par dz\u012bv\u0101s dabas daudzveid\u012bbu Latvij\u0101 un dz\u012bvnieku valsts ekstr\u0113miem.<\/p>","protected":false},"excerpt":{"rendered":"<p>Ilustr\u0101ciju autore: Agija Staka<\/p>\n<p>100 gabali\u0146i<br \/>\nSaliktas puzles izm\u0113rs 41 x 27,5 cm<br \/>\nKastes izm\u0113rs 28,5 x 19 x 4 cm<br \/>\nPiem\u0113rota no 4 gadu vecuma<\/p>\n<p>EAN: 9789984076447<\/p>\n","protected":false},"featured_media":20381,"comment_status":"closed","ping_status":"closed","template":"","meta":[],"product_brand":[],"product_cat":[15,86],"product_tag":[],"class_list":{"0":"post-3847","1":"product","2":"type-product","3":"status-publish","4":"has-post-thumbnail","6":"product_cat-puzles-speles","7":"product_cat-davanas","9":"first","10":"instock","11":"taxable","12":"shipping-taxable","13":"purchasable","14":"product-type-simple"},"_links":{"self":[{"href":"https:\/\/www.kartes.lv\/lv\/wp-json\/wp\/v2\/product\/3847","targetHints":{"allow":["GET"]}}],"collection":[{"href":"https:\/\/www.kartes.lv\/lv\/wp-json\/wp\/v2\/product"}],"about":[{"href":"https:\/\/www.kartes.lv\/lv\/wp-json\/wp\/v2\/types\/product"}],"replies":[{"embeddable":true,"href":"https:\/\/www.kartes.lv\/lv\/wp-json\/wp\/v2\/comments?post=3847"}],"wp:featuredmedia":[{"embeddable":true,"href":"https:\/\/www.kartes.lv\/lv\/wp-json\/wp\/v2\/media\/20381"}],"wp:attachment":[{"href":"https:\/\/www.kartes.lv\/lv\/wp-json\/wp\/v2\/media?parent=3847"}],"wp:term":[{"taxonomy":"product_brand","embeddable":true,"href":"https:\/\/www.kartes.lv\/lv\/wp-json\/wp\/v2\/product_brand?post=3847"},{"taxonomy":"product_cat","embeddable":true,"href":"https:\/\/www.kartes.lv\/lv\/wp-json\/wp\/v2\/product_cat?post=3847"},{"taxonomy":"product_tag","embeddable":true,"href":"https:\/\/www.kartes.lv\/lv\/wp-json\/wp\/v2\/product_tag?post=3847"}],"curies":[{"name":"wp","href":"https:\/\/api.w.org\/{rel}","templated":true}]}}