{"id":3855,"date":"2016-10-28T11:18:30","date_gmt":"2016-10-28T08:18:30","guid":{"rendered":"http:\/\/wp4.kartes.lv\/lv\/product\/puzle-lietuvas-daba\/"},"modified":"2025-12-04T10:39:07","modified_gmt":"2025-12-04T08:39:07","slug":"puzle-lietuvas-daba","status":"publish","type":"product","link":"https:\/\/www.kartes.lv\/lv\/product\/puzle-lietuvas-daba\/","title":{"rendered":"Lietuvas daba. Puzle b\u0113rniem (lietuvie\u0161u valod\u0101)"},"content":{"rendered":"<p>M\u0101kslinieces Agijas Stakas-Jansones ilustr\u0113t\u0101 karte iepaz\u012bstina ar Lietuvas dz\u012bvniekiem un augiem.<\/p>\n<p>Puzl\u0113 att\u0113loti visi Lietuvas novadi un liel\u0101k\u0101s pils\u0113tas, upes un ezeri. Sniegta inform\u0101cija par dz\u012bv\u0101s dabas daudzveid\u012bbu un dz\u012bvnieku valsts ekstr\u0113miem.<\/p>\n<p>&nbsp;<\/p>","protected":false},"excerpt":{"rendered":"<p><strong>Lietuvie\u0161u valod\u0101<\/strong><\/p>\n<p>100 gabali\u0146i<br \/>\nSaliktas puzles izm\u0113rs 41 x 27,5 cm<br \/>\nKastes izm\u0113rs 28,5 x 19 x 4 cm<br \/>\nPiem\u0113rota no 4 gadu vecuma<\/p>\n<p>EAN: 9789984076539<\/p>\n","protected":false},"featured_media":20378,"comment_status":"closed","ping_status":"closed","template":"","meta":[],"product_brand":[],"product_cat":[15],"product_tag":[],"class_list":{"0":"post-3855","1":"product","2":"type-product","3":"status-publish","4":"has-post-thumbnail","6":"product_cat-puzles-speles","8":"first","9":"instock","10":"taxable","11":"shipping-taxable","12":"purchasable","13":"product-type-simple"},"_links":{"self":[{"href":"https:\/\/www.kartes.lv\/lv\/wp-json\/wp\/v2\/product\/3855","targetHints":{"allow":["GET"]}}],"collection":[{"href":"https:\/\/www.kartes.lv\/lv\/wp-json\/wp\/v2\/product"}],"about":[{"href":"https:\/\/www.kartes.lv\/lv\/wp-json\/wp\/v2\/types\/product"}],"replies":[{"embeddable":true,"href":"https:\/\/www.kartes.lv\/lv\/wp-json\/wp\/v2\/comments?post=3855"}],"wp:featuredmedia":[{"embeddable":true,"href":"https:\/\/www.kartes.lv\/lv\/wp-json\/wp\/v2\/media\/20378"}],"wp:attachment":[{"href":"https:\/\/www.kartes.lv\/lv\/wp-json\/wp\/v2\/media?parent=3855"}],"wp:term":[{"taxonomy":"product_brand","embeddable":true,"href":"https:\/\/www.kartes.lv\/lv\/wp-json\/wp\/v2\/product_brand?post=3855"},{"taxonomy":"product_cat","embeddable":true,"href":"https:\/\/www.kartes.lv\/lv\/wp-json\/wp\/v2\/product_cat?post=3855"},{"taxonomy":"product_tag","embeddable":true,"href":"https:\/\/www.kartes.lv\/lv\/wp-json\/wp\/v2\/product_tag?post=3855"}],"curies":[{"name":"wp","href":"https:\/\/api.w.org\/{rel}","templated":true}]}}