{"id":3963,"date":"2016-10-28T11:19:12","date_gmt":"2016-10-28T09:19:12","guid":{"rendered":"http:\/\/wp4.kartes.lv\/lv\/product\/kraslavas-novads-aglonas-dagdas-novads\/"},"modified":"2026-03-02T13:18:15","modified_gmt":"2026-03-02T11:18:15","slug":"kraslavas-novads-aglonas-dagdas-novads","status":"publish","type":"product","link":"https:\/\/www.kartes.lv\/lv\/product\/kraslavas-novads-aglonas-dagdas-novads\/","title":{"rendered":"Kr\u0101slavas novads. Aglonas, Dagdas novads"},"content":{"rendered":"<p><!--StartFragment --><\/p>\n<p class=\"pf0\"><span class=\"cf0\">Viena no galvenaj\u0101m \u0161\u012bs kar\u0161u s\u0113rijas iez\u012bm\u0113m \u2013 ir att\u0113loti vair\u0101ki b\u016btiski inform\u0101cijas sl\u0101\u0146i, kas lieliski noder\u0113s, lietojot karti apvid\u016b: reljefs, me\u017ea stigas, ma\u0123istr\u0101l\u0101s elektrol\u012bnijas. <\/span><!--EndFragment --><\/p>\n<p>Karte izdota sadarb\u012bb\u0101 ar Mammadaba.<\/p>","protected":false},"excerpt":{"rendered":"<p>S\u0113rija &#8220;Latvijas novadi&#8221;<\/p>\n<p>2015.gada izdevums<br \/>\nM\u0113rogs 1:75 000<br \/>\nAglona. Dagda. Kr\u0101slava m\u0113rog\u0101 1:20 000<br \/>\nIzm\u0113rs 87,5 x 57 cm \/ 12,5 x 23 cm loc\u012bta<\/p>\n<p>EAN: 9789984076614<\/p>\n","protected":false},"featured_media":5689,"comment_status":"closed","ping_status":"closed","template":"","meta":[],"product_brand":[],"product_cat":[7,10,129],"product_tag":[],"class_list":{"0":"post-3963","1":"product","2":"type-product","3":"status-publish","4":"has-post-thumbnail","6":"product_cat-kartes-atlanti-celvezi","7":"product_cat-celu-kartes-atlanti","8":"product_cat-akcija","10":"first","11":"instock","12":"sale","13":"taxable","14":"shipping-taxable","15":"purchasable","16":"product-type-simple"},"_links":{"self":[{"href":"https:\/\/www.kartes.lv\/lv\/wp-json\/wp\/v2\/product\/3963","targetHints":{"allow":["GET"]}}],"collection":[{"href":"https:\/\/www.kartes.lv\/lv\/wp-json\/wp\/v2\/product"}],"about":[{"href":"https:\/\/www.kartes.lv\/lv\/wp-json\/wp\/v2\/types\/product"}],"replies":[{"embeddable":true,"href":"https:\/\/www.kartes.lv\/lv\/wp-json\/wp\/v2\/comments?post=3963"}],"wp:featuredmedia":[{"embeddable":true,"href":"https:\/\/www.kartes.lv\/lv\/wp-json\/wp\/v2\/media\/5689"}],"wp:attachment":[{"href":"https:\/\/www.kartes.lv\/lv\/wp-json\/wp\/v2\/media?parent=3963"}],"wp:term":[{"taxonomy":"product_brand","embeddable":true,"href":"https:\/\/www.kartes.lv\/lv\/wp-json\/wp\/v2\/product_brand?post=3963"},{"taxonomy":"product_cat","embeddable":true,"href":"https:\/\/www.kartes.lv\/lv\/wp-json\/wp\/v2\/product_cat?post=3963"},{"taxonomy":"product_tag","embeddable":true,"href":"https:\/\/www.kartes.lv\/lv\/wp-json\/wp\/v2\/product_tag?post=3963"}],"curies":[{"name":"wp","href":"https:\/\/api.w.org\/{rel}","templated":true}]}}